{"id":992,"date":"2017-02-17T15:18:33","date_gmt":"2017-02-17T14:18:33","guid":{"rendered":"https:\/\/www.escrime-cde92.fr\/?page_id=992"},"modified":"2023-10-23T12:09:46","modified_gmt":"2023-10-23T10:09:46","slug":"creif","status":"publish","type":"page","link":"https:\/\/www.escrime-cde92.fr\/?page_id=992","title":{"rendered":"G\u00e9n\u00e9ralit\u00e9s"},"content":{"rendered":"<p><span style=\"color: #000080;\">Tous les clubs affili\u00e9s au Comit\u00e9 D\u00e9partemental d&rsquo;Escrime des Hauts-de-Seine peuvent faire une demande d&rsquo;aide financi\u00e8re au Comit\u00e9 R\u00e9gional d&rsquo;Escrime d&rsquo;Ile-de-France.<\/span><\/p>\n<p><span style=\"color: #000080;\">Ces dossiers doivent obligatoirement \u00eatre pr\u00e9alablement envoy\u00e9s au CDE92 qui les validera, et les d\u00e9posera au CREIF.<a href=\"https:\/\/www.escrime-cde92.fr\/wp-content\/uploads\/2017\/02\/new-logo-CREIF.jpg\"><img loading=\"lazy\" decoding=\"async\" class=\"size-full wp-image-1450 alignright\" src=\"https:\/\/www.escrime-cde92.fr\/wp-content\/uploads\/2017\/02\/new-logo-CREIF.jpg\" alt=\"\" width=\"339\" height=\"382\" \/><\/a><\/span><\/p>\n<p><span style=\"color: #000080;\">En g\u00e9n\u00e9ral il existe 4 th\u00e8mes:<\/span><\/p>\n<ol>\n<li><span style=\"color: #000080;\">Aide\u00a0au d\u00e9veloppement de la pratique en faveur des jeunes<\/span><\/li>\n<li><span style=\"color: #000080;\">Aide au d\u00e9veloppement de la pratique de l&rsquo;escrime handisport<\/span><\/li>\n<li><span style=\"color: #000080;\">Aide au d\u00e9veloppement de la pratique de l&rsquo;escrime artistique<\/span><\/li>\n<li><span style=\"color: #000080;\">Formations des \u00e9quipes dirigeantes<\/span><\/li>\n<\/ol>\n<p><span style=\"color: #000080;\"><span style=\"text-decoration: underline;\">ATTENTION<\/span>:<\/span><br \/>\n<span style=\"color: #000080;\">A bien lire, pr\u00e9alablement, la note explicative afin que toutes vos demandes puissent \u00eatre \u00e9tudi\u00e9es par le CREIF;<br \/>\nA \u00e9tablir une fiche diff\u00e9rente pour chaque type d&rsquo;action demand\u00e9e;<br \/>\nA joindre imp\u00e9rativement: soit une facture acquitt\u00e9e dat\u00e9e imp\u00e9rativement de l&rsquo;ann\u00e9e civile en cours, soit un devis pour les actions du dernier trimestre de l&rsquo;ann\u00e9e civile.<\/span><\/p>\n<p>&nbsp;<\/p>\n<p><em><span style=\"font-family: 'comic sans ms', sans-serif;\"><strong><u>Annexe CREIF<\/u>: \u00a0\u00a0<\/strong><strong>Note explicative et technique des exclusions<\/strong><\/span><\/em><\/p>\n<p><em><span style=\"font-family: 'comic sans ms', sans-serif;\">Afin d\u2019\u00e9viter des erreurs qui provoquent une surcharge importante de travail inutile pour tous et ralentissent consid\u00e9rablement le travail de la Commission d\u2019attribution des subventions du CREIF, cette note annexe a pour but de pr\u00e9ciser clairement \u2013 en donnant des exemples pr\u00e9cis \u2013 <strong>ce qui n\u2019entre pas dans le champ des actions subventionn\u00e9es <\/strong>et impos\u00e9es par les pouvoirs publics.<\/span><\/em><\/p>\n<p><em><span style=\"font-family: 'comic sans ms', sans-serif;\">L\u2019application stricte de ces recommandations devrait ainsi \u00e9viter des d\u00e9ceptions lors du rejet des dossiers non conformes ou n\u2019entrant pas dans les crit\u00e8res fix\u00e9s.<\/span><\/em><\/p>\n<p><em><span style=\"font-family: 'comic sans ms', sans-serif;\"><strong>Voici \u00e0 titre d\u2019exemples de <u>ce qui n\u2019entre pas dans le champ des subventions du CREIF<\/u>\u00a0:<\/strong><\/span><\/em><\/p>\n<ul>\n<li><em><span style=\"font-family: 'comic sans ms', sans-serif;\">les \u00e9l\u00e9ments de salaire et charges sociales des enseignants et\/ou des intervenants, quels qu\u2019ils soient (des dispositifs d\u2019aides \u00e0 la cr\u00e9ation d\u2019emploi existent de par ailleurs)\u00a0;<\/span><\/em><\/li>\n<li><em><span style=\"font-family: 'comic sans ms', sans-serif;\">l\u2019absence de facture correspondant <strong><u>exactement<\/u><\/strong> \u00e0 l\u2019action d\u00e9crite dans la demande, les factures illisibles, les factures anonymes sans identifiant\u00a0;<\/span><\/em><\/li>\n<li><em><span style=\"font-family: 'comic sans ms', sans-serif;\">la production de facture d\u2019un autre mill\u00e9sime que l\u2019ann\u00e9e de r\u00e9f\u00e9rence indiqu\u00e9e (uniquement l\u2019ann\u00e9e civile <strong>2016<\/strong>)\u00a0;<\/span><\/em><\/li>\n<li><em><span style=\"font-family: 'comic sans ms', sans-serif;\">le m\u00e9lange de plusieurs actions diff\u00e9rentes (th\u00e8mes) sur une m\u00eame fiche\u00a0;<\/span><\/em><\/li>\n<li><em><span style=\"font-family: 'comic sans ms', sans-serif;\">les achats de mat\u00e9riel \u00e0 titre individuel (ex. facture \u00e0 l\u2019unit\u00e9)\u00a0;<\/span><\/em><\/li>\n<li><em><span style=\"font-family: 'comic sans ms', sans-serif;\">les fournitures alimentaires et\/ou de buvette\u00a0;<\/span><\/em><\/li>\n<li><em><span style=\"font-family: 'comic sans ms', sans-serif;\">le remboursement de frais de d\u00e9placement pour des comp\u00e9titions (h\u00f4tel, transport, restaurant),<\/span><\/em><\/li>\n<li><em><span style=\"font-family: 'comic sans ms', sans-serif;\">le mat\u00e9riel FIE<\/span><\/em><\/li>\n<li><em><span style=\"font-family: 'comic sans ms', sans-serif;\">l\u2019achat de petit mat\u00e9riel, et de mat\u00e9riel de r\u00e9paration (ex. entres autres\u00a0: t\u00eate de pointe, tournevis, \u00e9crous, fils contact, colle, etc\u2026)<\/span><\/em><\/li>\n<li><em><span style=\"font-family: 'comic sans ms', sans-serif;\">l\u2019achat de petits accessoires (ex. entres autres\u00a0: bonbons, perruque, ticket de RER\/M\u00e9tro, chaussettes, r\u00e9parations, etc\u2026),<\/span><\/em><\/li>\n<li><em><span style=\"font-family: 'comic sans ms', sans-serif;\">la production d\u2019un devis au lieu d\u2019une facture acquitt\u00e9e (sauf pour les derni\u00e8res actions de l\u2019ann\u00e9e en cours de r\u00e9alisation\u00a0: dans ce cas uniquement un devis dat\u00e9 de septembre 2016 pourra \u00eatre accept\u00e9 \u00e0 condition que la facture correspondante soit envoy\u00e9e au plus tard le 31 janvier 2017);<\/span><\/em><\/li>\n<li><em><span style=\"font-family: 'comic sans ms', sans-serif;\">les lots offerts par les organisateurs lors des comp\u00e9titions\u00a0;<\/span><\/em><\/li>\n<li><em><span style=\"font-family: 'comic sans ms', sans-serif;\">les frais m\u00e9dicaux\u00a0;<\/span><\/em><\/li>\n<li><em>etc.<\/em><\/li>\n<\/ul>\n","protected":false},"excerpt":{"rendered":"<p>Tous les clubs affili\u00e9s au Comit\u00e9 D\u00e9partemental d&rsquo;Escrime des Hauts-de-Seine peuvent faire une demande d&rsquo;aide financi\u00e8re au Comit\u00e9 R\u00e9gional d&rsquo;Escrime d&rsquo;Ile-de-France. Ces dossiers doivent obligatoirement \u00eatre pr\u00e9alablement envoy\u00e9s au CDE92 qui les validera, et les d\u00e9posera au CREIF. En g\u00e9n\u00e9ral il existe 4 th\u00e8mes: Aide\u00a0au d\u00e9veloppement de la pratique en faveur des jeunes Aide au &#8230; <a title=\"G\u00e9n\u00e9ralit\u00e9s\" class=\"read-more\" href=\"https:\/\/www.escrime-cde92.fr\/?page_id=992\" aria-label=\"En savoir plus sur G\u00e9n\u00e9ralit\u00e9s\">Lire la suite<\/a><\/p>\n","protected":false},"author":1,"featured_media":0,"parent":0,"menu_order":0,"comment_status":"closed","ping_status":"closed","template":"","meta":{"footnotes":""},"categories":[26],"class_list":{"0":"post-992","1":"page","2":"type-page","3":"status-publish","5":"category-vie-des-clubs"},"_links":{"self":[{"href":"https:\/\/www.escrime-cde92.fr\/index.php?rest_route=\/wp\/v2\/pages\/992","targetHints":{"allow":["GET"]}}],"collection":[{"href":"https:\/\/www.escrime-cde92.fr\/index.php?rest_route=\/wp\/v2\/pages"}],"about":[{"href":"https:\/\/www.escrime-cde92.fr\/index.php?rest_route=\/wp\/v2\/types\/page"}],"author":[{"embeddable":true,"href":"https:\/\/www.escrime-cde92.fr\/index.php?rest_route=\/wp\/v2\/users\/1"}],"replies":[{"embeddable":true,"href":"https:\/\/www.escrime-cde92.fr\/index.php?rest_route=%2Fwp%2Fv2%2Fcomments&post=992"}],"version-history":[{"count":9,"href":"https:\/\/www.escrime-cde92.fr\/index.php?rest_route=\/wp\/v2\/pages\/992\/revisions"}],"predecessor-version":[{"id":4799,"href":"https:\/\/www.escrime-cde92.fr\/index.php?rest_route=\/wp\/v2\/pages\/992\/revisions\/4799"}],"wp:attachment":[{"href":"https:\/\/www.escrime-cde92.fr\/index.php?rest_route=%2Fwp%2Fv2%2Fmedia&parent=992"}],"wp:term":[{"taxonomy":"category","embeddable":true,"href":"https:\/\/www.escrime-cde92.fr\/index.php?rest_route=%2Fwp%2Fv2%2Fcategories&post=992"}],"curies":[{"name":"wp","href":"https:\/\/api.w.org\/{rel}","templated":true}]}}