{"id":928,"date":"2017-02-17T11:54:00","date_gmt":"2017-02-17T10:54:00","guid":{"rendered":"https:\/\/www.escrime-cde92.fr\/?page_id=928"},"modified":"2018-09-06T12:31:09","modified_gmt":"2018-09-06T10:31:09","slug":"les-scolaires","status":"publish","type":"page","link":"https:\/\/www.escrime-cde92.fr\/?page_id=928","title":{"rendered":"Les scolaires"},"content":{"rendered":"<p><span style=\"font-size: 14pt;\"><strong>Ces actions contribuent \u00e0 augmenter le nombre de pratiquants et donc amener de nouveaux licenci\u00e9s dans nos clubs.<\/strong><\/span><\/p>\n<figure id=\"attachment_1108\" aria-describedby=\"caption-attachment-1108\" style=\"width: 140px\" class=\"wp-caption alignright\"><a href=\"https:\/\/www.escrime-cde92.fr\/wp-content\/uploads\/2017\/02\/kit-escrime.jpg\"><img loading=\"lazy\" decoding=\"async\" class=\"wp-image-1108 size-thumbnail\" src=\"https:\/\/www.escrime-cde92.fr\/wp-content\/uploads\/2017\/02\/kit-escrime-150x150.jpg\" width=\"150\" height=\"150\" \/><\/a><figcaption id=\"caption-attachment-1108\" class=\"wp-caption-text\">Kit-Escrime<\/figcaption><\/figure>\n<p><span style=\"color: #000080;\"><strong>PROMOTION EN MILIEU SCOLAIRE ET P\u00c9RI-SCOLAIRE<\/strong><\/span><\/p>\n<p>Le kit-escrime est un mat\u00e9riel d\u2019initiation \u00e0 l\u2019escrime ne n\u00e9cessitant pas d\u2019\u00eatre un ma\u00eetre d\u2019armes dipl\u00f4m\u00e9 pour \u00eatre utilis\u00e9.<br \/>\nLe comit\u00e9 met ses kits-escrime \u00e0 disposition des enseignants, facilitant la mise en place de l\u2019activit\u00e9 dans leur \u00e9cole.<br \/>\nLes kits-escrime sont \u00e9galement disponi<span style=\"color: #000080;\"><a href=\"https:\/\/www.escrime-cde92.fr\/wp-content\/uploads\/2017\/02\/initiation-escrime.jpg\"><img loading=\"lazy\" decoding=\"async\" class=\"size-thumbnail wp-image-1113 alignleft\" src=\"https:\/\/www.escrime-cde92.fr\/wp-content\/uploads\/2017\/02\/initiation-escrime-150x150.jpg\" alt=\"\" width=\"150\" height=\"150\" \/><\/a><\/span>bles pendant les vacances scolaires afin que les centres de loisirs ou les \u00e9coles municipales des sports puissent proposer l\u2019escrime <span style=\"color: #000080;\"><a href=\"https:\/\/www.escrime-cde92.fr\/wp-content\/uploads\/2017\/02\/scolaires.jpg\"><img loading=\"lazy\" decoding=\"async\" class=\"size-thumbnail wp-image-1412 alignright\" src=\"https:\/\/www.escrime-cde92.fr\/wp-content\/uploads\/2017\/02\/scolaires-150x150.jpg\" alt=\"\" width=\"150\" height=\"150\" \/><\/a> <\/span>aux enfants de leur ville.<br \/>\nCe mat\u00e9riel permet \u00e9galement la promotion de notre sport lors des forums des associations ou des f\u00eates des villes dans les Hauts-de-Seine<span style=\"color: #000080;\">.<\/span><\/p>\n<p>&nbsp;<\/p>\n<p><span style=\"color: #000080;\"><strong>FORMATION DES ENSEIGNANTS<\/strong><\/span><\/p>\n<p>Le Comit\u00e9, en association avec la Ligue, propose des temps de formation pour les enseignants, les \u00e9ducateurs\u00a0 sportifs (ETAPS), les conseillers p\u00e9dagogiques de circonscription de l\u2019Education Nationale. \u00a0L&rsquo;objectif est de faire conna\u00eetre et proposer l\u2019escrime dans un maximum de d\u2019\u00e9tablissements scolaires.<\/p>\n<table>\n<tbody>\n<tr>\n<td><a href=\"https:\/\/www.escrime-cde92.fr\/wp-content\/uploads\/2017\/02\/Formation-2.jpg\"><img loading=\"lazy\" decoding=\"async\" class=\"size-thumbnail wp-image-1410 aligncenter\" src=\"https:\/\/www.escrime-cde92.fr\/wp-content\/uploads\/2017\/02\/Formation-2-150x150.jpg\" alt=\"\" width=\"150\" height=\"150\" \/><\/a><\/td>\n<td><a href=\"https:\/\/www.escrime-cde92.fr\/wp-content\/uploads\/2017\/02\/Formation-3.jpg\"><img loading=\"lazy\" decoding=\"async\" class=\"size-thumbnail wp-image-1411 aligncenter\" src=\"https:\/\/www.escrime-cde92.fr\/wp-content\/uploads\/2017\/02\/Formation-3-150x150.jpg\" alt=\"\" width=\"150\" height=\"150\" \/><\/a><\/td>\n<td><a href=\"https:\/\/www.escrime-cde92.fr\/wp-content\/uploads\/2017\/02\/Formation-1.jpg\"><img loading=\"lazy\" decoding=\"async\" class=\"size-thumbnail wp-image-1409 aligncenter\" src=\"https:\/\/www.escrime-cde92.fr\/wp-content\/uploads\/2017\/02\/Formation-1-150x150.jpg\" alt=\"\" width=\"150\" height=\"150\" \/><\/a><\/td>\n<\/tr>\n<\/tbody>\n<\/table>\n<p class=\"alignnone\">\u00a0<span style=\"color: #000080;\"><strong>JOURN\u00c9ES DU SPORT SCOLAIRE<\/strong><\/span><\/p>\n<p>Depuis trois ans, l\u2019USEP 92 et le comit\u00e9 sont en contact pour d\u00e9velopper un partenariat.<\/p>\n<p>Cela a abouti \u00e0 la participation du comit\u00e9 aux journ\u00e9es du sport scolaire au cours des rentr\u00e9es scolaires de septembre. L\u2019objectif est de faire d\u00e9couvrir notre activit\u00e9 aux \u00e9l\u00e8ves des \u00e9coles primaires venus de tout le territoire des Hauts-de-Seine.<\/p>\n<p>Ce sont pr\u00e8s de 750 enfants qui peuvent s\u2019initier \u00e0 l\u2019escrime pendant ces journ\u00e9es; public qui pourra ensuite venir franchir les portes de vos clubs.<\/p>\n<table style=\"width: 738px;\">\n<tbody>\n<tr style=\"height: 164px;\">\n<td style=\"height: 164px; width: 228px;\"><a href=\"https:\/\/www.escrime-cde92.fr\/wp-content\/uploads\/2017\/02\/sport-scolaire-1.jpg\"><img loading=\"lazy\" decoding=\"async\" class=\"size-thumbnail wp-image-1418 aligncenter\" src=\"https:\/\/www.escrime-cde92.fr\/wp-content\/uploads\/2017\/02\/sport-scolaire-1-150x150.jpg\" alt=\"\" width=\"150\" height=\"150\" \/><\/a><\/td>\n<td style=\"height: 164px; width: 228.8px;\"><a href=\"https:\/\/www.escrime-cde92.fr\/wp-content\/uploads\/2017\/02\/usep.jpg\"><img loading=\"lazy\" decoding=\"async\" class=\" wp-image-1416 aligncenter\" src=\"https:\/\/www.escrime-cde92.fr\/wp-content\/uploads\/2017\/02\/usep.jpg\" alt=\"\" width=\"177\" height=\"122\" \/><\/a><\/td>\n<td style=\"height: 164px; width: 227.2px;\"><a href=\"https:\/\/www.escrime-cde92.fr\/wp-content\/uploads\/2017\/02\/sport-scolaire-2.jpg\"><img loading=\"lazy\" decoding=\"async\" class=\"size-thumbnail wp-image-1419 aligncenter\" src=\"https:\/\/www.escrime-cde92.fr\/wp-content\/uploads\/2017\/02\/sport-scolaire-2-150x150.jpg\" alt=\"\" width=\"150\" height=\"150\" \/><\/a><\/td>\n<\/tr>\n<tr style=\"height: 135px;\">\n<td style=\"height: 135px; width: 228px;\"><a href=\"https:\/\/www.escrime-cde92.fr\/wp-content\/uploads\/2017\/02\/EN.jpg\"><img loading=\"lazy\" decoding=\"async\" class=\"size-thumbnail wp-image-1417 aligncenter\" src=\"https:\/\/www.escrime-cde92.fr\/wp-content\/uploads\/2017\/02\/EN-144x150.jpg\" alt=\"\" width=\"144\" height=\"150\" \/><\/a><\/td>\n<td style=\"height: 135px; width: 228.8px;\"><a href=\"https:\/\/www.escrime-cde92.fr\/wp-content\/uploads\/2017\/02\/sport-scolaire-3.jpg\"><img loading=\"lazy\" decoding=\"async\" class=\"size-thumbnail wp-image-1415 aligncenter\" src=\"https:\/\/www.escrime-cde92.fr\/wp-content\/uploads\/2017\/02\/sport-scolaire-3-150x150.jpg\" alt=\"\" width=\"150\" height=\"150\" \/><\/a><\/td>\n<td style=\"height: 135px; width: 227.2px;\"><a href=\"https:\/\/www.escrime-cde92.fr\/wp-content\/uploads\/2017\/02\/sport-scolaire-4.jpg\"><img loading=\"lazy\" decoding=\"async\" class=\"size-thumbnail wp-image-1414 aligncenter\" src=\"https:\/\/www.escrime-cde92.fr\/wp-content\/uploads\/2017\/02\/sport-scolaire-4-150x150.jpg\" alt=\"\" width=\"150\" height=\"150\" \/><\/a><\/td>\n<\/tr>\n<\/tbody>\n<\/table>\n<p><span style=\"color: #000080;\"><strong>DISPOSITIF D&rsquo;ACCOMPAGNEMENT \u00c9DUCATIF (DAE)<\/strong><\/span><\/p>\n<p>En partenariat avec la Ligue et la DDCS , deux modules d\u2019accompagnement \u00e9ducatif ont \u00e9t\u00e9 mis en place au coll\u00e8ge Masaryk de Ch\u00e2tenay-Malabry, depuis septembre 2015.\u00a0 Ce dispositif permet \u00e0 des \u00e9l\u00e8ves de d\u00e9couvrir l\u2019escrime sur des cycles de plusieurs s\u00e9ances. Ces initiations se font au sabre.<\/p>\n","protected":false},"excerpt":{"rendered":"<p>Ces actions contribuent \u00e0 augmenter le nombre de pratiquants et donc amener de nouveaux licenci\u00e9s dans nos clubs. PROMOTION EN MILIEU SCOLAIRE ET P\u00c9RI-SCOLAIRE Le kit-escrime est un mat\u00e9riel d\u2019initiation \u00e0 l\u2019escrime ne n\u00e9cessitant pas d\u2019\u00eatre un ma\u00eetre d\u2019armes dipl\u00f4m\u00e9 pour \u00eatre utilis\u00e9. Le comit\u00e9 met ses kits-escrime \u00e0 disposition des enseignants, facilitant la mise &#8230; <a title=\"Les scolaires\" class=\"read-more\" href=\"https:\/\/www.escrime-cde92.fr\/?page_id=928\" aria-label=\"En savoir plus sur Les scolaires\">Lire la suite<\/a><\/p>\n","protected":false},"author":1,"featured_media":0,"parent":0,"menu_order":0,"comment_status":"closed","ping_status":"closed","template":"","meta":{"footnotes":""},"categories":[25],"class_list":{"0":"post-928","1":"page","2":"type-page","3":"status-publish","5":"category-nos-actions"},"_links":{"self":[{"href":"https:\/\/www.escrime-cde92.fr\/index.php?rest_route=\/wp\/v2\/pages\/928","targetHints":{"allow":["GET"]}}],"collection":[{"href":"https:\/\/www.escrime-cde92.fr\/index.php?rest_route=\/wp\/v2\/pages"}],"about":[{"href":"https:\/\/www.escrime-cde92.fr\/index.php?rest_route=\/wp\/v2\/types\/page"}],"author":[{"embeddable":true,"href":"https:\/\/www.escrime-cde92.fr\/index.php?rest_route=\/wp\/v2\/users\/1"}],"replies":[{"embeddable":true,"href":"https:\/\/www.escrime-cde92.fr\/index.php?rest_route=%2Fwp%2Fv2%2Fcomments&post=928"}],"version-history":[{"count":15,"href":"https:\/\/www.escrime-cde92.fr\/index.php?rest_route=\/wp\/v2\/pages\/928\/revisions"}],"predecessor-version":[{"id":2466,"href":"https:\/\/www.escrime-cde92.fr\/index.php?rest_route=\/wp\/v2\/pages\/928\/revisions\/2466"}],"wp:attachment":[{"href":"https:\/\/www.escrime-cde92.fr\/index.php?rest_route=%2Fwp%2Fv2%2Fmedia&parent=928"}],"wp:term":[{"taxonomy":"category","embeddable":true,"href":"https:\/\/www.escrime-cde92.fr\/index.php?rest_route=%2Fwp%2Fv2%2Fcategories&post=928"}],"curies":[{"name":"wp","href":"https:\/\/api.w.org\/{rel}","templated":true}]}}