{"id":919,"date":"2017-02-17T11:05:51","date_gmt":"2017-02-17T10:05:51","guid":{"rendered":"https:\/\/www.escrime-cde92.fr\/?page_id=919"},"modified":"2023-09-04T19:55:22","modified_gmt":"2023-09-04T17:55:22","slug":"pret-materiel","status":"publish","type":"page","link":"https:\/\/www.escrime-cde92.fr\/?page_id=919","title":{"rendered":"Pr\u00eat de Mat\u00e9riel"},"content":{"rendered":"<p><span style=\"color: #000080; font-size: 14pt;\">Le Comit\u00e9 D\u00e9partemental des Hauts-de-Seine poss\u00e8de 130 Kits Escrime \u00ab\u00a01\u00e8res touches\u00a0\u00bb et 24 pistes<\/span><\/p>\n<p><span style=\"color: #000080;\"><strong><span style=\"color: #0000ff; font-size: 14pt;\">Kits-Escrime<\/span><br \/>\n<\/strong>Ce mat\u00e9riel est exclusivement destin\u00e9 \u00e0 l\u2019initiation de l\u2019escrime en milieu scolaire.<\/span><br \/>\n<span style=\"color: #000080;\">Vous pouvez faire votre\u00a0demande de r\u00e9servation en retournant le formulaire ci-dessous par mail \u00e0 notre Assistant Technique D\u00e9partemental<\/span><br \/>\n<span style=\"color: #000080;\"><a style=\"color: #000080;\" href=\"mailto:atd@cd92.asso.fr?subject=Kits%20Escrime%20message%20via%20site%20CDE92\" data-cke-saved-href=\"mailto:atd@cd92.asso.fr?subject=Kits%20Escrime%20message%20via%20site%20CDE92\">atd@escrime-cde92.fr<\/a><\/span><\/p>\n<p><strong><span style=\"text-decoration: underline;\"><span style=\"font-family: tahoma, arial, helvetica, sans-serif;\"><a href=\"https:\/\/www.escrime-cde92.fr\/wp-content\/uploads\/2023\/04\/PRET-Kits-Escrime_Demande.pdf\" target=\"_blank\" rel=\"noopener\">Demande de Pr\u00eat de Kits \u00ab\u00a01\u00e8res Touches\u00a0\u00bb<\/a><\/span><\/span><\/strong><\/p>\n<p><span style=\"color: #000080;\">Apr\u00e8s accord, il vous faudra retourner \u00e0 l&rsquo;ATD la convention sign\u00e9e que vous pourrez t\u00e9l\u00e9charger ci-dessous<\/span><\/p>\n<p><span style=\"text-decoration: underline;\"><strong><a href=\"https:\/\/www.escrime-cde92.fr\/wp-content\/uploads\/2023\/04\/PRET-Kits-Escrime.pdf\" target=\"_blank\" rel=\"noopener\">Convention de Pr\u00eat de Kits \u00ab\u00a01\u00e8res Touches\u00a0\u00bb<\/a><\/strong><\/span><\/p>\n<p><span style=\"color: #000080;\"><span style=\"text-decoration: underline;\">Les kits seront attribu\u00e9s dans la limite des stocks disponibles<\/span>.<\/span><\/p>\n<p>&nbsp;<\/p>\n<p><span style=\"color: #000080;\"><strong><span style=\"font-size: 14pt; color: #0000ff;\">Nos pistes<\/span><br \/>\n<\/strong>Tout club d&rsquo;escrime affili\u00e9 au d\u00e9partement des Hauts-de-Seine, souhaitant emprunter les pistes du Comit\u00e9 D\u00e9partemental peut en faire la demande aupr\u00e8s de l&rsquo;ATD.<\/span><br \/>\n<span style=\"color: #000080;\">Il devra t\u00e9l\u00e9charger le\u00a0formulaire ci-dessous, le remplir et l&rsquo;envoyer \u00e0 l&rsquo;ATD<\/span><br \/>\n<span style=\"color: #000080;\"><a style=\"color: #000080;\" href=\"mailto:atd@cde92.asso.fr\" data-cke-saved-href=\"mailto:atd@cde92.asso.fr\">atd@escrime-cd92.fr<\/a><\/span><\/p>\n<p><span style=\"text-decoration: underline;\"><strong><span style=\"font-family: tahoma, arial, helvetica, sans-serif;\"><a href=\"https:\/\/www.escrime-cde92.fr\/wp-content\/uploads\/2017\/02\/PRET-PISTES.pdf\" target=\"_blank\" rel=\"noopener\">Demande de Pr\u00eat de pistes<\/a><\/span><\/strong><\/span><\/p>\n<p>&nbsp;<\/p>\n","protected":false},"excerpt":{"rendered":"<p>Le Comit\u00e9 D\u00e9partemental des Hauts-de-Seine poss\u00e8de 130 Kits Escrime \u00ab\u00a01\u00e8res touches\u00a0\u00bb et 24 pistes Kits-Escrime Ce mat\u00e9riel est exclusivement destin\u00e9 \u00e0 l\u2019initiation de l\u2019escrime en milieu scolaire. Vous pouvez faire votre\u00a0demande de r\u00e9servation en retournant le formulaire ci-dessous par mail \u00e0 notre Assistant Technique D\u00e9partemental atd@escrime-cde92.fr Demande de Pr\u00eat de Kits \u00ab\u00a01\u00e8res Touches\u00a0\u00bb Apr\u00e8s accord, &#8230; <a title=\"Pr\u00eat de Mat\u00e9riel\" class=\"read-more\" href=\"https:\/\/www.escrime-cde92.fr\/?page_id=919\" aria-label=\"En savoir plus sur Pr\u00eat de Mat\u00e9riel\">Lire la suite<\/a><\/p>\n","protected":false},"author":1,"featured_media":0,"parent":0,"menu_order":0,"comment_status":"closed","ping_status":"closed","template":"","meta":{"footnotes":""},"categories":[26],"class_list":{"0":"post-919","1":"page","2":"type-page","3":"status-publish","5":"category-vie-des-clubs"},"_links":{"self":[{"href":"https:\/\/www.escrime-cde92.fr\/index.php?rest_route=\/wp\/v2\/pages\/919","targetHints":{"allow":["GET"]}}],"collection":[{"href":"https:\/\/www.escrime-cde92.fr\/index.php?rest_route=\/wp\/v2\/pages"}],"about":[{"href":"https:\/\/www.escrime-cde92.fr\/index.php?rest_route=\/wp\/v2\/types\/page"}],"author":[{"embeddable":true,"href":"https:\/\/www.escrime-cde92.fr\/index.php?rest_route=\/wp\/v2\/users\/1"}],"replies":[{"embeddable":true,"href":"https:\/\/www.escrime-cde92.fr\/index.php?rest_route=%2Fwp%2Fv2%2Fcomments&post=919"}],"version-history":[{"count":12,"href":"https:\/\/www.escrime-cde92.fr\/index.php?rest_route=\/wp\/v2\/pages\/919\/revisions"}],"predecessor-version":[{"id":4635,"href":"https:\/\/www.escrime-cde92.fr\/index.php?rest_route=\/wp\/v2\/pages\/919\/revisions\/4635"}],"wp:attachment":[{"href":"https:\/\/www.escrime-cde92.fr\/index.php?rest_route=%2Fwp%2Fv2%2Fmedia&parent=919"}],"wp:term":[{"taxonomy":"category","embeddable":true,"href":"https:\/\/www.escrime-cde92.fr\/index.php?rest_route=%2Fwp%2Fv2%2Fcategories&post=919"}],"curies":[{"name":"wp","href":"https:\/\/api.w.org\/{rel}","templated":true}]}}