{"id":6,"date":"2016-11-20T18:08:32","date_gmt":"2016-11-20T17:08:32","guid":{"rendered":"http:\/\/www.escrime-cde92.fr\/?page_id=6"},"modified":"2024-08-22T12:35:19","modified_gmt":"2024-08-22T10:35:19","slug":"antony","status":"publish","type":"page","link":"https:\/\/www.escrime-cde92.fr\/?page_id=6","title":{"rendered":"Antony"},"content":{"rendered":"<div>\n<table style=\"width: 82.4396%;\" border=\"1\" cellspacing=\"1\" cellpadding=\"1\" align=\"center\">\n<tbody>\n<tr style=\"height: 133px;\">\n<td style=\"height: 133px; width: 35.2332%;\" width=\"200\"><img loading=\"lazy\" decoding=\"async\" class=\"size-full wp-image-7 aligncenter\" src=\"http:\/\/www.escrime-cde92.fr\/wp-content\/uploads\/2016\/11\/Antony_logo.jpg\" alt=\"Club d'Antony\" width=\"157\" height=\"84\" \/><\/td>\n<td style=\"height: 133px; width: 32.9879%;\"><span style=\"text-decoration: underline;\"><span style=\"color: #000080; text-decoration: underline;\">A<\/span><span style=\"color: #000080; text-decoration: underline;\">rmes pratiqu\u00e9es<\/span><\/span><span style=\"color: #000080;\">:<\/span><\/p>\n<p><span style=\"color: #000080;\"><b>FLEURET<br \/>\n<\/b><\/span><span style=\"color: #000080;\"><strong>\u00c9P\u00c9E<\/strong><\/span><\/td>\n<td style=\"height: 133px; width: 51.9143%;\">\n<div><span style=\"color: #000080;\"><span style=\"text-decoration: underline;\">Ma\u00eetres d&rsquo;Armes<\/span>:<\/span><\/div>\n<div><span style=\"color: #000080;\">David ROBINET<\/span><\/div>\n<div><span style=\"color: #000080;\">Tom VOLTZ<br \/>\nM\u00e9lanie BENEDETTO<br \/>\nGuy de LAMBALLERIE<\/span><br \/>\n<span style=\"color: #000080;\">L\u00e9o ANASTASSIOU<\/span><\/div>\n<\/td>\n<\/tr>\n<tr style=\"height: 168px;\">\n<td style=\"height: 168px; width: 35.2332%;\" width=\"200\"><span style=\"color: #000080;\"><span style=\"text-decoration: underline;\">Salle d&rsquo;armes<\/span>:<\/span><\/p>\n<p><span style=\"color: #000080;\">Complexe sportif Eric Tabarly<\/span><br \/>\n<span style=\"color: #000080;\"> rue de l&rsquo;Annapurna<\/span><br \/>\n<span style=\"color: #000080;\"> 92160 Antony<\/span><\/td>\n<td style=\"height: 168px; width: 32.9879%;\"><span style=\"color: #000080;\">Courriel :<br \/>\n<a href=\"mailto:antonysportescrime92@gmail.com\" target=\"_blank\" rel=\"noopener\">antonysportescrime92@gmail.com<\/a><\/span><\/p>\n<p><span style=\"color: #000080;\">SITE : <a href=\"http:\/\/www.antony-sports-escrime.com\" target=\"_blank\" rel=\"noopener\">www.antony-sports-escrime.com<\/a><\/span><\/p>\n<p><a href=\"https:\/\/www.facebook.com\/Antony-Sports-Escrime-287486411369866\/?fref=ts\" target=\"_blank\" rel=\"noopener\"><img loading=\"lazy\" decoding=\"async\" class=\"alignnone wp-image-834\" src=\"https:\/\/www.escrime-cde92.fr\/wp-content\/uploads\/2016\/11\/FB-fLogo-Blue-broadcast-2-150x150.png\" alt=\"\" width=\"32\" height=\"32\" srcset=\"https:\/\/www.escrime-cde92.fr\/wp-content\/uploads\/2016\/11\/FB-fLogo-Blue-broadcast-2-150x150.png 150w, https:\/\/www.escrime-cde92.fr\/wp-content\/uploads\/2016\/11\/FB-fLogo-Blue-broadcast-2.png 250w\" sizes=\"auto, (max-width: 32px) 100vw, 32px\" \/> Antony-Sports-Escrime<\/a><\/td>\n<td style=\"height: 168px; width: 51.9143%;\"><span style=\"color: #000080;\">Pr\u00e9sident: Vincent CIROTTEAU<\/span><\/p>\n<p><span style=\"color: #000080;\">Secr\u00e9taire: Isabelle MAILLARD<\/span><\/p>\n<p><span style=\"color: #000080;\">Tr\u00e9sori\u00e8re: C\u00e9line KERMARREC<\/span><\/td>\n<\/tr>\n<\/tbody>\n<\/table>\n<\/div>\n","protected":false},"excerpt":{"rendered":"<p>Armes pratiqu\u00e9es: FLEURET \u00c9P\u00c9E Ma\u00eetres d&rsquo;Armes: David ROBINET Tom VOLTZ M\u00e9lanie BENEDETTO Guy de LAMBALLERIE L\u00e9o ANASTASSIOU Salle d&rsquo;armes: Complexe sportif Eric Tabarly rue de l&rsquo;Annapurna 92160 Antony Courriel : antonysportescrime92@gmail.com SITE : www.antony-sports-escrime.com Antony-Sports-Escrime Pr\u00e9sident: Vincent CIROTTEAU Secr\u00e9taire: Isabelle MAILLARD Tr\u00e9sori\u00e8re: C\u00e9line KERMARREC<\/p>\n","protected":false},"author":1,"featured_media":0,"parent":0,"menu_order":0,"comment_status":"closed","ping_status":"closed","template":"","meta":{"footnotes":""},"categories":[3],"class_list":{"0":"post-6","1":"page","2":"type-page","3":"status-publish","5":"category-clubs92"},"_links":{"self":[{"href":"https:\/\/www.escrime-cde92.fr\/index.php?rest_route=\/wp\/v2\/pages\/6","targetHints":{"allow":["GET"]}}],"collection":[{"href":"https:\/\/www.escrime-cde92.fr\/index.php?rest_route=\/wp\/v2\/pages"}],"about":[{"href":"https:\/\/www.escrime-cde92.fr\/index.php?rest_route=\/wp\/v2\/types\/page"}],"author":[{"embeddable":true,"href":"https:\/\/www.escrime-cde92.fr\/index.php?rest_route=\/wp\/v2\/users\/1"}],"replies":[{"embeddable":true,"href":"https:\/\/www.escrime-cde92.fr\/index.php?rest_route=%2Fwp%2Fv2%2Fcomments&post=6"}],"version-history":[{"count":15,"href":"https:\/\/www.escrime-cde92.fr\/index.php?rest_route=\/wp\/v2\/pages\/6\/revisions"}],"predecessor-version":[{"id":5167,"href":"https:\/\/www.escrime-cde92.fr\/index.php?rest_route=\/wp\/v2\/pages\/6\/revisions\/5167"}],"wp:attachment":[{"href":"https:\/\/www.escrime-cde92.fr\/index.php?rest_route=%2Fwp%2Fv2%2Fmedia&parent=6"}],"wp:term":[{"taxonomy":"category","embeddable":true,"href":"https:\/\/www.escrime-cde92.fr\/index.php?rest_route=%2Fwp%2Fv2%2Fcategories&post=6"}],"curies":[{"name":"wp","href":"https:\/\/api.w.org\/{rel}","templated":true}]}}