{"id":481,"date":"2017-02-04T10:47:43","date_gmt":"2017-02-04T09:47:43","guid":{"rendered":"https:\/\/www.escrime-cde92.fr\/?page_id=481"},"modified":"2023-10-22T17:51:25","modified_gmt":"2023-10-22T15:51:25","slug":"team-fleuret","status":"publish","type":"page","link":"https:\/\/www.escrime-cde92.fr\/?page_id=481","title":{"rendered":"Team Fleuret"},"content":{"rendered":"<table style=\"width: 100%; height: 301px;\" border=\"1\" cellspacing=\"1\" cellpadding=\"1\" align=\"center\">\n<tbody>\n<tr style=\"height: 133px;\">\n<td style=\"height: 133px; width: 23.9437%;\" width=\"200\"><span style=\"color: #000080;\">\u00a0<a href=\"https:\/\/www.escrime-cde92.fr\/wp-content\/uploads\/2018\/09\/Team-Fleuret.jpg\"><img loading=\"lazy\" decoding=\"async\" class=\"alignnone size-medium wp-image-2489\" src=\"https:\/\/www.escrime-cde92.fr\/wp-content\/uploads\/2018\/09\/Team-Fleuret-300x54.jpg\" alt=\"\" width=\"300\" height=\"54\" srcset=\"https:\/\/www.escrime-cde92.fr\/wp-content\/uploads\/2018\/09\/Team-Fleuret-300x54.jpg 300w, https:\/\/www.escrime-cde92.fr\/wp-content\/uploads\/2018\/09\/Team-Fleuret.jpg 750w\" sizes=\"auto, (max-width: 300px) 100vw, 300px\" \/><\/a><\/span><\/td>\n<td style=\"height: 133px; width: 32.3944%;\"><span style=\"color: #000080;\"><span style=\"text-decoration: underline;\">Arme pratiqu\u00e9e<\/span>:<\/span><\/p>\n<p><strong><span style=\"color: #000080;\">FLEURET<br \/>\nHANDI escrime<\/span><\/strong><\/td>\n<td style=\"height: 133px; width: 43.0751%;\">\n<div><span style=\"color: #000080;\"><span style=\"text-decoration: underline;\">Ma\u00eetres d&rsquo;Armes<\/span>:<\/span><\/div>\n<p><span style=\"color: #000080;\">Fran\u00e7ois-Xavier LECLERC<br \/>\nYoann LEBRUN<\/span><\/td>\n<\/tr>\n<tr style=\"height: 168px;\">\n<td style=\"height: 168px; width: 23.9437%;\" width=\"200\"><span style=\"color: #000080;\"><span style=\"text-decoration: underline;\">Salle d&rsquo;armes<\/span>:<\/span><\/p>\n<p><span style=\"color: #000080;\">Gymnase\u00a0 Yves du Manoir<\/span><br \/>\n<span style=\"color: #000080;\">13 all\u00e9e des Lauriers<\/span><br \/>\n<span style=\"color: #000080;\">92420 Vaucresson<\/span><\/td>\n<td style=\"height: 168px; width: 32.3944%;\"><span style=\"color: #000080;\">Courriel:<\/span><br \/>\n<a href=\"mailto:team.fleuret@yahoo.com?subject=Message%20depuis%20le%20site%20CDE92\">team.fleuret@yahoo.com<\/a><\/p>\n<p><span style=\"color: #000080;\"><span class=\"tojvnm2t a6sixzi8 abs2jz4q a8s20v7p t1p8iaqh k5wvi7nf q3lfd5jv pk4s997a bipmatt0 cebpdrjk qowsmv63 owwhemhu dp1hu0rb dhp61c6y iyyx5f41\"><a href=\"https:\/\/www.facebook.com\/TeamFleuret\" target=\"_blank\" rel=\"noopener\"><img loading=\"lazy\" decoding=\"async\" class=\"alignnone wp-image-834\" src=\"https:\/\/www.escrime-cde92.fr\/wp-content\/uploads\/2016\/11\/FB-fLogo-Blue-broadcast-2-150x150.png\" width=\"30\" height=\"30\" srcset=\"https:\/\/www.escrime-cde92.fr\/wp-content\/uploads\/2016\/11\/FB-fLogo-Blue-broadcast-2-150x150.png 150w, https:\/\/www.escrime-cde92.fr\/wp-content\/uploads\/2016\/11\/FB-fLogo-Blue-broadcast-2.png 250w\" sizes=\"auto, (max-width: 30px) 100vw, 30px\" \/>\u00a0 \u00a0TeamFleuretVaucresson<\/a><\/span><\/span><span aria-hidden=\"true\">\u00a0<\/span><\/td>\n<td style=\"height: 168px; width: 43.0751%;\"><span style=\"color: #000080;\">Pr\u00e9sident: <span style=\"font-family: inherit; font-size: inherit;\">Jean-Claude KARPELES<\/span><br \/>\n<\/span><span style=\"color: #000080;\">Secr\u00e9taire: Astrid LECLERC<br \/>\n<\/span><span style=\"color: #000080;\">Tr\u00e9sorier: Christine GU\u00c9RINEAU<\/span><\/td>\n<\/tr>\n<\/tbody>\n<\/table>\n<p>&nbsp;<\/p>\n","protected":false},"excerpt":{"rendered":"<p>\u00a0 Arme pratiqu\u00e9e: FLEURET HANDI escrime Ma\u00eetres d&rsquo;Armes: Fran\u00e7ois-Xavier LECLERC Yoann LEBRUN Salle d&rsquo;armes: Gymnase\u00a0 Yves du Manoir 13 all\u00e9e des Lauriers 92420 Vaucresson Courriel: team.fleuret@yahoo.com \u00a0 \u00a0TeamFleuretVaucresson\u00a0 Pr\u00e9sident: Jean-Claude KARPELES Secr\u00e9taire: Astrid LECLERC Tr\u00e9sorier: Christine GU\u00c9RINEAU &nbsp;<\/p>\n","protected":false},"author":1,"featured_media":0,"parent":0,"menu_order":0,"comment_status":"closed","ping_status":"closed","template":"","meta":{"footnotes":""},"categories":[3],"class_list":{"0":"post-481","1":"page","2":"type-page","3":"status-publish","5":"category-clubs92"},"_links":{"self":[{"href":"https:\/\/www.escrime-cde92.fr\/index.php?rest_route=\/wp\/v2\/pages\/481","targetHints":{"allow":["GET"]}}],"collection":[{"href":"https:\/\/www.escrime-cde92.fr\/index.php?rest_route=\/wp\/v2\/pages"}],"about":[{"href":"https:\/\/www.escrime-cde92.fr\/index.php?rest_route=\/wp\/v2\/types\/page"}],"author":[{"embeddable":true,"href":"https:\/\/www.escrime-cde92.fr\/index.php?rest_route=\/wp\/v2\/users\/1"}],"replies":[{"embeddable":true,"href":"https:\/\/www.escrime-cde92.fr\/index.php?rest_route=%2Fwp%2Fv2%2Fcomments&post=481"}],"version-history":[{"count":16,"href":"https:\/\/www.escrime-cde92.fr\/index.php?rest_route=\/wp\/v2\/pages\/481\/revisions"}],"predecessor-version":[{"id":4778,"href":"https:\/\/www.escrime-cde92.fr\/index.php?rest_route=\/wp\/v2\/pages\/481\/revisions\/4778"}],"wp:attachment":[{"href":"https:\/\/www.escrime-cde92.fr\/index.php?rest_route=%2Fwp%2Fv2%2Fmedia&parent=481"}],"wp:term":[{"taxonomy":"category","embeddable":true,"href":"https:\/\/www.escrime-cde92.fr\/index.php?rest_route=%2Fwp%2Fv2%2Fcategories&post=481"}],"curies":[{"name":"wp","href":"https:\/\/api.w.org\/{rel}","templated":true}]}}