{"id":337,"date":"2016-11-26T18:41:30","date_gmt":"2016-11-26T17:41:30","guid":{"rendered":"https:\/\/www.escrime-cde92.fr\/?page_id=337"},"modified":"2023-10-22T18:00:41","modified_gmt":"2023-10-22T16:00:41","slug":"ville-davray","status":"publish","type":"page","link":"https:\/\/www.escrime-cde92.fr\/?page_id=337","title":{"rendered":"Ville d&rsquo;Avray"},"content":{"rendered":"<table style=\"width: 87.2815%; height: 300px;\" border=\"1\" cellspacing=\"1\" cellpadding=\"1\" align=\"center\">\n<tbody>\n<tr style=\"height: 128px;\">\n<td style=\"width: 200px; height: 128px;\"><span style=\"color: #000080;\"><a style=\"color: #000080;\" href=\"https:\/\/www.escrime-cde92.fr\/wp-content\/uploads\/2016\/11\/USVA.jpg\"><img loading=\"lazy\" decoding=\"async\" class=\"size-full wp-image-338 aligncenter\" src=\"https:\/\/www.escrime-cde92.fr\/wp-content\/uploads\/2016\/11\/USVA.jpg\" alt=\"usva\" width=\"160\" height=\"114\" \/><\/a><\/span><\/td>\n<td style=\"width: 235.4px; height: 128px;\">\n<div>\n<p><span style=\"color: #000080;\"><span style=\"text-decoration: underline;\">Arme pratiqu\u00e9e<\/span>:<\/span><\/p>\n<p><b style=\"color: #000080; font-family: inherit; font-size: inherit;\">FLEURET<\/b><\/p>\n<\/div>\n<\/td>\n<td style=\"width: 252.6px; height: 128px;\">\n<div>\n<p><span style=\"color: #000080;\"><span style=\"text-decoration: underline;\">Ma\u00eetres d&rsquo;Armes<\/span>:<br \/>\nChristian MARTIN<\/span><br \/>\n<span style=\"color: #000080;\"> Thierry ALTHERR<\/span><br \/>\n<span style=\"color: #000080;\"> Adrien VIGNOLLES<\/span><\/p>\n<\/div>\n<\/td>\n<\/tr>\n<tr style=\"height: 172px;\">\n<td style=\"width: 200px; height: 172px;\"><span style=\"color: #000080;\"><span style=\"text-decoration: underline;\">Salle d&rsquo;Armes<\/span>:<\/span><\/p>\n<p><span style=\"color: #000080;\">Gymnase municipal<\/span><br \/>\n<span style=\"color: #000080;\"> 12 rue de S\u00e8vres<\/span><br \/>\n<span style=\"color: #000080;\"> 92410 Ville d&rsquo;Avray<\/span><\/td>\n<td style=\"width: 235.4px; height: 172px;\"><span style=\"color: #000080;\">Courriel :<\/span>\u00a0 <a href=\"mailto:didier.julien12@wanadoo.fr?subject=Message%20depuis%20le%20site%20CDE92\" target=\"_blank\" rel=\"noopener\">didier.julien12@wanadoo.fr<\/a><\/p>\n<p><span style=\"color: #000080;\">SITE :\u00a0<\/span> <a href=\"https:\/\/www.usva92.fr\/escrime\" target=\"_blank\" rel=\"noopener\">www.usva92.fr\/escrime<\/a><\/p>\n<p><a href=\"https:\/\/www.facebook.com\/usva.escrime\" target=\"_blank\" rel=\"noopener\"><img loading=\"lazy\" decoding=\"async\" class=\"alignnone wp-image-834\" src=\"https:\/\/www.escrime-cde92.fr\/wp-content\/uploads\/2016\/11\/FB-fLogo-Blue-broadcast-2-150x150.png\" width=\"30\" height=\"30\" srcset=\"https:\/\/www.escrime-cde92.fr\/wp-content\/uploads\/2016\/11\/FB-fLogo-Blue-broadcast-2-150x150.png 150w, https:\/\/www.escrime-cde92.fr\/wp-content\/uploads\/2016\/11\/FB-fLogo-Blue-broadcast-2.png 250w\" sizes=\"auto, (max-width: 30px) 100vw, 30px\" \/>\u00a0 \u00a0USVAEscrime<\/a><\/td>\n<td style=\"width: 252.6px; height: 172px;\"><span style=\"color: #000080;\">Pr\u00e9sident: Didier JULIEN<\/span><\/p>\n<p><span style=\"color: #000080;\">Secr\u00e9taire: Barnab\u00e9 DEUVE<\/span><\/p>\n<p><span style=\"color: #000080;\">Tr\u00e9sorier: Fabrice M\u00c9LI<\/span><\/td>\n<\/tr>\n<\/tbody>\n<\/table>\n<p>&nbsp;<\/p>\n","protected":false},"excerpt":{"rendered":"<p>Arme pratiqu\u00e9e: FLEURET Ma\u00eetres d&rsquo;Armes: Christian MARTIN Thierry ALTHERR Adrien VIGNOLLES Salle d&rsquo;Armes: Gymnase municipal 12 rue de S\u00e8vres 92410 Ville d&rsquo;Avray Courriel :\u00a0 didier.julien12@wanadoo.fr SITE :\u00a0 www.usva92.fr\/escrime \u00a0 \u00a0USVAEscrime Pr\u00e9sident: Didier JULIEN Secr\u00e9taire: Barnab\u00e9 DEUVE Tr\u00e9sorier: Fabrice M\u00c9LI &nbsp;<\/p>\n","protected":false},"author":1,"featured_media":0,"parent":0,"menu_order":0,"comment_status":"closed","ping_status":"closed","template":"","meta":{"footnotes":""},"categories":[3],"class_list":{"0":"post-337","1":"page","2":"type-page","3":"status-publish","5":"category-clubs92"},"_links":{"self":[{"href":"https:\/\/www.escrime-cde92.fr\/index.php?rest_route=\/wp\/v2\/pages\/337","targetHints":{"allow":["GET"]}}],"collection":[{"href":"https:\/\/www.escrime-cde92.fr\/index.php?rest_route=\/wp\/v2\/pages"}],"about":[{"href":"https:\/\/www.escrime-cde92.fr\/index.php?rest_route=\/wp\/v2\/types\/page"}],"author":[{"embeddable":true,"href":"https:\/\/www.escrime-cde92.fr\/index.php?rest_route=\/wp\/v2\/users\/1"}],"replies":[{"embeddable":true,"href":"https:\/\/www.escrime-cde92.fr\/index.php?rest_route=%2Fwp%2Fv2%2Fcomments&post=337"}],"version-history":[{"count":11,"href":"https:\/\/www.escrime-cde92.fr\/index.php?rest_route=\/wp\/v2\/pages\/337\/revisions"}],"predecessor-version":[{"id":4784,"href":"https:\/\/www.escrime-cde92.fr\/index.php?rest_route=\/wp\/v2\/pages\/337\/revisions\/4784"}],"wp:attachment":[{"href":"https:\/\/www.escrime-cde92.fr\/index.php?rest_route=%2Fwp%2Fv2%2Fmedia&parent=337"}],"wp:term":[{"taxonomy":"category","embeddable":true,"href":"https:\/\/www.escrime-cde92.fr\/index.php?rest_route=%2Fwp%2Fv2%2Fcategories&post=337"}],"curies":[{"name":"wp","href":"https:\/\/api.w.org\/{rel}","templated":true}]}}