{"id":334,"date":"2016-11-26T18:40:19","date_gmt":"2016-11-26T17:40:19","guid":{"rendered":"https:\/\/www.escrime-cde92.fr\/?page_id=334"},"modified":"2023-10-22T17:58:01","modified_gmt":"2023-10-22T15:58:01","slug":"vanves","status":"publish","type":"page","link":"https:\/\/www.escrime-cde92.fr\/?page_id=334","title":{"rendered":"Vanves"},"content":{"rendered":"<table style=\"width: 89.0379%;\" border=\"1\" cellspacing=\"1\" cellpadding=\"1\" align=\"center\">\n<tbody>\n<tr>\n<td style=\"width: 25.7251%;\" width=\"200\"><a href=\"https:\/\/www.escrime-cde92.fr\/wp-content\/uploads\/2016\/11\/Vanves.jpg\"><img loading=\"lazy\" decoding=\"async\" class=\"size-full wp-image-335 aligncenter\" src=\"https:\/\/www.escrime-cde92.fr\/wp-content\/uploads\/2016\/11\/Vanves.jpg\" alt=\"vanves\" width=\"163\" height=\"77\" \/><\/a><\/td>\n<td style=\"width: 35.5612%;\">\n<div>\n<p><span style=\"color: #000080;\"><span style=\"text-decoration: underline;\">Armes pratiqu\u00e9es<\/span>:<\/span><\/p>\n<p><span style=\"color: #000080;\"><strong>\u00c9P\u00c9E<\/strong><\/span><\/p>\n<\/div>\n<div><span style=\"color: #000080;\"><strong>FLEURET<\/strong><\/span><\/div>\n<\/td>\n<td style=\"width: 33.4828%;\">\n<div>\n<p><span style=\"color: #000080;\"><span style=\"text-decoration: underline;\">Ma\u00eetre d&rsquo;Armes<\/span>:<\/span><\/p>\n<p><span style=\"color: #000080;\">Titouan LE JEANNIC<\/span><\/p>\n<\/div>\n<\/td>\n<\/tr>\n<tr>\n<td style=\"width: 25.7251%;\" width=\"200\"><span style=\"color: #000080;\"><span style=\"text-decoration: underline;\">Salle d&rsquo;Armes<\/span>:<\/span><\/p>\n<p><span style=\"color: #000080;\">Gymnase Maurice Magne<\/span><br \/>\n<span style=\"color: #000080;\">10 rue Danton<\/span><br \/>\n<span style=\"color: #000080;\"> 92170 Vanves<\/span><\/td>\n<td style=\"width: 35.5612%;\"><span style=\"color: #000080;\">Courriel :<\/span> <a href=\"mailto:escrime@stadedevanves.com?subject=Message%20depuis%20le%20site%20CDE92\" target=\"_blank\" rel=\"noopener\">escrime@stadedevanves.com<\/a><\/p>\n<p><span style=\"color: #000080;\">SITE :<\/span> <a href=\"https:\/\/vanves-escrime.kalisport.com\/\" target=\"_blank\" rel=\"noopener\">vanves-escrime.com<\/a><\/p>\n<p><a href=\"https:\/\/www.facebook.com\/SVEscrime\" target=\"_blank\" rel=\"noopener\"><img loading=\"lazy\" decoding=\"async\" class=\"alignnone wp-image-834\" src=\"https:\/\/www.escrime-cde92.fr\/wp-content\/uploads\/2016\/11\/FB-fLogo-Blue-broadcast-2-150x150.png\" width=\"30\" height=\"30\" srcset=\"https:\/\/www.escrime-cde92.fr\/wp-content\/uploads\/2016\/11\/FB-fLogo-Blue-broadcast-2-150x150.png 150w, https:\/\/www.escrime-cde92.fr\/wp-content\/uploads\/2016\/11\/FB-fLogo-Blue-broadcast-2.png 250w\" sizes=\"auto, (max-width: 30px) 100vw, 30px\" \/>\u00a0 \u00a0SVEscrime<\/a><\/td>\n<td style=\"width: 33.4828%;\"><span style=\"color: #000080;\">Pr\u00e9sident: Romain BEYER<\/span><\/p>\n<p><span style=\"color: #000080;\">Secr\u00e9taire: Corentin BUZOT\u00a0 \u00a0 \u00a0 \u00a0 \u00a0 \u00a0 \u00a0 \u00a0\u00a0<\/span><\/p>\n<p><span style=\"color: #000080;\">Tr\u00e9sori\u00e8re: Aurore LE NOUVEAU<\/span><\/td>\n<\/tr>\n<\/tbody>\n<\/table>\n<p>&nbsp;<\/p>\n","protected":false},"excerpt":{"rendered":"<p>Armes pratiqu\u00e9es: \u00c9P\u00c9E FLEURET Ma\u00eetre d&rsquo;Armes: Titouan LE JEANNIC Salle d&rsquo;Armes: Gymnase Maurice Magne 10 rue Danton 92170 Vanves Courriel : escrime@stadedevanves.com SITE : vanves-escrime.com \u00a0 \u00a0SVEscrime Pr\u00e9sident: Romain BEYER Secr\u00e9taire: Corentin BUZOT\u00a0 \u00a0 \u00a0 \u00a0 \u00a0 \u00a0 \u00a0 \u00a0\u00a0 Tr\u00e9sori\u00e8re: Aurore LE NOUVEAU &nbsp;<\/p>\n","protected":false},"author":1,"featured_media":0,"parent":0,"menu_order":0,"comment_status":"closed","ping_status":"closed","template":"","meta":{"footnotes":""},"categories":[3],"class_list":{"0":"post-334","1":"page","2":"type-page","3":"status-publish","5":"category-clubs92"},"_links":{"self":[{"href":"https:\/\/www.escrime-cde92.fr\/index.php?rest_route=\/wp\/v2\/pages\/334","targetHints":{"allow":["GET"]}}],"collection":[{"href":"https:\/\/www.escrime-cde92.fr\/index.php?rest_route=\/wp\/v2\/pages"}],"about":[{"href":"https:\/\/www.escrime-cde92.fr\/index.php?rest_route=\/wp\/v2\/types\/page"}],"author":[{"embeddable":true,"href":"https:\/\/www.escrime-cde92.fr\/index.php?rest_route=\/wp\/v2\/users\/1"}],"replies":[{"embeddable":true,"href":"https:\/\/www.escrime-cde92.fr\/index.php?rest_route=%2Fwp%2Fv2%2Fcomments&post=334"}],"version-history":[{"count":10,"href":"https:\/\/www.escrime-cde92.fr\/index.php?rest_route=\/wp\/v2\/pages\/334\/revisions"}],"predecessor-version":[{"id":4783,"href":"https:\/\/www.escrime-cde92.fr\/index.php?rest_route=\/wp\/v2\/pages\/334\/revisions\/4783"}],"wp:attachment":[{"href":"https:\/\/www.escrime-cde92.fr\/index.php?rest_route=%2Fwp%2Fv2%2Fmedia&parent=334"}],"wp:term":[{"taxonomy":"category","embeddable":true,"href":"https:\/\/www.escrime-cde92.fr\/index.php?rest_route=%2Fwp%2Fv2%2Fcategories&post=334"}],"curies":[{"name":"wp","href":"https:\/\/api.w.org\/{rel}","templated":true}]}}