{"id":330,"date":"2016-11-26T18:38:51","date_gmt":"2016-11-26T17:38:51","guid":{"rendered":"https:\/\/www.escrime-cde92.fr\/?page_id=330"},"modified":"2023-10-22T17:44:30","modified_gmt":"2023-10-22T15:44:30","slug":"suresnes","status":"publish","type":"page","link":"https:\/\/www.escrime-cde92.fr\/?page_id=330","title":{"rendered":"Suresnes"},"content":{"rendered":"<table border=\"1\" cellspacing=\"1\" cellpadding=\"1\" align=\"center\">\n<tbody>\n<tr>\n<td width=\"200\"><a href=\"https:\/\/www.escrime-cde92.fr\/wp-content\/uploads\/2016\/11\/Suresnes.jpg\"><img loading=\"lazy\" decoding=\"async\" class=\"size-full wp-image-331 aligncenter\" src=\"https:\/\/www.escrime-cde92.fr\/wp-content\/uploads\/2016\/11\/Suresnes.jpg\" alt=\"suresnes\" width=\"141\" height=\"92\" \/><\/a><\/td>\n<td>\n<div><span style=\"color: #000080;\"><span style=\"text-decoration: underline;\">Armes pratiqu\u00e9es<\/span>:<br \/>\n<\/span><b style=\"color: #000080; font-family: inherit; font-size: inherit;\">FLEURET<br \/>\n<\/b><b style=\"color: #000080; font-family: inherit; font-size: inherit;\">EP\u00c9E<br \/>\n<\/b><b style=\"color: #000080; font-family: inherit; font-size: inherit;\">Handi escrime<br \/>\n<\/b><b style=\"color: #000080; font-family: inherit; font-size: inherit;\">Sport sant\u00e9<\/b><\/div>\n<\/td>\n<td>\n<div>\n<p><span style=\"color: #000080;\"><span style=\"text-decoration: underline;\">Ma\u00eetre d&rsquo;Armes<\/span>:<\/span><\/p>\n<p><span style=\"color: #000080;\">Aymeric MENARD<\/span><\/p>\n<\/div>\n<\/td>\n<\/tr>\n<tr>\n<td width=\"200\"><span style=\"color: #000080;\"><span style=\"text-decoration: underline;\">Salle d&rsquo;Armes<\/span>:<\/span><\/p>\n<p><span style=\"color: #000080;\">Gymnase du Belv\u00e9d\u00e8re<\/span><br \/>\n<span style=\"color: #000080;\"> 65 bis rue Gambetta<\/span><br \/>\n<span style=\"color: #000080;\"> 92150 Suresnes<\/span><\/td>\n<td>C<span style=\"color: #000080;\">ourriel :<\/span> <a href=\"mailto:asarrabezolles@ces.asso.fr?subject=Message%20depuis%20le%20site%20CDE92\" target=\"_blank\" rel=\"noopener\">asarrabezolles@ces.asso.fr\u00a0<\/a><\/p>\n<p>S<span style=\"color: #000080;\">ITE :<\/span>\u00a0 <a href=\"https:\/\/www.ces.asso.fr\/\" target=\"_blank\" rel=\"noopener\">www.ces.asso.fr<\/a><\/p>\n<p><a href=\"https:\/\/www.facebook.com\/escrimesuresnes\" target=\"_blank\" rel=\"noopener\"><img loading=\"lazy\" decoding=\"async\" class=\"alignnone wp-image-834\" src=\"https:\/\/www.escrime-cde92.fr\/wp-content\/uploads\/2016\/11\/FB-fLogo-Blue-broadcast-2-150x150.png\" width=\"30\" height=\"30\" srcset=\"https:\/\/www.escrime-cde92.fr\/wp-content\/uploads\/2016\/11\/FB-fLogo-Blue-broadcast-2-150x150.png 150w, https:\/\/www.escrime-cde92.fr\/wp-content\/uploads\/2016\/11\/FB-fLogo-Blue-broadcast-2.png 250w\" sizes=\"auto, (max-width: 30px) 100vw, 30px\" \/>\u00a0 \u00a0escrimesuresnes<\/a><\/td>\n<td><span style=\"color: #000080;\">Pr\u00e9sidente: Anne SARRABEZOLLES\u00a0\u00a0<\/span><\/p>\n<p><span style=\"color: #000080;\">Secr\u00e9taire: Charlotte SEVENE<\/span><\/p>\n<p><span style=\"color: #000080;\">Tr\u00e9sorier: J\u00e9r\u00f4me LASCAUD<\/span><\/td>\n<\/tr>\n<\/tbody>\n<\/table>\n<p>&nbsp;<\/p>\n","protected":false},"excerpt":{"rendered":"<p>Armes pratiqu\u00e9es: FLEURET EP\u00c9E Handi escrime Sport sant\u00e9 Ma\u00eetre d&rsquo;Armes: Aymeric MENARD Salle d&rsquo;Armes: Gymnase du Belv\u00e9d\u00e8re 65 bis rue Gambetta 92150 Suresnes Courriel : asarrabezolles@ces.asso.fr\u00a0 SITE :\u00a0 www.ces.asso.fr \u00a0 \u00a0escrimesuresnes Pr\u00e9sidente: Anne SARRABEZOLLES\u00a0\u00a0 Secr\u00e9taire: Charlotte SEVENE Tr\u00e9sorier: J\u00e9r\u00f4me LASCAUD &nbsp;<\/p>\n","protected":false},"author":1,"featured_media":0,"parent":0,"menu_order":0,"comment_status":"closed","ping_status":"closed","template":"","meta":{"footnotes":""},"categories":[3],"class_list":{"0":"post-330","1":"page","2":"type-page","3":"status-publish","5":"category-clubs92"},"_links":{"self":[{"href":"https:\/\/www.escrime-cde92.fr\/index.php?rest_route=\/wp\/v2\/pages\/330","targetHints":{"allow":["GET"]}}],"collection":[{"href":"https:\/\/www.escrime-cde92.fr\/index.php?rest_route=\/wp\/v2\/pages"}],"about":[{"href":"https:\/\/www.escrime-cde92.fr\/index.php?rest_route=\/wp\/v2\/types\/page"}],"author":[{"embeddable":true,"href":"https:\/\/www.escrime-cde92.fr\/index.php?rest_route=\/wp\/v2\/users\/1"}],"replies":[{"embeddable":true,"href":"https:\/\/www.escrime-cde92.fr\/index.php?rest_route=%2Fwp%2Fv2%2Fcomments&post=330"}],"version-history":[{"count":8,"href":"https:\/\/www.escrime-cde92.fr\/index.php?rest_route=\/wp\/v2\/pages\/330\/revisions"}],"predecessor-version":[{"id":4773,"href":"https:\/\/www.escrime-cde92.fr\/index.php?rest_route=\/wp\/v2\/pages\/330\/revisions\/4773"}],"wp:attachment":[{"href":"https:\/\/www.escrime-cde92.fr\/index.php?rest_route=%2Fwp%2Fv2%2Fmedia&parent=330"}],"wp:term":[{"taxonomy":"category","embeddable":true,"href":"https:\/\/www.escrime-cde92.fr\/index.php?rest_route=%2Fwp%2Fv2%2Fcategories&post=330"}],"curies":[{"name":"wp","href":"https:\/\/api.w.org\/{rel}","templated":true}]}}