{"id":320,"date":"2016-11-26T18:35:56","date_gmt":"2016-11-26T17:35:56","guid":{"rendered":"https:\/\/www.escrime-cde92.fr\/?page_id=320"},"modified":"2023-10-22T17:33:13","modified_gmt":"2023-10-22T15:33:13","slug":"saint-cloud","status":"publish","type":"page","link":"https:\/\/www.escrime-cde92.fr\/?page_id=320","title":{"rendered":"Saint-Cloud"},"content":{"rendered":"<table border=\"1\" cellspacing=\"1\" cellpadding=\"1\" align=\"center\">\n<tbody>\n<tr>\n<td width=\"200\"><a href=\"https:\/\/www.escrime-cde92.fr\/wp-content\/uploads\/2016\/11\/UAS_logo_new.jpg\"><img loading=\"lazy\" decoding=\"async\" class=\"size-full wp-image-321 aligncenter\" src=\"https:\/\/www.escrime-cde92.fr\/wp-content\/uploads\/2016\/11\/UAS_logo_new.jpg\" alt=\"uas_logo_new\" width=\"144\" height=\"160\" \/><\/a><\/td>\n<td>\n<div>\n<p><span style=\"text-decoration: underline;\">Armes pratiqu\u00e9es<\/span>:<\/p>\n<p><b>FLEURET<br \/>\n\u00c9P\u00c9E<\/b><\/p>\n<\/div>\n<\/td>\n<td>\n<div>\n<p><span style=\"text-decoration: underline;\">Ma\u00eetre d&rsquo;Armes<\/span>:<\/p>\n<p>Thomas SALANDRE<\/p>\n<\/div>\n<\/td>\n<\/tr>\n<tr>\n<td width=\"200\"><span style=\"color: #000080;\"><span style=\"text-decoration: underline;\">Salle d&rsquo;Armes<\/span>:<\/span><\/p>\n<p><span style=\"color: #000080;\">Gymnase St Exup\u00e9ry<\/span><br \/>\n<span style=\"color: #000080;\"> 62\u00a0avenue Bernard Palissy<\/span><br \/>\n<span style=\"color: #000080;\"> 92210 Saint Cloud<\/span><\/td>\n<td><span style=\"color: #000080;\">Courriel :<\/span>\u00a0 <a href=\"mailto:uas.escrime.stcloud@gmail.com?subject=Message%20depuis%20le%20site%20CDE92\" target=\"_blank\" rel=\"noopener\">uas.escrime.stcloud@gmail.com<\/a><\/p>\n<p>S<span style=\"color: #000080;\">ITE :<\/span>\u00a0 <a href=\"https:\/\/www.uassaintcloud.com\/escrime\/\" target=\"_blank\" rel=\"noopener\">uassaintcloud.com\/escrime\/<\/a><\/td>\n<td><span style=\"color: #000080;\">Pr\u00e9sident:\u00a0Jean-Patrick THEVENY<\/span><\/p>\n<p><span style=\"color: #000080;\">Secr\u00e9taire: Cristian DUMITRU<\/span><\/p>\n<p><span style=\"color: #000080;\">Tr\u00e9sori\u00e8re: Florence MANGEANT\u00a0 \u00a0<\/span><\/td>\n<\/tr>\n<\/tbody>\n<\/table>\n<p>&nbsp;<\/p>\n","protected":false},"excerpt":{"rendered":"<p>Armes pratiqu\u00e9es: FLEURET \u00c9P\u00c9E Ma\u00eetre d&rsquo;Armes: Thomas SALANDRE Salle d&rsquo;Armes: Gymnase St Exup\u00e9ry 62\u00a0avenue Bernard Palissy 92210 Saint Cloud Courriel :\u00a0 uas.escrime.stcloud@gmail.com SITE :\u00a0 uassaintcloud.com\/escrime\/ Pr\u00e9sident:\u00a0Jean-Patrick THEVENY Secr\u00e9taire: Cristian DUMITRU Tr\u00e9sori\u00e8re: Florence MANGEANT\u00a0 \u00a0 &nbsp;<\/p>\n","protected":false},"author":1,"featured_media":0,"parent":0,"menu_order":0,"comment_status":"closed","ping_status":"closed","template":"","meta":{"footnotes":""},"categories":[3],"class_list":{"0":"post-320","1":"page","2":"type-page","3":"status-publish","5":"category-clubs92"},"_links":{"self":[{"href":"https:\/\/www.escrime-cde92.fr\/index.php?rest_route=\/wp\/v2\/pages\/320","targetHints":{"allow":["GET"]}}],"collection":[{"href":"https:\/\/www.escrime-cde92.fr\/index.php?rest_route=\/wp\/v2\/pages"}],"about":[{"href":"https:\/\/www.escrime-cde92.fr\/index.php?rest_route=\/wp\/v2\/types\/page"}],"author":[{"embeddable":true,"href":"https:\/\/www.escrime-cde92.fr\/index.php?rest_route=\/wp\/v2\/users\/1"}],"replies":[{"embeddable":true,"href":"https:\/\/www.escrime-cde92.fr\/index.php?rest_route=%2Fwp%2Fv2%2Fcomments&post=320"}],"version-history":[{"count":8,"href":"https:\/\/www.escrime-cde92.fr\/index.php?rest_route=\/wp\/v2\/pages\/320\/revisions"}],"predecessor-version":[{"id":4768,"href":"https:\/\/www.escrime-cde92.fr\/index.php?rest_route=\/wp\/v2\/pages\/320\/revisions\/4768"}],"wp:attachment":[{"href":"https:\/\/www.escrime-cde92.fr\/index.php?rest_route=%2Fwp%2Fv2%2Fmedia&parent=320"}],"wp:term":[{"taxonomy":"category","embeddable":true,"href":"https:\/\/www.escrime-cde92.fr\/index.php?rest_route=%2Fwp%2Fv2%2Fcategories&post=320"}],"curies":[{"name":"wp","href":"https:\/\/api.w.org\/{rel}","templated":true}]}}