{"id":315,"date":"2016-11-26T18:34:13","date_gmt":"2016-11-26T17:34:13","guid":{"rendered":"https:\/\/www.escrime-cde92.fr\/?page_id=315"},"modified":"2023-10-25T01:02:00","modified_gmt":"2023-10-24T23:02:00","slug":"rueil-malmaison","status":"publish","type":"page","link":"https:\/\/www.escrime-cde92.fr\/?page_id=315","title":{"rendered":"Rueil-Malmaison"},"content":{"rendered":"<table style=\"width: 85.5846%;\" border=\"1\" cellspacing=\"1\" cellpadding=\"1\" align=\"center\">\n<tbody>\n<tr style=\"height: 122px;\">\n<td style=\"height: 122px; width: 29.5652%;\" width=\"200\"><a href=\"https:\/\/www.escrime-cde92.fr\/wp-content\/uploads\/2016\/11\/Rueil_Malmaison.jpg\"><img loading=\"lazy\" decoding=\"async\" class=\"size-full wp-image-316 aligncenter\" src=\"https:\/\/www.escrime-cde92.fr\/wp-content\/uploads\/2016\/11\/Rueil_Malmaison.jpg\" alt=\"rueil_malmaison\" width=\"147\" height=\"122\" \/><\/a><\/td>\n<td style=\"height: 122px; width: 35.942%;\">\n<div>\n<p><span style=\"color: #000080;\"><span style=\"text-decoration: underline;\">Armes pratiqu\u00e9es<\/span>:<\/span><\/p>\n<p><b style=\"color: #000080; font-family: inherit; font-size: inherit;\">FLEURET<br \/>\n<\/b><b style=\"color: #000080; font-family: inherit; font-size: inherit;\">\u00c9P\u00c9E<br \/>\n<\/b><b style=\"color: #000080; font-family: inherit; font-size: inherit;\">HANDI escrime<\/b><\/p>\n<\/div>\n<\/td>\n<td style=\"height: 122px; width: 39.8723%;\">\n<div><span style=\"color: #000080;\"><span style=\"text-decoration: underline;\">Ma\u00eetres d&rsquo;Armes<\/span>:\u00a0<\/span><\/div>\n<div><span style=\"color: #000080;\">Yvan MEYER<br \/>\nSilvio MANIJEAN<\/span><br \/>\n<span style=\"color: #000080;\">Ren\u00e9 MERTINE<\/span><\/div>\n<div><span style=\"color: #000080;\">Julien MERTINE<br \/>\nAntoine MAYEUR GUILLOU<\/span><\/div>\n<\/td>\n<\/tr>\n<tr style=\"height: 144px;\">\n<td style=\"height: 144px; width: 29.5652%;\" width=\"200\"><span style=\"color: #000080;\"><span style=\"text-decoration: underline;\">Salle d&rsquo;Armes<\/span>:<\/span><\/p>\n<p><span style=\"color: #000080;\">Stadium<\/span><br \/>\n<span style=\"color: #000080;\"> 1 rue Genevi\u00e8ve Couturier<\/span><br \/>\n<span style=\"color: #000080;\"> 92500 Rueil-Malmaison<\/span><\/td>\n<td style=\"height: 144px; width: 35.942%;\"><span style=\"color: #000080;\">Courriel :<\/span> <a href=\"mailto:cerueil.rueil@gmail.com?subject=Message%20depuis%20le%20site%20CDE92\" target=\"_blank\" rel=\"noopener\">cerueil.rueil@gmail.com<\/a><\/p>\n<p><span style=\"color: #000080;\">SITE :<\/span> <a href=\"http:\/\/escrime-rueil.fr\/\" target=\"_blank\" rel=\"noopener\">escrime-rueil.fr<\/a><\/p>\n<p><a href=\"https:\/\/www.facebook.com\/CercleEscrimeRueil\" target=\"_blank\" rel=\"noopener\"><img loading=\"lazy\" decoding=\"async\" class=\"alignnone wp-image-834\" src=\"https:\/\/www.escrime-cde92.fr\/wp-content\/uploads\/2016\/11\/FB-fLogo-Blue-broadcast-2-150x150.png\" width=\"30\" height=\"30\" srcset=\"https:\/\/www.escrime-cde92.fr\/wp-content\/uploads\/2016\/11\/FB-fLogo-Blue-broadcast-2-150x150.png 150w, https:\/\/www.escrime-cde92.fr\/wp-content\/uploads\/2016\/11\/FB-fLogo-Blue-broadcast-2.png 250w\" sizes=\"auto, (max-width: 30px) 100vw, 30px\" \/>\u00a0 \u00a0CercleEscrimeRueil<\/a><\/td>\n<td style=\"height: 144px; width: 39.8723%;\"><span style=\"color: #000080;\">Pr\u00e9sident: J\u00e9r\u00f4me FORCADE<\/span><\/p>\n<p><span style=\"color: #000080;\">Secr\u00e9taire: Carole PARPAILLON<\/span><\/p>\n<p><span style=\"color: #000080;\">Tr\u00e9sorier: Pascal MOUGIN<\/span><\/td>\n<\/tr>\n<\/tbody>\n<\/table>\n<p>&nbsp;<\/p>\n","protected":false},"excerpt":{"rendered":"<p>Armes pratiqu\u00e9es: FLEURET \u00c9P\u00c9E HANDI escrime Ma\u00eetres d&rsquo;Armes:\u00a0 Yvan MEYER Silvio MANIJEAN Ren\u00e9 MERTINE Julien MERTINE Antoine MAYEUR GUILLOU Salle d&rsquo;Armes: Stadium 1 rue Genevi\u00e8ve Couturier 92500 Rueil-Malmaison Courriel : cerueil.rueil@gmail.com SITE : escrime-rueil.fr \u00a0 \u00a0CercleEscrimeRueil Pr\u00e9sident: J\u00e9r\u00f4me FORCADE Secr\u00e9taire: Carole PARPAILLON Tr\u00e9sorier: Pascal MOUGIN &nbsp;<\/p>\n","protected":false},"author":1,"featured_media":0,"parent":0,"menu_order":0,"comment_status":"closed","ping_status":"closed","template":"","meta":{"footnotes":""},"categories":[3],"class_list":{"0":"post-315","1":"page","2":"type-page","3":"status-publish","5":"category-clubs92"},"_links":{"self":[{"href":"https:\/\/www.escrime-cde92.fr\/index.php?rest_route=\/wp\/v2\/pages\/315","targetHints":{"allow":["GET"]}}],"collection":[{"href":"https:\/\/www.escrime-cde92.fr\/index.php?rest_route=\/wp\/v2\/pages"}],"about":[{"href":"https:\/\/www.escrime-cde92.fr\/index.php?rest_route=\/wp\/v2\/types\/page"}],"author":[{"embeddable":true,"href":"https:\/\/www.escrime-cde92.fr\/index.php?rest_route=\/wp\/v2\/users\/1"}],"replies":[{"embeddable":true,"href":"https:\/\/www.escrime-cde92.fr\/index.php?rest_route=%2Fwp%2Fv2%2Fcomments&post=315"}],"version-history":[{"count":19,"href":"https:\/\/www.escrime-cde92.fr\/index.php?rest_route=\/wp\/v2\/pages\/315\/revisions"}],"predecessor-version":[{"id":4820,"href":"https:\/\/www.escrime-cde92.fr\/index.php?rest_route=\/wp\/v2\/pages\/315\/revisions\/4820"}],"wp:attachment":[{"href":"https:\/\/www.escrime-cde92.fr\/index.php?rest_route=%2Fwp%2Fv2%2Fmedia&parent=315"}],"wp:term":[{"taxonomy":"category","embeddable":true,"href":"https:\/\/www.escrime-cde92.fr\/index.php?rest_route=%2Fwp%2Fv2%2Fcategories&post=315"}],"curies":[{"name":"wp","href":"https:\/\/api.w.org\/{rel}","templated":true}]}}