{"id":299,"date":"2016-11-26T18:28:37","date_gmt":"2016-11-26T17:28:37","guid":{"rendered":"https:\/\/www.escrime-cde92.fr\/?page_id=299"},"modified":"2023-10-22T18:22:08","modified_gmt":"2023-10-22T16:22:08","slug":"neuilly-sur-seine","status":"publish","type":"page","link":"https:\/\/www.escrime-cde92.fr\/?page_id=299","title":{"rendered":"Neuilly Les lames"},"content":{"rendered":"<table style=\"width: 97.0725%;\" border=\"1\" cellspacing=\"1\" cellpadding=\"1\" align=\"center\">\n<tbody>\n<tr>\n<td style=\"width: 31.7942%;\" width=\"200\"><a href=\"https:\/\/www.escrime-cde92.fr\/wp-content\/uploads\/2016\/11\/Logo-Les-Lames-Sur-Seine.jpg\"><img loading=\"lazy\" decoding=\"async\" class=\"aligncenter wp-image-1148 size-full\" src=\"https:\/\/www.escrime-cde92.fr\/wp-content\/uploads\/2016\/11\/Logo-Les-Lames-Sur-Seine.jpg\" width=\"599\" height=\"379\" srcset=\"https:\/\/www.escrime-cde92.fr\/wp-content\/uploads\/2016\/11\/Logo-Les-Lames-Sur-Seine.jpg 599w, https:\/\/www.escrime-cde92.fr\/wp-content\/uploads\/2016\/11\/Logo-Les-Lames-Sur-Seine-300x190.jpg 300w\" sizes=\"auto, (max-width: 599px) 100vw, 599px\" \/><\/a><\/td>\n<td style=\"width: 38.3989%;\">\n<div><span style=\"color: #000080;\"><span style=\"text-decoration: underline;\">Armes pratiqu\u00e9es<\/span>:<\/span><\/div>\n<div><span style=\"color: #000080;\">\u00a0<\/span><\/div>\n<div><span style=\"color: #000080;\"><b>ARTISTIQUE<\/b><\/span><\/div>\n<div><span style=\"color: #000080;\"><b>SABRE LASER<\/b><\/span><\/div>\n<div><\/div>\n<\/td>\n<td style=\"width: 38.5329%;\">\n<div><span style=\"color: #000080;\"><span style=\"text-decoration: underline;\">Ma\u00eetres d&rsquo;Armes<\/span>:<\/span><\/div>\n<div><span style=\"color: #000080;\">\u00a0<\/span><span style=\"color: #000080;\">Michel OLIVIER<br \/>\nDelphine SEIGNON<br \/>\nEmilie GELINEAU<br \/>\nBrice GELINEAU<br \/>\nSylvain ROUSSEAU<\/span><\/div>\n<\/td>\n<\/tr>\n<tr>\n<td style=\"width: 31.7942%;\" width=\"200\"><span style=\"color: #000080;\"><span style=\"text-decoration: underline;\">Salle d&rsquo;Armes<\/span>:<\/span><\/p>\n<p><span style=\"color: #000080;\">Complexe sportif Ile du Pont<\/span><br \/>\n<span style=\"color: #000080;\"> 92200 Neuilly s\/seine<\/span><\/td>\n<td style=\"width: 38.3989%;\"><span style=\"color: #000080;\">Courriel :<\/span><br \/>\n<a href=\"mailto:michel.olivier@escrime-artistique.com?subject=Message%20depuis%20le%20site%20CDE92\" target=\"_blank\" rel=\"noopener\">michel.olivier@escrime-artistique.com<\/a><\/p>\n<p><span style=\"color: #000080;\">SITE : <\/span><a href=\"http:\/\/www.escrime-artistique.com\/\" target=\"_blank\" rel=\"noopener\">www.escrime-artistique.com<\/a><\/p>\n<p><a href=\"https:\/\/www.facebook.com\/LesLamesSurSeine\" target=\"_blank\" rel=\"noopener\"><img loading=\"lazy\" decoding=\"async\" class=\"alignnone wp-image-834\" src=\"https:\/\/www.escrime-cde92.fr\/wp-content\/uploads\/2016\/11\/FB-fLogo-Blue-broadcast-2-150x150.png\" width=\"30\" height=\"30\" srcset=\"https:\/\/www.escrime-cde92.fr\/wp-content\/uploads\/2016\/11\/FB-fLogo-Blue-broadcast-2-150x150.png 150w, https:\/\/www.escrime-cde92.fr\/wp-content\/uploads\/2016\/11\/FB-fLogo-Blue-broadcast-2.png 250w\" sizes=\"auto, (max-width: 30px) 100vw, 30px\" \/>\u00a0 \u00a0LesLamesSurSeine<\/a><\/td>\n<td style=\"width: 38.5329%;\"><span style=\"color: #000080;\">Pr\u00e9sident: Michel OLIVIER<\/span><\/p>\n<p><span style=\"color: #000080;\">Secr\u00e9taire: St\u00e9phane GUIOT<\/span><\/p>\n<p><span style=\"color: #000080;\">Tr\u00e9sorier: Pierre-Marie LETORT\u00a0<\/span><\/td>\n<\/tr>\n<\/tbody>\n<\/table>\n<p>&nbsp;<\/p>\n","protected":false},"excerpt":{"rendered":"<p>Armes pratiqu\u00e9es: \u00a0 ARTISTIQUE SABRE LASER Ma\u00eetres d&rsquo;Armes: \u00a0Michel OLIVIER Delphine SEIGNON Emilie GELINEAU Brice GELINEAU Sylvain ROUSSEAU Salle d&rsquo;Armes: Complexe sportif Ile du Pont 92200 Neuilly s\/seine Courriel : michel.olivier@escrime-artistique.com SITE : www.escrime-artistique.com \u00a0 \u00a0LesLamesSurSeine Pr\u00e9sident: Michel OLIVIER Secr\u00e9taire: St\u00e9phane GUIOT Tr\u00e9sorier: Pierre-Marie LETORT\u00a0 &nbsp;<\/p>\n","protected":false},"author":1,"featured_media":0,"parent":0,"menu_order":0,"comment_status":"closed","ping_status":"closed","template":"","meta":{"footnotes":""},"categories":[3],"class_list":{"0":"post-299","1":"page","2":"type-page","3":"status-publish","5":"category-clubs92"},"_links":{"self":[{"href":"https:\/\/www.escrime-cde92.fr\/index.php?rest_route=\/wp\/v2\/pages\/299","targetHints":{"allow":["GET"]}}],"collection":[{"href":"https:\/\/www.escrime-cde92.fr\/index.php?rest_route=\/wp\/v2\/pages"}],"about":[{"href":"https:\/\/www.escrime-cde92.fr\/index.php?rest_route=\/wp\/v2\/types\/page"}],"author":[{"embeddable":true,"href":"https:\/\/www.escrime-cde92.fr\/index.php?rest_route=\/wp\/v2\/users\/1"}],"replies":[{"embeddable":true,"href":"https:\/\/www.escrime-cde92.fr\/index.php?rest_route=%2Fwp%2Fv2%2Fcomments&post=299"}],"version-history":[{"count":17,"href":"https:\/\/www.escrime-cde92.fr\/index.php?rest_route=\/wp\/v2\/pages\/299\/revisions"}],"predecessor-version":[{"id":4793,"href":"https:\/\/www.escrime-cde92.fr\/index.php?rest_route=\/wp\/v2\/pages\/299\/revisions\/4793"}],"wp:attachment":[{"href":"https:\/\/www.escrime-cde92.fr\/index.php?rest_route=%2Fwp%2Fv2%2Fmedia&parent=299"}],"wp:term":[{"taxonomy":"category","embeddable":true,"href":"https:\/\/www.escrime-cde92.fr\/index.php?rest_route=%2Fwp%2Fv2%2Fcategories&post=299"}],"curies":[{"name":"wp","href":"https:\/\/api.w.org\/{rel}","templated":true}]}}