{"id":284,"date":"2016-11-26T18:18:54","date_gmt":"2016-11-26T17:18:54","guid":{"rendered":"https:\/\/www.escrime-cde92.fr\/?page_id=284"},"modified":"2023-10-22T14:50:56","modified_gmt":"2023-10-22T12:50:56","slug":"levallois-perret","status":"publish","type":"page","link":"https:\/\/www.escrime-cde92.fr\/?page_id=284","title":{"rendered":"Levallois Perret"},"content":{"rendered":"<table border=\"1\" cellspacing=\"1\" cellpadding=\"1\" align=\"center\">\n<tbody>\n<tr>\n<td width=\"200\"><a href=\"https:\/\/www.escrime-cde92.fr\/wp-content\/uploads\/2016\/11\/Levallois.jpg\"><img loading=\"lazy\" decoding=\"async\" class=\"size-full wp-image-286 aligncenter\" src=\"https:\/\/www.escrime-cde92.fr\/wp-content\/uploads\/2016\/11\/Levallois.jpg\" alt=\"levallois\" width=\"122\" height=\"117\" \/><\/a><\/td>\n<td><span style=\"color: #000080;\"><span style=\"text-decoration: underline;\">Armes pratiqu\u00e9es<\/span>:<\/span><\/p>\n<p><span style=\"color: #000080;\"><b>\u00c9P\u00c9E<\/b><\/span><\/p>\n<p><span style=\"color: #000080;\"><b>Artistique<\/b><\/span><\/p>\n<p><span style=\"color: #000080;\"><b>Sabre laser<\/b><\/span><\/p>\n<p>&nbsp;<\/td>\n<td><span style=\"color: #000080;\"><span style=\"text-decoration: underline;\">Ma\u00eetres d&rsquo;Armes<\/span>:<\/span><br \/>\n<span style=\"color: #000080;\">Georges KARAM<br \/>\nRonan GUSTIN<br \/>\n<\/span><span style=\"color: #000080;\">Melisa Lara ENGLERT<br \/>\n<\/span><span style=\"color: #000080;\">Daniel JERENT<br \/>\n<\/span><span style=\"color: #000080;\">Ludovic BI\u00c9LINIS<br \/>\nJean-Louis BOUGL\u00c9<br \/>\nChristian CHEVALIER<br \/>\n<\/span><\/td>\n<\/tr>\n<tr>\n<td width=\"200\"><span style=\"color: #000080;\"><span style=\"text-decoration: underline;\">Salle d&rsquo;Armes<\/span>:<\/span><\/p>\n<p><span style=\"color: #000080;\">Gymnase Eric Srecki<\/span><br \/>\n<span style=\"color: #000080;\"> 152 rue Danton<\/span><br \/>\n<span style=\"color: #000080;\"> 92300 Levallois Perret<\/span><\/td>\n<td><span style=\"color: #000080;\"><span style=\"text-decoration: underline;\">Courriel<\/span> :\u00a0<\/span> <a href=\"mailto:mdaublanc.lscescrime@gmail.com?subject=Message%20depuis%20le%20site%20CDE92\" target=\"_blank\" rel=\"noopener\">mdaublanc.lscescrime@gmail.com<\/a><\/p>\n<p><span style=\"color: #000080;\"><span style=\"text-decoration: underline;\">SITE<\/span> :<\/span>\u00a0 <a href=\"http:\/\/escrime.levallois-sporting-club.fr\/\" target=\"_blank\" rel=\"noopener\">www.escrime.levallois-sporting-club.fr\u00a0<\/a><\/p>\n<p><a href=\"https:\/\/www.facebook.com\/profile.php?id=100093029384982\" target=\"_blank\" rel=\"noopener\"><img loading=\"lazy\" decoding=\"async\" class=\"alignnone wp-image-834\" src=\"https:\/\/www.escrime-cde92.fr\/wp-content\/uploads\/2016\/11\/FB-fLogo-Blue-broadcast-2-150x150.png\" width=\"30\" height=\"30\" srcset=\"https:\/\/www.escrime-cde92.fr\/wp-content\/uploads\/2016\/11\/FB-fLogo-Blue-broadcast-2-150x150.png 150w, https:\/\/www.escrime-cde92.fr\/wp-content\/uploads\/2016\/11\/FB-fLogo-Blue-broadcast-2.png 250w\" sizes=\"auto, (max-width: 30px) 100vw, 30px\" \/>\u00a0 \u00a0levallois<\/a><\/td>\n<td><span style=\"color: #000080;\">Pr\u00e9sident: Marc DAUBLANC<\/span><\/p>\n<p><span style=\"color: #000080;\">Secr\u00e9taire:<br \/>\nJulien RICHET COOPER<\/span><\/p>\n<p><span style=\"color: #000080;\">Tr\u00e9sorier: J\u00e9r\u00f4me FOUCO<\/span><\/td>\n<\/tr>\n<\/tbody>\n<\/table>\n<p>&nbsp;<\/p>\n","protected":false},"excerpt":{"rendered":"<p>Armes pratiqu\u00e9es: \u00c9P\u00c9E Artistique Sabre laser &nbsp; Ma\u00eetres d&rsquo;Armes: Georges KARAM Ronan GUSTIN Melisa Lara ENGLERT Daniel JERENT Ludovic BI\u00c9LINIS Jean-Louis BOUGL\u00c9 Christian CHEVALIER Salle d&rsquo;Armes: Gymnase Eric Srecki 152 rue Danton 92300 Levallois Perret Courriel :\u00a0 mdaublanc.lscescrime@gmail.com SITE :\u00a0 www.escrime.levallois-sporting-club.fr\u00a0 \u00a0 \u00a0levallois Pr\u00e9sident: Marc DAUBLANC Secr\u00e9taire: Julien RICHET COOPER Tr\u00e9sorier: J\u00e9r\u00f4me FOUCO &nbsp;<\/p>\n","protected":false},"author":1,"featured_media":0,"parent":0,"menu_order":0,"comment_status":"closed","ping_status":"closed","template":"","meta":{"footnotes":""},"categories":[3],"class_list":{"0":"post-284","1":"page","2":"type-page","3":"status-publish","5":"category-clubs92"},"_links":{"self":[{"href":"https:\/\/www.escrime-cde92.fr\/index.php?rest_route=\/wp\/v2\/pages\/284","targetHints":{"allow":["GET"]}}],"collection":[{"href":"https:\/\/www.escrime-cde92.fr\/index.php?rest_route=\/wp\/v2\/pages"}],"about":[{"href":"https:\/\/www.escrime-cde92.fr\/index.php?rest_route=\/wp\/v2\/types\/page"}],"author":[{"embeddable":true,"href":"https:\/\/www.escrime-cde92.fr\/index.php?rest_route=\/wp\/v2\/users\/1"}],"replies":[{"embeddable":true,"href":"https:\/\/www.escrime-cde92.fr\/index.php?rest_route=%2Fwp%2Fv2%2Fcomments&post=284"}],"version-history":[{"count":8,"href":"https:\/\/www.escrime-cde92.fr\/index.php?rest_route=\/wp\/v2\/pages\/284\/revisions"}],"predecessor-version":[{"id":4752,"href":"https:\/\/www.escrime-cde92.fr\/index.php?rest_route=\/wp\/v2\/pages\/284\/revisions\/4752"}],"wp:attachment":[{"href":"https:\/\/www.escrime-cde92.fr\/index.php?rest_route=%2Fwp%2Fv2%2Fmedia&parent=284"}],"wp:term":[{"taxonomy":"category","embeddable":true,"href":"https:\/\/www.escrime-cde92.fr\/index.php?rest_route=%2Fwp%2Fv2%2Fcategories&post=284"}],"curies":[{"name":"wp","href":"https:\/\/api.w.org\/{rel}","templated":true}]}}