{"id":279,"date":"2016-11-26T18:09:52","date_gmt":"2016-11-26T17:09:52","guid":{"rendered":"https:\/\/www.escrime-cde92.fr\/?page_id=279"},"modified":"2023-10-22T14:43:56","modified_gmt":"2023-10-22T12:43:56","slug":"la-garenne-colombes","status":"publish","type":"page","link":"https:\/\/www.escrime-cde92.fr\/?page_id=279","title":{"rendered":"La Garenne Colombes"},"content":{"rendered":"<table style=\"width: 96.9669%;\" border=\"1\" cellspacing=\"1\" cellpadding=\"1\" align=\"center\">\n<tbody>\n<tr>\n<td style=\"width: 28.8543%;\" width=\"200\"><a href=\"https:\/\/www.escrime-cde92.fr\/wp-content\/uploads\/2016\/11\/La_Garenne_Colombes.jpg\"><img loading=\"lazy\" decoding=\"async\" class=\"size-full wp-image-280 aligncenter\" src=\"https:\/\/www.escrime-cde92.fr\/wp-content\/uploads\/2016\/11\/La_Garenne_Colombes.jpg\" alt=\"la_garenne_colombes\" width=\"109\" height=\"107\" \/><\/a><\/td>\n<td style=\"width: 35.4902%;\">\n<div><span style=\"color: #000080;\"><span style=\"text-decoration: underline;\">Armes pratiqu\u00e9es<\/span>:<\/span><\/div>\n<div><span style=\"color: #000080;\"><strong>FLEURET<\/strong><\/span><\/div>\n<div><span style=\"color: #000080;\"><strong>\u00c9P\u00c9E<\/strong><\/span><\/div>\n<div><span style=\"color: #000080;\"><strong>SABRE<br \/>\nSABRE LASER<\/strong><\/span><\/div>\n<\/td>\n<td style=\"width: 51.4432%;\">\n<div><span style=\"color: #000080;\"><span style=\"text-decoration: underline;\">Ma\u00eetres d&rsquo;Armes<\/span>:<\/span><\/div>\n<div><span style=\"color: #000080;\">\u00a0<\/span><\/div>\n<div><span style=\"color: #000080;\">Jean-Pierre LASSALLE<br \/>\nDamien SERRE<\/span><\/div>\n<\/td>\n<\/tr>\n<tr>\n<td style=\"width: 28.8543%;\" width=\"200\"><span style=\"color: #000080;\"><span style=\"text-decoration: underline;\">Salle d&rsquo;Armes<\/span>:<\/span><\/p>\n<p><span style=\"color: #000080;\">3\/5 ter rue Lucien Jeannin<\/span><br \/>\n<span style=\"color: #000080;\"> 92250 La Garenne Colombes<\/span><\/td>\n<td style=\"width: 35.4902%;\"><span style=\"color: #000080;\">Courriel :\u00a0<\/span> <a href=\"mailto:escrimegarennois@neuf.fr?subject=Message%20depuis%20le%20site%20CDE92\">escrimegarennois@neuf.fr<\/a><\/p>\n<p><a href=\"https:\/\/www.facebook.com\/ASBRESCRIME\/\" target=\"_blank\" rel=\"noopener\"><img loading=\"lazy\" decoding=\"async\" class=\"alignnone wp-image-834\" src=\"https:\/\/www.escrime-cde92.fr\/wp-content\/uploads\/2016\/11\/FB-fLogo-Blue-broadcast-2-150x150.png\" width=\"30\" height=\"30\" srcset=\"https:\/\/www.escrime-cde92.fr\/wp-content\/uploads\/2016\/11\/FB-fLogo-Blue-broadcast-2-150x150.png 150w, https:\/\/www.escrime-cde92.fr\/wp-content\/uploads\/2016\/11\/FB-fLogo-Blue-broadcast-2.png 250w\" sizes=\"auto, (max-width: 30px) 100vw, 30px\" \/><\/a><a href=\"https:\/\/www.facebook.com\/p\/Cercle-dEscrime-Garennois-CEG-100043521732384\/\" target=\"_blank\" rel=\"noopener\">\u00a0 \u00a0Cercle d&rsquo;Escrime Garennois<\/a><\/td>\n<td style=\"width: 51.4432%;\"><span style=\"color: #000080;\">Pr\u00e9sident: Jean-Pierre LASSALLE<\/span><\/p>\n<p><span style=\"color: #000080;\">Secr\u00e9taire: Nathalie DEZANNET<\/span><\/p>\n<p><span style=\"color: #000080;\">Tr\u00e9sori\u00e8re: Sylvie RIVET<\/span><\/td>\n<\/tr>\n<\/tbody>\n<\/table>\n<p>&nbsp;<\/p>\n","protected":false},"excerpt":{"rendered":"<p>Armes pratiqu\u00e9es: FLEURET \u00c9P\u00c9E SABRE SABRE LASER Ma\u00eetres d&rsquo;Armes: \u00a0 Jean-Pierre LASSALLE Damien SERRE Salle d&rsquo;Armes: 3\/5 ter rue Lucien Jeannin 92250 La Garenne Colombes Courriel :\u00a0 escrimegarennois@neuf.fr \u00a0 \u00a0Cercle d&rsquo;Escrime Garennois Pr\u00e9sident: Jean-Pierre LASSALLE Secr\u00e9taire: Nathalie DEZANNET Tr\u00e9sori\u00e8re: Sylvie RIVET &nbsp;<\/p>\n","protected":false},"author":1,"featured_media":0,"parent":0,"menu_order":0,"comment_status":"closed","ping_status":"closed","template":"","meta":{"footnotes":""},"categories":[3],"class_list":{"0":"post-279","1":"page","2":"type-page","3":"status-publish","5":"category-clubs92"},"_links":{"self":[{"href":"https:\/\/www.escrime-cde92.fr\/index.php?rest_route=\/wp\/v2\/pages\/279","targetHints":{"allow":["GET"]}}],"collection":[{"href":"https:\/\/www.escrime-cde92.fr\/index.php?rest_route=\/wp\/v2\/pages"}],"about":[{"href":"https:\/\/www.escrime-cde92.fr\/index.php?rest_route=\/wp\/v2\/types\/page"}],"author":[{"embeddable":true,"href":"https:\/\/www.escrime-cde92.fr\/index.php?rest_route=\/wp\/v2\/users\/1"}],"replies":[{"embeddable":true,"href":"https:\/\/www.escrime-cde92.fr\/index.php?rest_route=%2Fwp%2Fv2%2Fcomments&post=279"}],"version-history":[{"count":13,"href":"https:\/\/www.escrime-cde92.fr\/index.php?rest_route=\/wp\/v2\/pages\/279\/revisions"}],"predecessor-version":[{"id":4749,"href":"https:\/\/www.escrime-cde92.fr\/index.php?rest_route=\/wp\/v2\/pages\/279\/revisions\/4749"}],"wp:attachment":[{"href":"https:\/\/www.escrime-cde92.fr\/index.php?rest_route=%2Fwp%2Fv2%2Fmedia&parent=279"}],"wp:term":[{"taxonomy":"category","embeddable":true,"href":"https:\/\/www.escrime-cde92.fr\/index.php?rest_route=%2Fwp%2Fv2%2Fcategories&post=279"}],"curies":[{"name":"wp","href":"https:\/\/api.w.org\/{rel}","templated":true}]}}