{"id":274,"date":"2016-11-26T18:07:42","date_gmt":"2016-11-26T17:07:42","guid":{"rendered":"https:\/\/www.escrime-cde92.fr\/?page_id=274"},"modified":"2023-10-22T18:49:26","modified_gmt":"2023-10-22T16:49:26","slug":"issy-les-moulineaux","status":"publish","type":"page","link":"https:\/\/www.escrime-cde92.fr\/?page_id=274","title":{"rendered":"Issy les Moulineaux"},"content":{"rendered":"<table style=\"width: 88.8355%;\" border=\"1\" cellspacing=\"1\" cellpadding=\"1\" align=\"center\">\n<tbody>\n<tr>\n<td style=\"width: 28.8543%;\" width=\"200\"><a href=\"https:\/\/www.escrime-cde92.fr\/wp-content\/uploads\/2016\/11\/Issy_Les_Moulineaux.jpg\"><img loading=\"lazy\" decoding=\"async\" class=\"size-full wp-image-275 aligncenter\" src=\"https:\/\/www.escrime-cde92.fr\/wp-content\/uploads\/2016\/11\/Issy_Les_Moulineaux.jpg\" alt=\"issy_les_moulineaux\" width=\"144\" height=\"127\" \/><\/a><\/td>\n<td style=\"width: 37.3409%;\">\n<div>\n<p><span style=\"color: #000080;\"><span style=\"text-decoration: underline;\">Arme pratiqu\u00e9e<\/span>:<\/span><\/p>\n<p><span style=\"color: #000080;\"><b>FLEURET<\/b><\/span><\/p>\n<\/div>\n<\/td>\n<td style=\"width: 40.1908%;\">\n<div>\n<p><span style=\"color: #000080;\"><span style=\"text-decoration: underline;\">Ma\u00eetres d&rsquo;Armes<\/span>:<\/span><br \/>\n<span style=\"color: #000080;\">Edouard DUMONT<\/span><br \/>\n<span style=\"color: #000080;\">Aur\u00e9lien JANON<br \/>\nAdeline WUILLEME<br \/>\nEmeric CLOS<\/span><\/p>\n<\/div>\n<\/td>\n<\/tr>\n<tr>\n<td style=\"width: 28.8543%;\" width=\"200\"><span style=\"color: #000080;\"><span style=\"text-decoration: underline;\">Salle d&rsquo;Armes<\/span>:<\/span><\/p>\n<p><span style=\"color: #000080;\">Agora<\/span><br \/>\n<span style=\"color: #000080;\"> 18 avenue Aristide Briand<\/span><br \/>\n<span style=\"color: #000080;\"> 92130 Issy-les-Moulineaux<\/span><\/td>\n<td style=\"width: 37.3409%;\"><span style=\"color: #000080;\">Courriel :<\/span> <a href=\"mailto:secretaire.mousquetaires.escrime@gmail.com?subject=Message%20depuis%20le%20site%20CDE92\">secretaire.mousquetaires.escrime@gmail.com<\/a><\/p>\n<p><span style=\"color: #000080;\">SITE :<\/span>\u00a0 <a href=\"https:\/\/issy-escrimes.com\/\" target=\"_blank\" rel=\"noopener\">https:\/\/issy-escrimes.com<\/a><\/p>\n<p><a href=\"https:\/\/www.facebook.com\/MousquetairesIssylesMoulineaux\" target=\"_blank\" rel=\"noopener\"><img loading=\"lazy\" decoding=\"async\" class=\"alignnone wp-image-834\" src=\"https:\/\/www.escrime-cde92.fr\/wp-content\/uploads\/2016\/11\/FB-fLogo-Blue-broadcast-2-150x150.png\" width=\"30\" height=\"30\" srcset=\"https:\/\/www.escrime-cde92.fr\/wp-content\/uploads\/2016\/11\/FB-fLogo-Blue-broadcast-2-150x150.png 150w, https:\/\/www.escrime-cde92.fr\/wp-content\/uploads\/2016\/11\/FB-fLogo-Blue-broadcast-2.png 250w\" sizes=\"auto, (max-width: 30px) 100vw, 30px\" \/>\u00a0 \u00a0MousquetairesIssyLesMoulineaux<\/a><\/td>\n<td style=\"width: 40.1908%;\"><span style=\"color: #000080;\">Pr\u00e9sidente: Anne DUMONT<\/span><\/p>\n<p><span style=\"color: #000080;\">Secr\u00e9taire: V\u00e9ronique COTTIER NEMOZ<\/span><\/p>\n<p><span style=\"color: #000080;\">Tr\u00e9sorier: Aymeric ESCURAT<\/span><\/td>\n<\/tr>\n<\/tbody>\n<\/table>\n","protected":false},"excerpt":{"rendered":"<p>Arme pratiqu\u00e9e: FLEURET Ma\u00eetres d&rsquo;Armes: Edouard DUMONT Aur\u00e9lien JANON Adeline WUILLEME Emeric CLOS Salle d&rsquo;Armes: Agora 18 avenue Aristide Briand 92130 Issy-les-Moulineaux Courriel : secretaire.mousquetaires.escrime@gmail.com SITE :\u00a0 https:\/\/issy-escrimes.com \u00a0 \u00a0MousquetairesIssyLesMoulineaux Pr\u00e9sidente: Anne DUMONT Secr\u00e9taire: V\u00e9ronique COTTIER NEMOZ Tr\u00e9sorier: Aymeric ESCURAT<\/p>\n","protected":false},"author":1,"featured_media":0,"parent":0,"menu_order":0,"comment_status":"closed","ping_status":"closed","template":"","meta":{"footnotes":""},"categories":[3],"class_list":{"0":"post-274","1":"page","2":"type-page","3":"status-publish","5":"category-clubs92"},"_links":{"self":[{"href":"https:\/\/www.escrime-cde92.fr\/index.php?rest_route=\/wp\/v2\/pages\/274","targetHints":{"allow":["GET"]}}],"collection":[{"href":"https:\/\/www.escrime-cde92.fr\/index.php?rest_route=\/wp\/v2\/pages"}],"about":[{"href":"https:\/\/www.escrime-cde92.fr\/index.php?rest_route=\/wp\/v2\/types\/page"}],"author":[{"embeddable":true,"href":"https:\/\/www.escrime-cde92.fr\/index.php?rest_route=\/wp\/v2\/users\/1"}],"replies":[{"embeddable":true,"href":"https:\/\/www.escrime-cde92.fr\/index.php?rest_route=%2Fwp%2Fv2%2Fcomments&post=274"}],"version-history":[{"count":19,"href":"https:\/\/www.escrime-cde92.fr\/index.php?rest_route=\/wp\/v2\/pages\/274\/revisions"}],"predecessor-version":[{"id":4797,"href":"https:\/\/www.escrime-cde92.fr\/index.php?rest_route=\/wp\/v2\/pages\/274\/revisions\/4797"}],"wp:attachment":[{"href":"https:\/\/www.escrime-cde92.fr\/index.php?rest_route=%2Fwp%2Fv2%2Fmedia&parent=274"}],"wp:term":[{"taxonomy":"category","embeddable":true,"href":"https:\/\/www.escrime-cde92.fr\/index.php?rest_route=%2Fwp%2Fv2%2Fcategories&post=274"}],"curies":[{"name":"wp","href":"https:\/\/api.w.org\/{rel}","templated":true}]}}