{"id":255,"date":"2016-11-26T15:27:44","date_gmt":"2016-11-26T14:27:44","guid":{"rendered":"https:\/\/www.escrime-cde92.fr\/?page_id=255"},"modified":"2023-10-22T14:30:13","modified_gmt":"2023-10-22T12:30:13","slug":"courbevoie","status":"publish","type":"page","link":"https:\/\/www.escrime-cde92.fr\/?page_id=255","title":{"rendered":"Courbevoie"},"content":{"rendered":"<table border=\"1\" cellspacing=\"1\" cellpadding=\"1\" align=\"center\">\n<tbody>\n<tr>\n<td width=\"200\"><a href=\"https:\/\/www.escrime-cde92.fr\/wp-content\/uploads\/2016\/11\/LogoCourbevoie_new.jpg\"><img loading=\"lazy\" decoding=\"async\" class=\"size-medium wp-image-257 aligncenter\" src=\"https:\/\/www.escrime-cde92.fr\/wp-content\/uploads\/2016\/11\/LogoCourbevoie_new-300x267.jpg\" alt=\"logocourbevoie_new\" width=\"300\" height=\"267\" srcset=\"https:\/\/www.escrime-cde92.fr\/wp-content\/uploads\/2016\/11\/LogoCourbevoie_new-300x267.jpg 300w, https:\/\/www.escrime-cde92.fr\/wp-content\/uploads\/2016\/11\/LogoCourbevoie_new.jpg 481w\" sizes=\"auto, (max-width: 300px) 100vw, 300px\" \/><\/a><\/td>\n<td>\n<div>\n<p><span style=\"color: #000080;\"><span style=\"text-decoration: underline;\">Armes pratiqu\u00e9es<\/span>:<\/span><\/p>\n<p><span style=\"color: #000080;\"><b>FLEURET<br \/>\n\u00c9P\u00c9E<br \/>\nSABRE<br \/>\nHANDI escrime<\/b><\/span><\/p>\n<\/div>\n<\/td>\n<td>\n<div><span style=\"color: #000080;\"><span style=\"text-decoration: underline;\">Ma\u00eetres d&rsquo;Armes<\/span>:<\/span><\/div>\n<div><span style=\"color: #000080;\">\u00a0<\/span><\/div>\n<div><span style=\"color: #000080; font-family: inherit; font-size: inherit;\">Gilles BOURRET<\/p>\n<p><\/span><\/div>\n<div><span style=\"color: #000080;\">Ghislain PERRIER<br \/>\n<\/span><\/div>\n<\/td>\n<\/tr>\n<tr>\n<td width=\"200\"><span style=\"color: #000080;\"><span style=\"text-decoration: underline;\">Salle d&rsquo;armes<\/span>:<\/span><\/p>\n<p><span style=\"color: #000080;\">Stade Jean-Pierre Rives<\/span><br \/>\n<span style=\"color: #000080;\"> 89 boulevard de Verdun<\/span><br \/>\n<span style=\"color: #000080;\"> 92400 Courbevoie<br \/>\n01 47 89 44 92<br \/>\n<\/span><\/td>\n<td><span style=\"color: #000080;\">Courriel :<\/span><br \/>\n<a href=\"mailto:contact@courbevoie-escrime.fr?subject=Message%20depuis%20le%20site%20CDE92\">contact@courbevoie-escrime.fr\u00a0\u00a0<\/a><\/p>\n<p><span style=\"color: #000080;\">SITE :<\/span><br \/>\n<a href=\"http:\/\/www.courbevoie-escrime.fr\/\" target=\"_blank\" rel=\"noopener\">www.courbevoie-escrime.fr<\/a><\/p>\n<p><a href=\"https:\/\/www.facebook.com\/CourbevoieEscrime\/\" target=\"_blank\" rel=\"noopener\"><img loading=\"lazy\" decoding=\"async\" class=\"alignnone wp-image-834\" src=\"https:\/\/www.escrime-cde92.fr\/wp-content\/uploads\/2016\/11\/FB-fLogo-Blue-broadcast-2-150x150.png\" alt=\"\" width=\"33\" height=\"33\" srcset=\"https:\/\/www.escrime-cde92.fr\/wp-content\/uploads\/2016\/11\/FB-fLogo-Blue-broadcast-2-150x150.png 150w, https:\/\/www.escrime-cde92.fr\/wp-content\/uploads\/2016\/11\/FB-fLogo-Blue-broadcast-2.png 250w\" sizes=\"auto, (max-width: 33px) 100vw, 33px\" \/>\u00a0 \u00a0CourbevoieEscrime\u00a0<\/a><\/td>\n<td><span style=\"color: #000080;\">Pr\u00e9sident: Philippe HENRY<\/span><\/p>\n<p><span style=\"color: #000080;\">Secr\u00e9taire: Muriel CONFENTE<\/span><\/p>\n<p><span style=\"color: #000080;\">Tr\u00e9sori\u00e8re: Ang\u00e9lique TROL\u00c9E\u00a0\u00a0<\/span><\/td>\n<\/tr>\n<\/tbody>\n<\/table>\n<p>&nbsp;<\/p>\n","protected":false},"excerpt":{"rendered":"<p>Armes pratiqu\u00e9es: FLEURET \u00c9P\u00c9E SABRE HANDI escrime Ma\u00eetres d&rsquo;Armes: \u00a0 Gilles BOURRET Ghislain PERRIER Salle d&rsquo;armes: Stade Jean-Pierre Rives 89 boulevard de Verdun 92400 Courbevoie 01 47 89 44 92 Courriel : contact@courbevoie-escrime.fr\u00a0\u00a0 SITE : www.courbevoie-escrime.fr \u00a0 \u00a0CourbevoieEscrime\u00a0 Pr\u00e9sident: Philippe HENRY Secr\u00e9taire: Muriel CONFENTE Tr\u00e9sori\u00e8re: Ang\u00e9lique TROL\u00c9E\u00a0\u00a0 &nbsp;<\/p>\n","protected":false},"author":1,"featured_media":0,"parent":0,"menu_order":0,"comment_status":"closed","ping_status":"closed","template":"","meta":{"footnotes":""},"categories":[3],"class_list":{"0":"post-255","1":"page","2":"type-page","3":"status-publish","5":"category-clubs92"},"_links":{"self":[{"href":"https:\/\/www.escrime-cde92.fr\/index.php?rest_route=\/wp\/v2\/pages\/255","targetHints":{"allow":["GET"]}}],"collection":[{"href":"https:\/\/www.escrime-cde92.fr\/index.php?rest_route=\/wp\/v2\/pages"}],"about":[{"href":"https:\/\/www.escrime-cde92.fr\/index.php?rest_route=\/wp\/v2\/types\/page"}],"author":[{"embeddable":true,"href":"https:\/\/www.escrime-cde92.fr\/index.php?rest_route=\/wp\/v2\/users\/1"}],"replies":[{"embeddable":true,"href":"https:\/\/www.escrime-cde92.fr\/index.php?rest_route=%2Fwp%2Fv2%2Fcomments&post=255"}],"version-history":[{"count":10,"href":"https:\/\/www.escrime-cde92.fr\/index.php?rest_route=\/wp\/v2\/pages\/255\/revisions"}],"predecessor-version":[{"id":4743,"href":"https:\/\/www.escrime-cde92.fr\/index.php?rest_route=\/wp\/v2\/pages\/255\/revisions\/4743"}],"wp:attachment":[{"href":"https:\/\/www.escrime-cde92.fr\/index.php?rest_route=%2Fwp%2Fv2%2Fmedia&parent=255"}],"wp:term":[{"taxonomy":"category","embeddable":true,"href":"https:\/\/www.escrime-cde92.fr\/index.php?rest_route=%2Fwp%2Fv2%2Fcategories&post=255"}],"curies":[{"name":"wp","href":"https:\/\/api.w.org\/{rel}","templated":true}]}}