{"id":242,"date":"2016-11-26T15:21:43","date_gmt":"2016-11-26T14:21:43","guid":{"rendered":"https:\/\/www.escrime-cde92.fr\/?page_id=242"},"modified":"2023-10-22T14:17:41","modified_gmt":"2023-10-22T12:17:41","slug":"clichy","status":"publish","type":"page","link":"https:\/\/www.escrime-cde92.fr\/?page_id=242","title":{"rendered":"Clichy"},"content":{"rendered":"<table border=\"1\" cellspacing=\"1\" cellpadding=\"1\" align=\"center\">\n<tbody>\n<tr>\n<td width=\"200\"><a href=\"https:\/\/www.escrime-cde92.fr\/wp-content\/uploads\/2016\/11\/logo-clichy.png\"><img loading=\"lazy\" decoding=\"async\" class=\"size-medium wp-image-243 aligncenter\" src=\"https:\/\/www.escrime-cde92.fr\/wp-content\/uploads\/2016\/11\/logo-clichy-300x99.png\" alt=\"logo-clichy\" width=\"300\" height=\"99\" srcset=\"https:\/\/www.escrime-cde92.fr\/wp-content\/uploads\/2016\/11\/logo-clichy-300x99.png 300w, https:\/\/www.escrime-cde92.fr\/wp-content\/uploads\/2016\/11\/logo-clichy.png 465w\" sizes=\"auto, (max-width: 300px) 100vw, 300px\" \/><\/a><\/td>\n<td>\n<div>\n<p><span style=\"color: #000080;\"><span style=\"text-decoration: underline;\">Arme pratiqu\u00e9e<\/span>:<\/span><\/p>\n<p><span style=\"color: #000080;\"><b style=\"font-family: inherit; font-size: inherit;\">\u00c9P\u00c9E<\/b><\/span><\/p>\n<\/div>\n<\/td>\n<td>\n<div>\n<p><span style=\"color: #000080;\"><span style=\"text-decoration: underline;\">Ma\u00eetres d&rsquo;Armes<\/span>:<\/span><\/p>\n<p><span style=\"color: #000080;\">Brigitte BENON<br \/>\n<\/span><span style=\"color: #000080;\">Thomas SAINTE ROSE<\/span><\/p>\n<\/div>\n<\/td>\n<\/tr>\n<tr>\n<td width=\"200\"><span style=\"color: #000080;\">Salle d&rsquo;armes:<\/span><\/p>\n<p><span style=\"color: #000080;\">13 rue Bardin<\/span><br \/>\n<span style=\"color: #000080;\"> 92110 Clichy<\/span><\/td>\n<td><span style=\"color: #000080;\">Courriel :\u00a0<\/span> <a href=\"mailto:maitresclichyescrime@gmail.com?subject=Message%20depuis%20le%20site%20CDE92\">maitresclichyescrime@gmail.com\u00a0<\/a><\/p>\n<p><span style=\"color: #000080;\">SITE :\u00a0<\/span> <a href=\"http:\/\/www.clichy-escrime.com\/\" target=\"_blank\" rel=\"noopener\">www.clichy-escrime.com<\/a><\/p>\n<p><a href=\"https:\/\/www.facebook.com\/escrimeclichy\" target=\"_blank\" rel=\"noopener\"><img loading=\"lazy\" decoding=\"async\" class=\"alignnone wp-image-834\" src=\"https:\/\/www.escrime-cde92.fr\/wp-content\/uploads\/2016\/11\/FB-fLogo-Blue-broadcast-2-150x150.png\" width=\"30\" height=\"30\" srcset=\"https:\/\/www.escrime-cde92.fr\/wp-content\/uploads\/2016\/11\/FB-fLogo-Blue-broadcast-2-150x150.png 150w, https:\/\/www.escrime-cde92.fr\/wp-content\/uploads\/2016\/11\/FB-fLogo-Blue-broadcast-2.png 250w\" sizes=\"auto, (max-width: 30px) 100vw, 30px\" \/>\u00a0 \u00a0escrimeclichy<\/a><\/td>\n<td>P<span style=\"color: #000080;\">r\u00e9sident: St\u00e9phane TALBI\u00a0<\/span><\/p>\n<p><span style=\"color: #000080;\">Secr\u00e9taire:<br \/>\n<\/span><span style=\"color: #000080;\">Isabelle CHEVRILLOT<\/span><\/p>\n<p><span style=\"color: #000080;\">Tr\u00e9sorier: Kala\u00effa SAID<\/span><\/td>\n<\/tr>\n<\/tbody>\n<\/table>\n<p>&nbsp;<\/p>\n","protected":false},"excerpt":{"rendered":"<p>Arme pratiqu\u00e9e: \u00c9P\u00c9E Ma\u00eetres d&rsquo;Armes: Brigitte BENON Thomas SAINTE ROSE Salle d&rsquo;armes: 13 rue Bardin 92110 Clichy Courriel :\u00a0 maitresclichyescrime@gmail.com\u00a0 SITE :\u00a0 www.clichy-escrime.com \u00a0 \u00a0escrimeclichy Pr\u00e9sident: St\u00e9phane TALBI\u00a0 Secr\u00e9taire: Isabelle CHEVRILLOT Tr\u00e9sorier: Kala\u00effa SAID &nbsp;<\/p>\n","protected":false},"author":1,"featured_media":0,"parent":0,"menu_order":0,"comment_status":"closed","ping_status":"closed","template":"","meta":{"footnotes":""},"categories":[3],"class_list":{"0":"post-242","1":"page","2":"type-page","3":"status-publish","5":"category-clubs92"},"_links":{"self":[{"href":"https:\/\/www.escrime-cde92.fr\/index.php?rest_route=\/wp\/v2\/pages\/242","targetHints":{"allow":["GET"]}}],"collection":[{"href":"https:\/\/www.escrime-cde92.fr\/index.php?rest_route=\/wp\/v2\/pages"}],"about":[{"href":"https:\/\/www.escrime-cde92.fr\/index.php?rest_route=\/wp\/v2\/types\/page"}],"author":[{"embeddable":true,"href":"https:\/\/www.escrime-cde92.fr\/index.php?rest_route=\/wp\/v2\/users\/1"}],"replies":[{"embeddable":true,"href":"https:\/\/www.escrime-cde92.fr\/index.php?rest_route=%2Fwp%2Fv2%2Fcomments&post=242"}],"version-history":[{"count":11,"href":"https:\/\/www.escrime-cde92.fr\/index.php?rest_route=\/wp\/v2\/pages\/242\/revisions"}],"predecessor-version":[{"id":4738,"href":"https:\/\/www.escrime-cde92.fr\/index.php?rest_route=\/wp\/v2\/pages\/242\/revisions\/4738"}],"wp:attachment":[{"href":"https:\/\/www.escrime-cde92.fr\/index.php?rest_route=%2Fwp%2Fv2%2Fmedia&parent=242"}],"wp:term":[{"taxonomy":"category","embeddable":true,"href":"https:\/\/www.escrime-cde92.fr\/index.php?rest_route=%2Fwp%2Fv2%2Fcategories&post=242"}],"curies":[{"name":"wp","href":"https:\/\/api.w.org\/{rel}","templated":true}]}}