{"id":238,"date":"2016-11-26T15:19:51","date_gmt":"2016-11-26T14:19:51","guid":{"rendered":"https:\/\/www.escrime-cde92.fr\/?page_id=238"},"modified":"2023-10-22T18:12:10","modified_gmt":"2023-10-22T16:12:10","slug":"chaville","status":"publish","type":"page","link":"https:\/\/www.escrime-cde92.fr\/?page_id=238","title":{"rendered":"Chaville"},"content":{"rendered":"<div>\n<table border=\"1\" cellspacing=\"1\" cellpadding=\"1\" align=\"center\">\n<tbody>\n<tr>\n<td width=\"200\"><a href=\"https:\/\/www.escrime-cde92.fr\/wp-content\/uploads\/2016\/11\/logo-Chaville.jpg\"><img loading=\"lazy\" decoding=\"async\" class=\"size-full wp-image-239 aligncenter\" src=\"https:\/\/www.escrime-cde92.fr\/wp-content\/uploads\/2016\/11\/logo-Chaville.jpg\" alt=\"chaville\" width=\"79\" height=\"118\" srcset=\"https:\/\/www.escrime-cde92.fr\/wp-content\/uploads\/2016\/11\/logo-Chaville.jpg 660w, https:\/\/www.escrime-cde92.fr\/wp-content\/uploads\/2016\/11\/logo-Chaville-201x300.jpg 201w\" sizes=\"auto, (max-width: 79px) 100vw, 79px\" \/><\/a><\/td>\n<td>\n<div><span style=\"color: #000080;\"><span style=\"text-decoration: underline;\">Armes pratiqu\u00e9es<\/span>:<\/span><\/div>\n<div><span style=\"color: #000080;\"><b>FLEURET<br \/>\n\u00c9P\u00c9E<br \/>\nHANDI escrime<\/b><\/span><\/div>\n<\/td>\n<td>\n<div>\n<p><span style=\"color: #000080;\"><span style=\"text-decoration: underline;\">Ma\u00eetre\u00a0d&rsquo;Armes<\/span>:<\/span><\/p>\n<p><span style=\"color: #000080; font-family: inherit; font-size: inherit;\">L\u00e9o ANASTASSIOU<br \/>\n<\/span><span style=\"color: #000080; font-family: inherit; font-size: inherit;\">Alexandre HENRY<\/span><\/p>\n<\/div>\n<\/td>\n<\/tr>\n<tr>\n<td><span style=\"color: #000080;\"><span style=\"text-decoration: underline;\">Salle d&rsquo;armes<\/span>:<\/span><\/p>\n<p><span style=\"color: #000080;\">Gymnase Alphonse Halimi<\/span><br \/>\n<span style=\"color: #000080;\"> 21 rue de la Fontaine Henri IV<\/span><br \/>\n<span style=\"color: #000080;\"> 92370 Chaville<\/span><\/td>\n<td><span style=\"color: #000080;\">Courriel :\u00a0 <\/span><a href=\"mailto:contact.escrime92370@gmail.com?subject=Message%20depuis%20le%20site%20CDE92\">contact.escrime92370@gmail.com<\/a><\/p>\n<p><span style=\"color: #000080;\">SITE :\u00a0 <\/span><a href=\"http:\/\/www.escrimechaville.fr\/\" target=\"_blank\" rel=\"noopener noreferrer\">www.escrimechaville.fr<\/a><\/p>\n<p><a href=\"https:\/\/www.facebook.com\/profile.php?id=100066858251615\" target=\"_blank\" rel=\"noopener\"><img loading=\"lazy\" decoding=\"async\" class=\"alignnone wp-image-834\" src=\"https:\/\/www.escrime-cde92.fr\/wp-content\/uploads\/2016\/11\/FB-fLogo-Blue-broadcast-2-150x150.png\" width=\"30\" height=\"30\" srcset=\"https:\/\/www.escrime-cde92.fr\/wp-content\/uploads\/2016\/11\/FB-fLogo-Blue-broadcast-2-150x150.png 150w, https:\/\/www.escrime-cde92.fr\/wp-content\/uploads\/2016\/11\/FB-fLogo-Blue-broadcast-2.png 250w\" sizes=\"auto, (max-width: 30px) 100vw, 30px\" \/>\u00a0 \u00a0ChavilleEscrime<\/a><\/td>\n<td><span style=\"color: #000080;\">Pr\u00e9sidente:<br \/>\nDorette LASSUS-DESSUS\u00a0<\/span><span style=\"color: #000080;\">Secr\u00e9taire: Fabrice DESSAILLY<\/span><\/p>\n<p><span style=\"color: #000080;\">Tr\u00e9sorier: Denis CENDRIER<\/span><\/td>\n<\/tr>\n<\/tbody>\n<\/table>\n<\/div>\n","protected":false},"excerpt":{"rendered":"<p>Armes pratiqu\u00e9es: FLEURET \u00c9P\u00c9E HANDI escrime Ma\u00eetre\u00a0d&rsquo;Armes: L\u00e9o ANASTASSIOU Alexandre HENRY Salle d&rsquo;armes: Gymnase Alphonse Halimi 21 rue de la Fontaine Henri IV 92370 Chaville Courriel :\u00a0 contact.escrime92370@gmail.com SITE :\u00a0 www.escrimechaville.fr \u00a0 \u00a0ChavilleEscrime Pr\u00e9sidente: Dorette LASSUS-DESSUS\u00a0Secr\u00e9taire: Fabrice DESSAILLY Tr\u00e9sorier: Denis CENDRIER<\/p>\n","protected":false},"author":1,"featured_media":0,"parent":0,"menu_order":0,"comment_status":"closed","ping_status":"closed","template":"","meta":{"footnotes":""},"categories":[3],"class_list":{"0":"post-238","1":"page","2":"type-page","3":"status-publish","5":"category-clubs92"},"_links":{"self":[{"href":"https:\/\/www.escrime-cde92.fr\/index.php?rest_route=\/wp\/v2\/pages\/238","targetHints":{"allow":["GET"]}}],"collection":[{"href":"https:\/\/www.escrime-cde92.fr\/index.php?rest_route=\/wp\/v2\/pages"}],"about":[{"href":"https:\/\/www.escrime-cde92.fr\/index.php?rest_route=\/wp\/v2\/types\/page"}],"author":[{"embeddable":true,"href":"https:\/\/www.escrime-cde92.fr\/index.php?rest_route=\/wp\/v2\/users\/1"}],"replies":[{"embeddable":true,"href":"https:\/\/www.escrime-cde92.fr\/index.php?rest_route=%2Fwp%2Fv2%2Fcomments&post=238"}],"version-history":[{"count":11,"href":"https:\/\/www.escrime-cde92.fr\/index.php?rest_route=\/wp\/v2\/pages\/238\/revisions"}],"predecessor-version":[{"id":4790,"href":"https:\/\/www.escrime-cde92.fr\/index.php?rest_route=\/wp\/v2\/pages\/238\/revisions\/4790"}],"wp:attachment":[{"href":"https:\/\/www.escrime-cde92.fr\/index.php?rest_route=%2Fwp%2Fv2%2Fmedia&parent=238"}],"wp:term":[{"taxonomy":"category","embeddable":true,"href":"https:\/\/www.escrime-cde92.fr\/index.php?rest_route=%2Fwp%2Fv2%2Fcategories&post=238"}],"curies":[{"name":"wp","href":"https:\/\/api.w.org\/{rel}","templated":true}]}}