{"id":233,"date":"2016-11-26T15:16:35","date_gmt":"2016-11-26T14:16:35","guid":{"rendered":"https:\/\/www.escrime-cde92.fr\/?page_id=233"},"modified":"2023-10-22T18:09:51","modified_gmt":"2023-10-22T16:09:51","slug":"chatillon","status":"publish","type":"page","link":"https:\/\/www.escrime-cde92.fr\/?page_id=233","title":{"rendered":"Chatillon"},"content":{"rendered":"<div class=\"tbl tblover\">\n<table border=\"1\" cellspacing=\"1\" cellpadding=\"1\" align=\"center\">\n<tbody>\n<tr style=\"height: 119px;\">\n<td style=\"height: 119px;\" width=\"200\"><a href=\"https:\/\/www.escrime-cde92.fr\/wp-content\/uploads\/2016\/11\/Chatillon.jpg\"><img loading=\"lazy\" decoding=\"async\" class=\"size-full wp-image-234 aligncenter\" src=\"https:\/\/www.escrime-cde92.fr\/wp-content\/uploads\/2016\/11\/Chatillon.jpg\" alt=\"chatillon\" width=\"128\" height=\"119\" \/><\/a><\/td>\n<td style=\"height: 119px;\">\n<div><span style=\"color: #000080;\"><span style=\"text-decoration: underline;\">Armes pratiqu\u00e9es<\/span>:<\/span><\/div>\n<div><span style=\"color: #000080;\"><b>FLEURET<br \/>\n\u00c9P\u00c9E<br \/>\nSABRE<br \/>\nArtistique &#8211; Sabre laser<br \/>\nHandi escrime<br \/>\nSport sant\u00e9<\/b><\/span><\/div>\n<\/td>\n<td style=\"height: 119px;\">\n<div>\n<p><span style=\"color: #000080;\"><span style=\"text-decoration: underline;\">Ma\u00eetres d&rsquo;Armes<\/span>:<\/span><\/p>\n<p><span style=\"color: #000080;\">Maxime DUHAUT<br \/>\nCorinne MAITREJEAN<br \/>\nRadu MITRACHIOIU<br \/>\nRenaud BEAUR<\/span><\/p>\n<\/div>\n<\/td>\n<\/tr>\n<tr style=\"height: 144.8px;\">\n<td style=\"height: 144.8px;\" width=\"200\"><span style=\"color: #000080;\"><span style=\"text-decoration: underline;\">Salle d&rsquo;armes<\/span>:<\/span><\/p>\n<p><span style=\"color: #000080;\">Espace Maison Blanche<\/span><br \/>\n<span style=\"color: #000080;\"> 2\u00a0avenue Saint Exup\u00e9ry<\/span><br \/>\n<span style=\"color: #000080;\"> 92320 Chatillon<\/span><\/td>\n<td style=\"height: 144.8px;\"><span style=\"color: #000080;\">Courriel : <\/span><a href=\"mailto:contact@escrime-chatillon.fr?subject=Message%20depuis%20le%20site%20CDE92\">contact@escrime-chatillon.fr\u00a0<\/a><\/p>\n<p><span style=\"color: #000080;\">SITE :\u00a0 <\/span><a href=\"http:\/\/www.escrime-chatillon.fr\/\" target=\"_blank\" rel=\"noopener\">www.escrime-chatillon.fr<\/a><\/p>\n<p><a href=\"https:\/\/www.facebook.com\/Cercle.escrime.Chatillon.Estoc.Taille\" target=\"_blank\" rel=\"noopener\"><img loading=\"lazy\" decoding=\"async\" class=\"alignnone wp-image-834\" src=\"https:\/\/www.escrime-cde92.fr\/wp-content\/uploads\/2016\/11\/FB-fLogo-Blue-broadcast-2-150x150.png\" width=\"30\" height=\"30\" srcset=\"https:\/\/www.escrime-cde92.fr\/wp-content\/uploads\/2016\/11\/FB-fLogo-Blue-broadcast-2-150x150.png 150w, https:\/\/www.escrime-cde92.fr\/wp-content\/uploads\/2016\/11\/FB-fLogo-Blue-broadcast-2.png 250w\" sizes=\"auto, (max-width: 30px) 100vw, 30px\" \/>\u00a0 \u00a0Chatilon escrime<\/a><\/td>\n<td style=\"height: 144.8px;\"><span style=\"color: #000080;\">Pr\u00e9sident: Mo\u00ebz EL ASSINE<\/span><\/p>\n<p><span style=\"color: #000080;\">Secr\u00e9taire: Juliette EPIS<\/span><\/p>\n<p><span style=\"color: #000080;\">Tr\u00e9sorier: Arnaud CHARLES\u00a0<\/span><\/td>\n<\/tr>\n<\/tbody>\n<\/table>\n<\/div>\n","protected":false},"excerpt":{"rendered":"<p>Armes pratiqu\u00e9es: FLEURET \u00c9P\u00c9E SABRE Artistique &#8211; Sabre laser Handi escrime Sport sant\u00e9 Ma\u00eetres d&rsquo;Armes: Maxime DUHAUT Corinne MAITREJEAN Radu MITRACHIOIU Renaud BEAUR Salle d&rsquo;armes: Espace Maison Blanche 2\u00a0avenue Saint Exup\u00e9ry 92320 Chatillon Courriel : contact@escrime-chatillon.fr\u00a0 SITE :\u00a0 www.escrime-chatillon.fr \u00a0 \u00a0Chatilon escrime Pr\u00e9sident: Mo\u00ebz EL ASSINE Secr\u00e9taire: Juliette EPIS Tr\u00e9sorier: Arnaud CHARLES\u00a0<\/p>\n","protected":false},"author":1,"featured_media":0,"parent":0,"menu_order":0,"comment_status":"closed","ping_status":"closed","template":"","meta":{"footnotes":""},"categories":[3],"class_list":{"0":"post-233","1":"page","2":"type-page","3":"status-publish","5":"category-clubs92"},"_links":{"self":[{"href":"https:\/\/www.escrime-cde92.fr\/index.php?rest_route=\/wp\/v2\/pages\/233","targetHints":{"allow":["GET"]}}],"collection":[{"href":"https:\/\/www.escrime-cde92.fr\/index.php?rest_route=\/wp\/v2\/pages"}],"about":[{"href":"https:\/\/www.escrime-cde92.fr\/index.php?rest_route=\/wp\/v2\/types\/page"}],"author":[{"embeddable":true,"href":"https:\/\/www.escrime-cde92.fr\/index.php?rest_route=\/wp\/v2\/users\/1"}],"replies":[{"embeddable":true,"href":"https:\/\/www.escrime-cde92.fr\/index.php?rest_route=%2Fwp%2Fv2%2Fcomments&post=233"}],"version-history":[{"count":10,"href":"https:\/\/www.escrime-cde92.fr\/index.php?rest_route=\/wp\/v2\/pages\/233\/revisions"}],"predecessor-version":[{"id":4789,"href":"https:\/\/www.escrime-cde92.fr\/index.php?rest_route=\/wp\/v2\/pages\/233\/revisions\/4789"}],"wp:attachment":[{"href":"https:\/\/www.escrime-cde92.fr\/index.php?rest_route=%2Fwp%2Fv2%2Fmedia&parent=233"}],"wp:term":[{"taxonomy":"category","embeddable":true,"href":"https:\/\/www.escrime-cde92.fr\/index.php?rest_route=%2Fwp%2Fv2%2Fcategories&post=233"}],"curies":[{"name":"wp","href":"https:\/\/api.w.org\/{rel}","templated":true}]}}