{"id":221,"date":"2016-11-26T15:10:58","date_gmt":"2016-11-26T14:10:58","guid":{"rendered":"https:\/\/www.escrime-cde92.fr\/?page_id=221"},"modified":"2023-10-22T18:07:25","modified_gmt":"2023-10-22T16:07:25","slug":"boulogne-billancourt","status":"publish","type":"page","link":"https:\/\/www.escrime-cde92.fr\/?page_id=221","title":{"rendered":"Boulogne-Billancourt"},"content":{"rendered":"<table border=\"1\" cellspacing=\"1\" cellpadding=\"1\" align=\"center\">\n<tbody>\n<tr style=\"height: 120px;\">\n<td style=\"height: 120px;\" width=\"200\"><a href=\"https:\/\/www.escrime-cde92.fr\/wp-content\/uploads\/2016\/11\/ACBB_logo.jpg\"><img loading=\"lazy\" decoding=\"async\" class=\"size-full wp-image-222 aligncenter\" src=\"https:\/\/www.escrime-cde92.fr\/wp-content\/uploads\/2016\/11\/ACBB_logo.jpg\" alt=\"acbb_logo\" width=\"116\" height=\"98\" \/><\/a><\/td>\n<td style=\"height: 120px;\"><span style=\"color: #000080;\"><span style=\"text-decoration: underline;\">Armes pratiqu\u00e9es<\/span>:<\/span><br \/>\n<span style=\"color: #000080;\"> <b>\u00c9P\u00c9E<\/b><\/span><br \/>\n<span style=\"color: #000080;\"> <b>SABRE<br \/>\nArtistique<br \/>\nSport-sant\u00e9<\/b><\/span><\/td>\n<td style=\"height: 120px;\">\n<div><span style=\"color: #000080;\"><span style=\"text-decoration: underline;\">Ma\u00eetres d&rsquo;Armes<\/span>:<\/span><\/div>\n<div><span style=\"color: #000080;\">Eric LAUMET<\/span><br \/>\n<span style=\"color: #000080;\">Aldric BENEZET<br \/>\nIsis FRADET<br \/>\nTh\u00e9o BONAVENTURE<\/span><\/div>\n<\/td>\n<\/tr>\n<tr style=\"height: 144.6px;\">\n<td style=\"height: 144.6px;\" width=\"200\"><span style=\"color: #000080;\"><span style=\"text-decoration: underline;\">Salle d&rsquo;armes<\/span>:<\/span><\/p>\n<p><span style=\"color: #000080;\">29-29bis rue de Silly<\/span><br \/>\n<span style=\"color: #000080;\"> 92100 Boulogne-Billancourt<\/span><\/td>\n<td style=\"height: 144.6px;\"><span style=\"color: #000080;\">Courriel :<\/span> <a href=\"mailto:escrime.acbb.presidente@gmail.com?subject=Message%20depuis%20le%20site%20CDE92\" target=\"_blank\" rel=\"noopener\">escrime.acbb.presidente@gmail.com<\/a><\/p>\n<p><span style=\"color: #000080;\">SITE :<\/span>\u00a0 <a href=\"https:\/\/www.acbb.fr\/escrime\" target=\"_blank\" rel=\"noopener\">www.acbb.fr<\/a><\/p>\n<p><a href=\"https:\/\/www.facebook.com\/acbbescrime\" target=\"_blank\" rel=\"noopener\"><img loading=\"lazy\" decoding=\"async\" class=\"alignnone wp-image-834\" src=\"https:\/\/www.escrime-cde92.fr\/wp-content\/uploads\/2016\/11\/FB-fLogo-Blue-broadcast-2-150x150.png\" width=\"30\" height=\"30\" srcset=\"https:\/\/www.escrime-cde92.fr\/wp-content\/uploads\/2016\/11\/FB-fLogo-Blue-broadcast-2-150x150.png 150w, https:\/\/www.escrime-cde92.fr\/wp-content\/uploads\/2016\/11\/FB-fLogo-Blue-broadcast-2.png 250w\" sizes=\"auto, (max-width: 30px) 100vw, 30px\" \/>\u00a0 \u00a0acbbescrime<\/a><\/td>\n<td style=\"height: 144.6px;\"><span style=\"color: #000080;\">Pr\u00e9sidente: Sandrine LAUMET<\/span><\/p>\n<p><span style=\"color: #000080;\">Secr\u00e9taire: Florence ETIENNE<\/span><\/p>\n<p><span style=\"color: #000080;\">Tr\u00e9sorier: Adrien LE DUC<\/span><\/td>\n<\/tr>\n<\/tbody>\n<\/table>\n<p>&nbsp;<\/p>\n","protected":false},"excerpt":{"rendered":"<p>Armes pratiqu\u00e9es: \u00c9P\u00c9E SABRE Artistique Sport-sant\u00e9 Ma\u00eetres d&rsquo;Armes: Eric LAUMET Aldric BENEZET Isis FRADET Th\u00e9o BONAVENTURE Salle d&rsquo;armes: 29-29bis rue de Silly 92100 Boulogne-Billancourt Courriel : escrime.acbb.presidente@gmail.com SITE :\u00a0 www.acbb.fr \u00a0 \u00a0acbbescrime Pr\u00e9sidente: Sandrine LAUMET Secr\u00e9taire: Florence ETIENNE Tr\u00e9sorier: Adrien LE DUC &nbsp;<\/p>\n","protected":false},"author":1,"featured_media":0,"parent":0,"menu_order":0,"comment_status":"closed","ping_status":"closed","template":"","meta":{"footnotes":""},"categories":[3],"class_list":{"0":"post-221","1":"page","2":"type-page","3":"status-publish","5":"category-clubs92"},"_links":{"self":[{"href":"https:\/\/www.escrime-cde92.fr\/index.php?rest_route=\/wp\/v2\/pages\/221","targetHints":{"allow":["GET"]}}],"collection":[{"href":"https:\/\/www.escrime-cde92.fr\/index.php?rest_route=\/wp\/v2\/pages"}],"about":[{"href":"https:\/\/www.escrime-cde92.fr\/index.php?rest_route=\/wp\/v2\/types\/page"}],"author":[{"embeddable":true,"href":"https:\/\/www.escrime-cde92.fr\/index.php?rest_route=\/wp\/v2\/users\/1"}],"replies":[{"embeddable":true,"href":"https:\/\/www.escrime-cde92.fr\/index.php?rest_route=%2Fwp%2Fv2%2Fcomments&post=221"}],"version-history":[{"count":10,"href":"https:\/\/www.escrime-cde92.fr\/index.php?rest_route=\/wp\/v2\/pages\/221\/revisions"}],"predecessor-version":[{"id":4788,"href":"https:\/\/www.escrime-cde92.fr\/index.php?rest_route=\/wp\/v2\/pages\/221\/revisions\/4788"}],"wp:attachment":[{"href":"https:\/\/www.escrime-cde92.fr\/index.php?rest_route=%2Fwp%2Fv2%2Fmedia&parent=221"}],"wp:term":[{"taxonomy":"category","embeddable":true,"href":"https:\/\/www.escrime-cde92.fr\/index.php?rest_route=%2Fwp%2Fv2%2Fcategories&post=221"}],"curies":[{"name":"wp","href":"https:\/\/api.w.org\/{rel}","templated":true}]}}