{"id":216,"date":"2016-11-26T15:08:28","date_gmt":"2016-11-26T14:08:28","guid":{"rendered":"https:\/\/www.escrime-cde92.fr\/?page_id=216"},"modified":"2025-10-05T10:36:53","modified_gmt":"2025-10-05T08:36:53","slug":"bois-colombes","status":"publish","type":"page","link":"https:\/\/www.escrime-cde92.fr\/?page_id=216","title":{"rendered":"Bois-Colombes"},"content":{"rendered":"<div>\n<p>\u200b<\/p>\n<table style=\"width: 94.7727%; height: 270px;\" border=\"1\" cellspacing=\"1\" cellpadding=\"1\" align=\"center\">\n<tbody>\n<tr style=\"height: 98px;\">\n<td style=\"width: 28.1768%; height: 98px;\" width=\"200\"><a href=\"https:\/\/www.escrime-cde92.fr\/wp-content\/uploads\/2025\/10\/blason__logo-BCS.png\"><img loading=\"lazy\" decoding=\"async\" class=\"wp-image-5471 aligncenter\" src=\"https:\/\/www.escrime-cde92.fr\/wp-content\/uploads\/2025\/10\/blason__logo-BCS-300x300.png\" alt=\"\" width=\"97\" height=\"97\" srcset=\"https:\/\/www.escrime-cde92.fr\/wp-content\/uploads\/2025\/10\/blason__logo-BCS-300x300.png 300w, https:\/\/www.escrime-cde92.fr\/wp-content\/uploads\/2025\/10\/blason__logo-BCS-150x150.png 150w, https:\/\/www.escrime-cde92.fr\/wp-content\/uploads\/2025\/10\/blason__logo-BCS-768x768.png 768w, https:\/\/www.escrime-cde92.fr\/wp-content\/uploads\/2025\/10\/blason__logo-BCS.png 1024w\" sizes=\"auto, (max-width: 97px) 100vw, 97px\" \/><\/a><\/td>\n<td style=\"width: 31.9061%; height: 98px;\">\n<div><span style=\"color: #000080;\"><span style=\"text-decoration: underline;\">Armes pratiqu\u00e9es<\/span>:<\/span><\/div>\n<div><span style=\"color: #000080;\"><b>FLEURET<br \/>\n\u00c9P\u00c9E<\/b><\/span><\/div>\n<\/td>\n<td style=\"width: 51.0064%; height: 98px;\">\n<div><span style=\"color: #000080;\"><span style=\"text-decoration: underline;\">Ma\u00eetres d&rsquo;Armes<\/span>:<\/span><\/div>\n<div><span style=\"color: #000080;\">Laurent PELISSIER<\/span><\/div>\n<div><span style=\"color: #000080;\">Jean-Laurent CALVET<\/span><\/div>\n<\/td>\n<\/tr>\n<tr style=\"height: 172px;\">\n<td style=\"width: 28.1768%; height: 172px;\" width=\"200\"><span style=\"color: #000080;\"><span style=\"text-decoration: underline;\">Salle d&rsquo;armes<\/span>:<\/span><\/p>\n<p><span style=\"color: #000080;\">Gymnase A. SMIRLIAN<br \/>\n11 avenue Ren\u00e9e<br \/>\n<\/span><span style=\"color: #000080;\">92270 Bois-Colombes<\/span><\/td>\n<td style=\"width: 31.9061%; height: 172px;\">C<span style=\"color: #000080;\">ourriel :<\/span>\u00a0 <a href=\"mailto:julien.ciacci@gmail.com?subject=Message%20depuis%20le%20site%20CDE92\">julien.ciacci@gmail.com<\/a><\/p>\n<p><span style=\"color: #000080;\">SITE :<\/span>\u00a0 <a href=\"http:\/\/www.bcs-escrime.fr\/\" target=\"_blank\" rel=\"noopener\">www.bcs-escrime.fr<\/a><\/p>\n<p><a href=\"https:\/\/www.facebook.com\/profile.php?id=100063600257335\" target=\"_blank\" rel=\"noopener\"><img loading=\"lazy\" decoding=\"async\" class=\"alignnone wp-image-834\" src=\"https:\/\/www.escrime-cde92.fr\/wp-content\/uploads\/2016\/11\/FB-fLogo-Blue-broadcast-2-150x150.png\" width=\"30\" height=\"30\" srcset=\"https:\/\/www.escrime-cde92.fr\/wp-content\/uploads\/2016\/11\/FB-fLogo-Blue-broadcast-2-150x150.png 150w, https:\/\/www.escrime-cde92.fr\/wp-content\/uploads\/2016\/11\/FB-fLogo-Blue-broadcast-2.png 250w\" sizes=\"auto, (max-width: 30px) 100vw, 30px\" \/>\u00a0 \u00a0bcs escrime<\/a><\/td>\n<td style=\"width: 51.0064%; height: 172px;\"><span style=\"color: #000080;\">Pr\u00e9sident: Julien CIACCI<\/span><\/p>\n<p><span style=\"color: #000080;\">Secr\u00e9taire: Sophie CALVET<\/span><\/p>\n<p><span style=\"color: #000080;\">Tr\u00e9sorier: Erik DU BOISHAMON<\/span><\/td>\n<\/tr>\n<\/tbody>\n<\/table>\n<\/div>\n","protected":false},"excerpt":{"rendered":"<p>\u200b Armes pratiqu\u00e9es: FLEURET \u00c9P\u00c9E Ma\u00eetres d&rsquo;Armes: Laurent PELISSIER Jean-Laurent CALVET Salle d&rsquo;armes: Gymnase A. SMIRLIAN 11 avenue Ren\u00e9e 92270 Bois-Colombes Courriel :\u00a0 julien.ciacci@gmail.com SITE :\u00a0 www.bcs-escrime.fr \u00a0 \u00a0bcs escrime Pr\u00e9sident: Julien CIACCI Secr\u00e9taire: Sophie CALVET Tr\u00e9sorier: Erik DU BOISHAMON<\/p>\n","protected":false},"author":1,"featured_media":0,"parent":0,"menu_order":0,"comment_status":"closed","ping_status":"closed","template":"","meta":{"footnotes":""},"categories":[3],"class_list":{"0":"post-216","1":"page","2":"type-page","3":"status-publish","5":"category-clubs92"},"_links":{"self":[{"href":"https:\/\/www.escrime-cde92.fr\/index.php?rest_route=\/wp\/v2\/pages\/216","targetHints":{"allow":["GET"]}}],"collection":[{"href":"https:\/\/www.escrime-cde92.fr\/index.php?rest_route=\/wp\/v2\/pages"}],"about":[{"href":"https:\/\/www.escrime-cde92.fr\/index.php?rest_route=\/wp\/v2\/types\/page"}],"author":[{"embeddable":true,"href":"https:\/\/www.escrime-cde92.fr\/index.php?rest_route=\/wp\/v2\/users\/1"}],"replies":[{"embeddable":true,"href":"https:\/\/www.escrime-cde92.fr\/index.php?rest_route=%2Fwp%2Fv2%2Fcomments&post=216"}],"version-history":[{"count":20,"href":"https:\/\/www.escrime-cde92.fr\/index.php?rest_route=\/wp\/v2\/pages\/216\/revisions"}],"predecessor-version":[{"id":5472,"href":"https:\/\/www.escrime-cde92.fr\/index.php?rest_route=\/wp\/v2\/pages\/216\/revisions\/5472"}],"wp:attachment":[{"href":"https:\/\/www.escrime-cde92.fr\/index.php?rest_route=%2Fwp%2Fv2%2Fmedia&parent=216"}],"wp:term":[{"taxonomy":"category","embeddable":true,"href":"https:\/\/www.escrime-cde92.fr\/index.php?rest_route=%2Fwp%2Fv2%2Fcategories&post=216"}],"curies":[{"name":"wp","href":"https:\/\/api.w.org\/{rel}","templated":true}]}}