{"id":210,"date":"2016-11-26T15:03:52","date_gmt":"2016-11-26T14:03:52","guid":{"rendered":"https:\/\/www.escrime-cde92.fr\/?page_id=210"},"modified":"2023-10-22T13:34:57","modified_gmt":"2023-10-22T11:34:57","slug":"asnieres","status":"publish","type":"page","link":"https:\/\/www.escrime-cde92.fr\/?page_id=210","title":{"rendered":"Asni\u00e8res"},"content":{"rendered":"<div>\n<table style=\"width: 89.6473%;\" border=\"1\" cellspacing=\"1\" cellpadding=\"1\" align=\"center\">\n<tbody>\n<tr>\n<td style=\"width: 29.5652%;\" width=\"200\"><a href=\"https:\/\/www.escrime-cde92.fr\/wp-content\/uploads\/2016\/11\/Asnieres_logo.jpg\"><img loading=\"lazy\" decoding=\"async\" class=\"size-full wp-image-212 aligncenter\" src=\"https:\/\/www.escrime-cde92.fr\/wp-content\/uploads\/2016\/11\/Asnieres_logo.jpg\" alt=\"asnieres_logo\" width=\"100\" height=\"104\" \/><\/a><\/td>\n<td style=\"width: 34.3312%;\"><span style=\"color: #000080;\"><span style=\"text-decoration: underline;\">Armes pratiqu\u00e9es<\/span>:<\/span><\/p>\n<p><span style=\"color: #000080;\"><b>\u00c9P\u00c9E<br \/>\nFLEURET<\/b><\/span><\/td>\n<td style=\"width: 46.2225%;\">\n<div><span style=\"color: #000080;\"><span style=\"text-decoration: underline;\">Ma\u00eetres d&rsquo;Armes<\/span>:<\/span><\/div>\n<div><\/div>\n<div><span style=\"color: #000080;\">Aignan POURET<\/span><\/div>\n<div><span style=\"color: #000080;\">Ricardo DRON<\/span><\/div>\n<\/td>\n<\/tr>\n<tr>\n<td style=\"width: 29.5652%;\" width=\"200\"><span style=\"color: #000080;\"><span style=\"text-decoration: underline;\">Salle d&rsquo;armes<\/span>:<\/span><\/p>\n<p><span style=\"color: #000080;\">Gymnase Laura Flessel<\/span><br \/>\n<span style=\"color: #000080;\"> 91 boulevard Voltaire<\/span><br \/>\n<span style=\"color: #000080;\"> 92600 Asni\u00e8res-sur-Seine<\/span><\/td>\n<td style=\"width: 34.3312%;\"><span style=\"color: #000080;\">Courriel :<\/span> <a href=\"mailto:asnieres-escrime@sfr.fr?subject=Message%20depuis%20le%20site%20CDE92\">asnieres-escrime@sfr.fr<\/a><\/p>\n<p>S<span style=\"color: #000080;\">ITE :<\/span> <a href=\"http:\/\/www.asnieres-escrime.fr\/\" target=\"_blank\" rel=\"noopener\">www.asnieres-escrime.fr<\/a><\/td>\n<td style=\"width: 46.2225%;\"><span style=\"color: #000080;\">Pr\u00e9sident: Vincent DESMELIERS<\/span><\/p>\n<p><span style=\"color: #000080;\">Secr\u00e9taire: Dominique LEBRUN<\/span><\/p>\n<p><span style=\"color: #000080;\">Tr\u00e9sorier: Fr\u00e9d\u00e9ric LIQUIER<\/span><\/td>\n<\/tr>\n<\/tbody>\n<\/table>\n<\/div>\n","protected":false},"excerpt":{"rendered":"<p>Armes pratiqu\u00e9es: \u00c9P\u00c9E FLEURET Ma\u00eetres d&rsquo;Armes: Aignan POURET Ricardo DRON Salle d&rsquo;armes: Gymnase Laura Flessel 91 boulevard Voltaire 92600 Asni\u00e8res-sur-Seine Courriel : asnieres-escrime@sfr.fr SITE : www.asnieres-escrime.fr Pr\u00e9sident: Vincent DESMELIERS Secr\u00e9taire: Dominique LEBRUN Tr\u00e9sorier: Fr\u00e9d\u00e9ric LIQUIER<\/p>\n","protected":false},"author":1,"featured_media":0,"parent":0,"menu_order":0,"comment_status":"closed","ping_status":"closed","template":"","meta":{"footnotes":""},"categories":[3],"class_list":{"0":"post-210","1":"page","2":"type-page","3":"status-publish","5":"category-clubs92"},"_links":{"self":[{"href":"https:\/\/www.escrime-cde92.fr\/index.php?rest_route=\/wp\/v2\/pages\/210","targetHints":{"allow":["GET"]}}],"collection":[{"href":"https:\/\/www.escrime-cde92.fr\/index.php?rest_route=\/wp\/v2\/pages"}],"about":[{"href":"https:\/\/www.escrime-cde92.fr\/index.php?rest_route=\/wp\/v2\/types\/page"}],"author":[{"embeddable":true,"href":"https:\/\/www.escrime-cde92.fr\/index.php?rest_route=\/wp\/v2\/users\/1"}],"replies":[{"embeddable":true,"href":"https:\/\/www.escrime-cde92.fr\/index.php?rest_route=%2Fwp%2Fv2%2Fcomments&post=210"}],"version-history":[{"count":20,"href":"https:\/\/www.escrime-cde92.fr\/index.php?rest_route=\/wp\/v2\/pages\/210\/revisions"}],"predecessor-version":[{"id":4722,"href":"https:\/\/www.escrime-cde92.fr\/index.php?rest_route=\/wp\/v2\/pages\/210\/revisions\/4722"}],"wp:attachment":[{"href":"https:\/\/www.escrime-cde92.fr\/index.php?rest_route=%2Fwp%2Fv2%2Fmedia&parent=210"}],"wp:term":[{"taxonomy":"category","embeddable":true,"href":"https:\/\/www.escrime-cde92.fr\/index.php?rest_route=%2Fwp%2Fv2%2Fcategories&post=210"}],"curies":[{"name":"wp","href":"https:\/\/api.w.org\/{rel}","templated":true}]}}