{"id":1892,"date":"2017-09-23T20:10:11","date_gmt":"2017-09-23T18:10:11","guid":{"rendered":"https:\/\/www.escrime-cde92.fr\/?page_id=1892"},"modified":"2017-09-23T21:03:52","modified_gmt":"2017-09-23T19:03:52","slug":"reglementation-sportive-dans-les-hauts-de-seine","status":"publish","type":"page","link":"https:\/\/www.escrime-cde92.fr\/?page_id=1892","title":{"rendered":"R\u00e9glementation sportive dans les Hauts-de-Seine"},"content":{"rendered":"<p><span style=\"text-decoration: underline;\"><strong><a href=\"https:\/\/www.escrime-cde92.fr\/wp-content\/uploads\/2017\/09\/Informationssurlar\u00e8glementationsportive.pdf\" target=\"_blank\" rel=\"noopener\">Informations sur la r\u00e9glementation sportive dans les Hauts-de-Seine_mise \u00e0 jour Sept 2016<\/a><\/strong><\/span><\/p>\n<p class=\"MsoNormal\">Dans le cadre de sa mission r\u00e9galienne de protection des pratiquants d&rsquo;activit\u00e9s physiques et sportives, la Direction D\u00e9partementale de la Coh\u00e9sion Sociale des Hauts-de-Seine, en particulier le p\u00f4le Sport, souhaite vous informer de certaines modifications portant sur la r\u00e9glementation sportive en vigueur.<\/p>\n<p><b>Aussi, nous vous sollicitons afin de relayer ces informations aux associations sportives de votre discipline.<\/b><\/p>\n<p>1 \/<u> Depuis l&rsquo;arr\u00eat\u00e9 du 26 mai 2016 relatif \u00e0 la simplification des mesures administratives applicables aux \u00e9tablissements d&rsquo;activit\u00e9s physiques et sportives<\/u>, <b><span style=\"mso-fareast-font-family: 'Times New Roman'; color: #cc0000;\">le certificat m\u00e9dical est retir\u00e9 du formulaire de demande de d\u00e9claration\u00a0 des \u00e9ducateurs sportifs<\/span><\/b> d\u00e9sirant enseigner, animer ou encadrer une ou des activit\u00e9s physiques ou sportives ou entra\u00eener ses pratiquants contre r\u00e9mun\u00e9ration et permettant l&rsquo;obtention de la carte professionnelle. Cependant, selon les cas et l&rsquo;appr\u00e9ciation de la DDCS, celui-ci pourra \u00eatre demand\u00e9.<br \/>\nPour plus de pr\u00e9cisions, veuillez cliquer sur le lien suivant: <a href=\"https:\/\/www.legifrance.gouv.fr\/affichCodeArticle.do?cidTexte=LEGITEXT000006071318&amp;idArticle=LEGIARTI000018752192&amp;dateTexte=&amp;categorieLien=cid\">https:\/\/www.legifrance.gouv.fr\/affichCodeArticle.do?cidTexte=LEGITEXT000006071318&amp;idArticle=LEGIARTI000018752192&amp;dateTexte=&amp;categorieLien=cid<\/a><\/p>\n<p>2 \/ <u>Le d\u00e9cret n\u00b0 2016-1157 du 24 ao\u00fbt 2016 concernant la pr\u00e9sentation du certificat m\u00e9dical pour prendre une licence dans les association sportives fixe les<b> <\/b>conditions de renouvellement de la licence sportive et \u00e9num\u00e8re les disciplines sportives qui pr\u00e9sentent des contraintes particuli\u00e8res pour lesquelles un examen m\u00e9dical sp\u00e9cifique est requis<\/u> (disciplines \u00e0 risque).<br \/>\nIl pr\u00e9voit que <b><span style=\"mso-fareast-font-family: 'Times New Roman'; color: #cc0000;\">la pr\u00e9sentation d\u2019un certificat m\u00e9dical est exig\u00e9e lors de la demande d\u2019une licence ainsi que lors d\u2019un renouvellement de licence tous les trois ans<\/span><\/b>.<\/p>\n<p>Concr\u00e8tement donc, pour la rentr\u00e9e 2016, selon une note adress\u00e9e par la direction des sports aux pr\u00e9sidents des f\u00e9d\u00e9rations, entre le 1er septembre 2016 et le 1er juillet 2017,il est possible de solliciter un renouvellement de licence sans pr\u00e9sentation de certificat m\u00e9dical d\u00e8s lors qu&rsquo;un certificat m\u00e9dical aura \u00e9t\u00e9 pr\u00e9sent\u00e9 \u00e0 l&rsquo;occasion de la rentr\u00e9e 2015-16. <span style=\"font-family: 'Times',serif; mso-fareast-font-family: 'Times New Roman';\">A compter du 1er juillet 2017, les sportifs devront remplir, dans l\u2019intervalle de ces trois ans, un questionnaire de sant\u00e9 dont le contenu sera arr\u00eat\u00e9 prochainement par le ministre charg\u00e9 des sports.<br \/>\n<\/span><br \/>\nPour plus de pr\u00e9cisions, veuillez cliquer sur le lien suivant: <a href=\"https:\/\/www.legifrance.gouv.fr\/eli\/decret\/2016\/8\/24\/VJSV1621537D\/jo\/texte\">https:\/\/www.legifrance.gouv.fr\/eli\/decret\/2016\/8\/24\/VJSV1621537D\/jo\/texte<\/a> ou adressez vos questions par courriel \u00e0 l&rsquo;adresse suivante : <a href=\"mailto:CMNCI@sports.gouv.fr\">CMNCI@sports.gouv.fr<\/a>.<\/p>\n<p><i>Toutefois, vous pouvez vous s&rsquo;adresser \u00e0 un m\u00e9decin comp\u00e9tent pour pratiquer un examen complet, un bilan n\u00e9cessaire pour effectuer chaque rentr\u00e9e en confiance.Durant cette visite, le m\u00e9decin devra s\u2019int\u00e9resser notamment au sport pratiqu\u00e9, \u00e0 la condition physique, aux ant\u00e9c\u00e9dents ou encore au mode vie du pratiquant\/encadrant. Le m\u00e9decin est susceptible de r\u00e9aliser ensuite un bilan morphologique, ost\u00e9o-articulaire, musculaire, cardiovasculaire et \u00e9ventuellement un \u00e9lectrocardiogramme.<\/i><\/p>\n<p>3 \/ <u>Enfin, pour rappel, la Direction D\u00e9partementale de la Coh\u00e9sion Sociale des Hauts-de-Seine, met \u00e0 votre disposition une <b>plaquette d&rsquo;informations sur la r\u00e9glementation sportive<\/b><\/u><b> <\/b>qui s\u2019adresse \u00e0 l\u2019ensemble des associations sportives, des collectivit\u00e9s territoriales et des professionnels exer\u00e7ant dans le domaine des activit\u00e9s physiques ou sportives.<br \/>\n<b><span style=\"font-family: 'Times',serif; mso-fareast-font-family: 'Times New Roman';\">Les conseillers d\u2019animation sportive du p\u00f4le Sport <\/span><\/b><span style=\"font-family: 'Times',serif; mso-fareast-font-family: 'Times New Roman';\">dont les coordonn\u00e9es figurent sur l\u2019outil sont \u00e9galement \u00e0 votre disposition pour tout renseignement compl\u00e9mentaire. <\/span>Je vous invite \u00e0 visiter le site de la pr\u00e9fecture des Hauts-de-Seine en cliquant sur le lien ci dessous:<br \/>\n<a href=\"http:\/\/www.hauts-de-seine.gouv.fr\/Politiques-publiques\/Jeunesse-sport-et-Cohesion-sociale\/Jeunesse-et-sport\/Reglementation-dans-le-domaine-de-la-jeunesse-et-des-sports\" target=\"_blank\" rel=\"noopener\">http:\/\/www.hauts-de-seine.gouv.fr\/Politiques-publiques\/Jeunesse-sport-et-Cohesion-sociale\/Jeunesse-et-sport\/Reglementation-dans-le-domaine-de-la-jeunesse-et-des-sports<\/a><\/p>\n<p>Bien cordialement,<\/p>\n<p><span style=\"font-size: 12pt; font-family: 'Times New Roman', serif;\">&#8212;<br \/>\n<b>Thibault Margolles<\/b><br \/>\n<b><i>Professeur de Sport &#8211; Conseiller d&rsquo;Animation Sportive<\/i><br \/>\nP\u00f4le SPORT<br \/>\nDirection D\u00e9partementale de la Coh\u00e9sion Sociale des Hauts de Seine<br \/>\n167-177 av. Joliot Curie 92013 Nanterre Cedex<br \/>\n<!-- [if !supportLineBreakNewLine]--><br \/>\n<!--[endif]--><\/b><\/span><\/p>\n","protected":false},"excerpt":{"rendered":"<p>Informations sur la r\u00e9glementation sportive dans les Hauts-de-Seine_mise \u00e0 jour Sept 2016 Dans le cadre de sa mission r\u00e9galienne de protection des pratiquants d&rsquo;activit\u00e9s physiques et sportives, la Direction D\u00e9partementale de la Coh\u00e9sion Sociale des Hauts-de-Seine, en particulier le p\u00f4le Sport, souhaite vous informer de certaines modifications portant sur la r\u00e9glementation sportive en vigueur. Aussi, &#8230; <a title=\"R\u00e9glementation sportive dans les Hauts-de-Seine\" class=\"read-more\" href=\"https:\/\/www.escrime-cde92.fr\/?page_id=1892\" aria-label=\"En savoir plus sur R\u00e9glementation sportive dans les Hauts-de-Seine\">Lire la suite<\/a><\/p>\n","protected":false},"author":1,"featured_media":0,"parent":0,"menu_order":0,"comment_status":"closed","ping_status":"closed","template":"","meta":{"footnotes":""},"categories":[26],"class_list":{"0":"post-1892","1":"page","2":"type-page","3":"status-publish","5":"category-vie-des-clubs"},"_links":{"self":[{"href":"https:\/\/www.escrime-cde92.fr\/index.php?rest_route=\/wp\/v2\/pages\/1892","targetHints":{"allow":["GET"]}}],"collection":[{"href":"https:\/\/www.escrime-cde92.fr\/index.php?rest_route=\/wp\/v2\/pages"}],"about":[{"href":"https:\/\/www.escrime-cde92.fr\/index.php?rest_route=\/wp\/v2\/types\/page"}],"author":[{"embeddable":true,"href":"https:\/\/www.escrime-cde92.fr\/index.php?rest_route=\/wp\/v2\/users\/1"}],"replies":[{"embeddable":true,"href":"https:\/\/www.escrime-cde92.fr\/index.php?rest_route=%2Fwp%2Fv2%2Fcomments&post=1892"}],"version-history":[{"count":3,"href":"https:\/\/www.escrime-cde92.fr\/index.php?rest_route=\/wp\/v2\/pages\/1892\/revisions"}],"predecessor-version":[{"id":1898,"href":"https:\/\/www.escrime-cde92.fr\/index.php?rest_route=\/wp\/v2\/pages\/1892\/revisions\/1898"}],"wp:attachment":[{"href":"https:\/\/www.escrime-cde92.fr\/index.php?rest_route=%2Fwp%2Fv2%2Fmedia&parent=1892"}],"wp:term":[{"taxonomy":"category","embeddable":true,"href":"https:\/\/www.escrime-cde92.fr\/index.php?rest_route=%2Fwp%2Fv2%2Fcategories&post=1892"}],"curies":[{"name":"wp","href":"https:\/\/api.w.org\/{rel}","templated":true}]}}