{"id":1348,"date":"2019-07-01T19:35:16","date_gmt":"2019-07-01T17:35:16","guid":{"rendered":"https:\/\/www.escrime-cde92.fr\/?page_id=1348"},"modified":"2025-09-02T09:23:16","modified_gmt":"2025-09-02T07:23:16","slug":"resultats-formation-arbitres","status":"publish","type":"page","link":"https:\/\/www.escrime-cde92.fr\/?page_id=1348","title":{"rendered":"R\u00e9sultats formation arbitres"},"content":{"rendered":"<p style=\"text-align: center;\"><span style=\"color: #0000ff; font-size: 14pt;\"><strong>R\u00c9SULTATS FORMATION ARBITRE D\u00c9PARTEMENTAL<\/strong><\/span><strong><span style=\"color: #0000ff;\">\u00a0<\/span> \u00a0 \u00a0\u00a0<\/strong><\/p>\n<p>&nbsp;<\/p>\n<table style=\"width: 100%; height: 312px;\" border=\"1\" cellspacing=\"1\" cellpadding=\"1\" align=\"center\">\n<tbody>\n<tr style=\"height: 24px;\">\n<td style=\"text-align: center; width: 24.9311%; background-color: #e1e7ed; height: 24px;\"><strong><span style=\"color: #0000ff;\">2024-2025<\/span><\/strong><\/td>\n<td style=\"text-align: center; width: 25.0689%; background-color: #e1e7ed; height: 24px;\"><span style=\"text-decoration: underline;\"><strong><a href=\"https:\/\/www.escrime-cde92.fr\/wp-content\/uploads\/2023\/04\/arbitres-en-formation-2024-2025_fleuret.pdf\" target=\"_blank\" rel=\"noopener\">Fleuret<\/a><\/strong><\/span><\/td>\n<td style=\"text-align: center; width: 24.9311%; background-color: #e1e7ed; height: 24px;\"><span style=\"text-decoration: underline;\"><strong><a href=\"https:\/\/www.escrime-cde92.fr\/wp-content\/uploads\/2025\/09\/arbitres-en-formation-2024-2025_epee.pdf\" target=\"_blank\" rel=\"noopener\">Ep\u00e9e<\/a><\/strong><\/span><\/td>\n<td style=\"text-align: center; width: 25.0689%; background-color: #e1e7ed; height: 24px;\"><strong><a href=\"https:\/\/www.escrime-cde92.fr\/wp-content\/uploads\/2023\/04\/arbitres-en-formation-2024-2025_sabre.pdf\" target=\"_blank\" rel=\"noopener\">en attente des informations<\/a><\/strong><\/td>\n<\/tr>\n<tr style=\"height: 24px;\">\n<td style=\"text-align: center; width: 24.9311%; background-color: #c5d9f1; height: 24px;\"><strong><span style=\"color: #0000ff;\">2023-2024<\/span><\/strong><\/td>\n<td style=\"text-align: center; width: 25.0689%; background-color: #c5d9f1; height: 24px;\"><span style=\"text-decoration: underline;\"><strong><a href=\"https:\/\/www.escrime-cde92.fr\/wp-content\/uploads\/2023\/04\/arbitres-en-formation-2023-2024_fleuret.pdf\" target=\"_blank\" rel=\"noopener\">Fleuret<\/a><\/strong><\/span><\/td>\n<td style=\"text-align: center; width: 24.9311%; background-color: #c5d9f1; height: 24px;\"><span style=\"text-decoration: underline;\"><strong><a href=\"https:\/\/www.escrime-cde92.fr\/wp-content\/uploads\/2023\/04\/arbitres-en-formation-2023-2024_epee.pdf\" target=\"_blank\" rel=\"noopener\">Ep\u00e9e<\/a><\/strong><\/span><\/td>\n<td style=\"text-align: center; width: 25.0689%; background-color: #c5d9f1; height: 24px;\"><span style=\"text-decoration: underline;\"><strong>en attente des informations\u00a0<\/strong><\/span><\/td>\n<\/tr>\n<tr style=\"height: 24px;\">\n<td style=\"text-align: center; width: 24.9311%; background-color: #e1e7ed; height: 24px;\"><strong><span style=\"color: #0000ff;\">2022-2023<\/span><\/strong><\/td>\n<td style=\"text-align: center; width: 25.0689%; background-color: #e1e7ed; height: 24px;\"><span style=\"text-decoration: underline;\"><strong><a href=\"https:\/\/www.escrime-cde92.fr\/wp-content\/uploads\/2023\/04\/arbitres-en-formation-2022-2023_fleuret.pdf\" target=\"_blank\" rel=\"noopener\">Fleuret<\/a><\/strong><\/span><\/td>\n<td style=\"text-align: center; width: 24.9311%; background-color: #e1e7ed; height: 24px;\"><span style=\"text-decoration: underline;\"><strong><a href=\"https:\/\/www.escrime-cde92.fr\/wp-content\/uploads\/2023\/04\/arbitres-en-formation-2022-2023_epee.pdf\" target=\"_blank\" rel=\"noopener\">Ep\u00e9e<\/a><\/strong><\/span><\/td>\n<td style=\"text-align: center; width: 25.0689%; background-color: #e1e7ed; height: 24px;\"><span style=\"text-decoration: underline;\"><strong><a href=\"https:\/\/www.escrime-cde92.fr\/wp-content\/uploads\/2023\/04\/arbitres-en-formation-2022-2023_sabre.pdf\" target=\"_blank\" rel=\"noopener\">Sabre<\/a><\/strong><\/span><\/td>\n<\/tr>\n<tr style=\"height: 24px;\">\n<td style=\"text-align: center; background-color: #c5d9f1; width: 24.9311%; height: 24px;\"><strong><span style=\"color: #0000ff;\">2021-2022<\/span><\/strong><\/td>\n<td style=\"text-align: center; background-color: #c5d9f1; width: 25.0689%; height: 24px;\"><span style=\"text-decoration: underline;\"><strong><a title=\"Ep\u00e9e\" href=\"https:\/\/www.escrime-cde92.fr\/wp-content\/uploads\/2021\/09\/arbitres-en-formation-2021-2022_fleuret.pdf\" target=\"_blank\" rel=\"noopener\">Fleuret<\/a><\/strong><\/span><\/td>\n<td style=\"text-align: center; background-color: #c5d9f1; width: 24.9311%; height: 24px;\"><span style=\"text-decoration: underline;\"><strong><a href=\"https:\/\/www.escrime-cde92.fr\/wp-content\/uploads\/2021\/09\/arbitres-en-formation-2021-2022_epee.pdf\" target=\"_blank\" rel=\"noopener\">Ep\u00e9e<\/a><\/strong><\/span><\/td>\n<td style=\"text-align: center; background-color: #c5d9f1; width: 25.0689%; height: 24px;\"><span style=\"text-decoration: underline;\"><strong><a href=\"https:\/\/www.escrime-cde92.fr\/wp-content\/uploads\/2021\/09\/arbitres-en-formation-2021-2022_sabre.pdf\" target=\"_blank\" rel=\"noopener\">Sabre<\/a><\/strong><\/span><\/td>\n<\/tr>\n<tr style=\"height: 24px;\">\n<td style=\"text-align: center; background-color: #e1e7ed; width: 24.9311%; height: 24px;\"><strong><span style=\"color: #0000ff;\">2020-2021<\/span><\/strong><\/td>\n<td style=\"text-align: center; background-color: #e1e7ed; width: 75.0689%; height: 24px;\" colspan=\"3\"><span style=\"text-decoration: underline; font-size: 10pt;\"><strong>formation prolong\u00e9e sur la saison 2021-2022 (covid)<\/strong><\/span><\/td>\n<\/tr>\n<tr style=\"height: 24px;\">\n<td style=\"text-align: center; background-color: #c5d9f1; height: 24px; width: 24.9311%;\"><strong><span style=\"color: #0000ff;\">2019-2020<\/span><\/strong><\/td>\n<td style=\"text-align: center; background-color: #c5d9f1; height: 24px; width: 25.0689%;\"><a href=\"https:\/\/www.escrime-cde92.fr\/wp-content\/uploads\/2019\/10\/arbitres-en-formation-2019-2020_fleuret.pdf\" target=\"_blank\" rel=\"noopener noreferrer\"><span style=\"text-decoration: underline;\"><strong>Fleuret<\/strong><\/span><\/a><\/td>\n<td style=\"text-align: center; background-color: #c5d9f1; height: 24px; width: 24.9311%;\"><span style=\"text-decoration: underline;\"><strong><a href=\"https:\/\/www.escrime-cde92.fr\/wp-content\/uploads\/2019\/10\/arbitres-en-formation-2019-2020_epee.pdf\" target=\"_blank\" rel=\"noopener noreferrer\">Ep\u00e9e<\/a><\/strong><\/span><\/td>\n<td style=\"text-align: center; background-color: #c5d9f1; height: 24px; width: 25.0689%;\"><span style=\"text-decoration: underline;\"><strong><a href=\"https:\/\/www.escrime-cde92.fr\/wp-content\/uploads\/2019\/10\/arbitres-en-formation-2019-2020_sabre.pdf\" target=\"_blank\" rel=\"noopener noreferrer\">Sabre<\/a><\/strong><\/span><\/td>\n<\/tr>\n<tr style=\"height: 24px;\">\n<td style=\"text-align: center; background-color: #e1e7ed; height: 24px; width: 24.9311%;\"><strong><span style=\"color: #0000ff;\">2018-2019<\/span><\/strong><\/td>\n<td style=\"text-align: center; background-color: #e1e7ed; height: 24px; width: 25.0689%;\"><strong><a href=\"https:\/\/www.escrime-cde92.fr\/wp-content\/uploads\/2018\/09\/arbitres-en-formation-2018-2019_fleuret.pdf\" target=\"_blank\" rel=\"noopener noreferrer\"><span style=\"text-decoration: underline;\">Fleuret<\/span><\/a><\/strong><\/td>\n<td style=\"text-align: center; background-color: #e1e7ed; height: 24px; width: 24.9311%;\"><a href=\"https:\/\/www.escrime-cde92.fr\/wp-content\/uploads\/2018\/09\/arbitres-en-formation-2018-2019_epee.pdf\" target=\"_blank\" rel=\"noopener noreferrer\"><span style=\"text-decoration: underline;\"><strong>\u00c9p\u00e9e<\/strong><\/span><\/a><\/td>\n<td style=\"text-align: center; background-color: #e1e7ed; height: 24px; width: 25.0689%;\"><span style=\"text-decoration: underline;\"><strong><a href=\"https:\/\/www.escrime-cde92.fr\/wp-content\/uploads\/2018\/09\/arbitres-en-formation-2018-2019_sabre.pdf\" target=\"_blank\" rel=\"noopener noreferrer\">Sabre<\/a><\/strong><\/span><\/td>\n<\/tr>\n<tr style=\"height: 24px;\">\n<td style=\"text-align: center; background-color: #c5d9f1; height: 24px; width: 24.9311%;\"><span style=\"color: #0000ff;\"><strong>2017-2018<\/strong><\/span><\/td>\n<td style=\"text-align: center; background-color: #c5d9f1; height: 24px; width: 25.0689%;\"><span style=\"text-decoration: underline;\"><strong><a href=\"https:\/\/www.escrime-cde92.fr\/wp-content\/uploads\/2017\/09\/arbitres-en-formation-2017-2018_fleuret.pdf\" target=\"_blank\" rel=\"noopener noreferrer\">Fleuret<\/a><\/strong><\/span><\/td>\n<td style=\"text-align: center; background-color: #c5d9f1; height: 24px; width: 24.9311%;\"><span style=\"text-decoration: underline;\"><strong><a href=\"https:\/\/www.escrime-cde92.fr\/wp-content\/uploads\/2017\/09\/arbitres-en-formation-2017-2018_epee.pdf\" target=\"_blank\" rel=\"noopener noreferrer\">\u00c9p\u00e9e<\/a><\/strong><\/span><\/td>\n<td style=\"text-align: center; background-color: #c5d9f1; height: 24px; width: 25.0689%;\"><span style=\"text-decoration: underline;\"><strong><a href=\"https:\/\/www.escrime-cde92.fr\/wp-content\/uploads\/2017\/09\/arbitres-en-formation-2017-2018_sabre.pdf\" target=\"_blank\" rel=\"noopener noreferrer\">Sabre<\/a><\/strong><\/span><\/td>\n<\/tr>\n<tr style=\"height: 24px;\">\n<td style=\"height: 24px; background-color: #e1e7ed; text-align: center; width: 24.9311%;\"><span style=\"color: #0000ff;\"><strong>2016-2017<\/strong><\/span><\/td>\n<td style=\"background-color: #e1e7ed; text-align: center; height: 24px; width: 25.0689%;\"><span style=\"text-decoration: underline;\"><strong><a href=\"https:\/\/www.escrime-cde92.fr\/wp-content\/uploads\/2017\/05\/arbitres-en-formation-2016-2017_fleuret.pdf\" target=\"_blank\" rel=\"noopener noreferrer\">Fleuret<\/a><\/strong><\/span><\/td>\n<td style=\"background-color: #e1e7ed; text-align: center; height: 24px; width: 24.9311%;\"><span style=\"text-decoration: underline;\"><strong><a href=\"https:\/\/www.escrime-cde92.fr\/wp-content\/uploads\/2017\/02\/arbitres-en-formation-2016-2017_epee.pdf\" target=\"_blank\" rel=\"noopener noreferrer\">\u00c9p\u00e9e<\/a><\/strong><\/span><\/td>\n<td style=\"background-color: #e1e7ed; text-align: center; height: 24px; width: 25.0689%;\"><span style=\"text-decoration: underline;\"><strong><a href=\"https:\/\/www.escrime-cde92.fr\/wp-content\/uploads\/2017\/05\/arbitres-en-formation-2016-2017_sabre.pdf\" target=\"_blank\" rel=\"noopener noreferrer\">Sabre<\/a><\/strong><\/span><\/td>\n<\/tr>\n<tr style=\"height: 24px;\">\n<td style=\"height: 24px; background-color: #c5d9f1; text-align: center; width: 24.9311%;\"><span style=\"color: #0000ff;\"><strong>2015-2016<\/strong><\/span><\/td>\n<td style=\"height: 24px; background-color: #c5d9f1; text-align: center; width: 25.0689%;\"><span style=\"text-decoration: underline;\"><strong><a href=\"https:\/\/www.escrime-cde92.fr\/wp-content\/uploads\/2017\/02\/arbitres-en-formation_2015-2016_fleuret_resultats.pdf\" target=\"_blank\" rel=\"noopener noreferrer\">Fleuret<\/a><\/strong><\/span><\/td>\n<td style=\"height: 24px; background-color: #c5d9f1; text-align: center; width: 24.9311%;\"><span style=\"text-decoration: underline;\"><strong><a href=\"https:\/\/www.escrime-cde92.fr\/wp-content\/uploads\/2017\/02\/arbitres-en-formation_2015-2016_epee_resultats.pdf\" target=\"_blank\" rel=\"noopener noreferrer\">\u00c9p\u00e9e<\/a><\/strong><\/span><\/td>\n<td style=\"height: 24px; background-color: #c5d9f1; text-align: center; width: 25.0689%;\"><span style=\"text-decoration: underline;\"><strong><a href=\"https:\/\/www.escrime-cde92.fr\/wp-content\/uploads\/2017\/02\/arbitres-en-formation_2015-2016_sabre_resultats.pdf\" target=\"_blank\" rel=\"noopener noreferrer\">Sabre<\/a><\/strong><\/span><\/td>\n<\/tr>\n<tr style=\"height: 24px;\">\n<td style=\"height: 24px; background-color: #e1e7ed; text-align: center; width: 24.9311%;\"><span style=\"color: #0000ff;\"><strong>2014-2015<\/strong><\/span><\/td>\n<td style=\"height: 24px; background-color: #e1e7ed; text-align: center; width: 25.0689%;\"><span style=\"text-decoration: underline;\"><strong><a href=\"https:\/\/www.escrime-cde92.fr\/wp-content\/uploads\/2017\/02\/arbitres-en-formation_2014-2015_fleuret_resultats.pdf\" target=\"_blank\" rel=\"noopener noreferrer\">Fleuret<\/a><\/strong><\/span><\/td>\n<td style=\"height: 24px; background-color: #e1e7ed; text-align: center; width: 24.9311%;\"><span style=\"text-decoration: underline;\"><strong><a href=\"https:\/\/www.escrime-cde92.fr\/wp-content\/uploads\/2017\/02\/arbitres-en-formation_2014-2015_epee_resultats.pdf\" target=\"_blank\" rel=\"noopener noreferrer\">\u00c9p\u00e9e<\/a><\/strong><\/span><\/td>\n<td style=\"height: 24px; background-color: #e1e7ed; text-align: center; width: 25.0689%;\"><span style=\"text-decoration: underline;\"><strong><a href=\"https:\/\/www.escrime-cde92.fr\/wp-content\/uploads\/2017\/02\/arbitres-en-formation_2014-2015_sabre_resultats.pdf\" target=\"_blank\" rel=\"noopener noreferrer\">Sabre<\/a><\/strong><\/span><\/td>\n<\/tr>\n<tr style=\"height: 24.4px;\">\n<td style=\"height: 24px; background-color: #c5d9f1; text-align: center; width: 24.9311%;\"><span style=\"color: #0000ff;\"><strong>2013-2014<\/strong><\/span><\/td>\n<td style=\"height: 24px; background-color: #c5d9f1; text-align: center; width: 25.0689%;\"><span style=\"text-decoration: underline;\"><strong><a href=\"https:\/\/www.escrime-cde92.fr\/wp-content\/uploads\/2017\/02\/arbitres-en-formation_2013-2014_fleuret_resultats.pdf\" target=\"_blank\" rel=\"noopener noreferrer\">Fleuret<\/a><\/strong><\/span><\/td>\n<td style=\"height: 24px; background-color: #c5d9f1; text-align: center; width: 24.9311%;\"><span style=\"text-decoration: underline;\"><strong><a href=\"https:\/\/www.escrime-cde92.fr\/wp-content\/uploads\/2017\/02\/arbitres-en-formation_2013-2014_epee_resultats.pdf\" target=\"_blank\" rel=\"noopener noreferrer\">\u00c9p\u00e9e<\/a><\/strong><\/span><\/td>\n<td style=\"height: 24px; background-color: #c5d9f1; text-align: center; width: 25.0689%;\"><span style=\"text-decoration: underline;\"><strong><a href=\"https:\/\/www.escrime-cde92.fr\/wp-content\/uploads\/2017\/02\/arbitres-en-formation_2013-2014_sabre_resultats.pdf\" target=\"_blank\" rel=\"noopener noreferrer\">Sabre<\/a><\/strong><\/span><\/td>\n<\/tr>\n<tr style=\"height: 24px;\">\n<td style=\"height: 24px; background-color: #e1e7ed; text-align: center; width: 24.9311%;\"><span style=\"color: #0000ff;\"><strong>2012-2013<\/strong><\/span><\/td>\n<td style=\"height: 24px; background-color: #e1e7ed; text-align: center; width: 25.0689%;\"><span style=\"text-decoration: underline;\"><strong><a href=\"https:\/\/www.escrime-cde92.fr\/wp-content\/uploads\/2017\/02\/arbitres-en-formation_2012-2013_fleuret_resultats.pdf\" target=\"_blank\" rel=\"noopener noreferrer\">Fleuret<\/a><\/strong><\/span><\/td>\n<td style=\"height: 24px; background-color: #e1e7ed; text-align: center; width: 24.9311%;\"><span style=\"text-decoration: underline;\"><strong><a href=\"https:\/\/www.escrime-cde92.fr\/wp-content\/uploads\/2017\/02\/arbitres-en-formation_2012_2013_epee_resultats.pdf\" target=\"_blank\" rel=\"noopener noreferrer\">\u00c9p\u00e9e<\/a><\/strong><\/span><\/td>\n<td style=\"height: 24px; background-color: #e1e7ed; text-align: center; width: 25.0689%;\"><\/td>\n<\/tr>\n<tr style=\"height: 24px;\">\n<td style=\"height: 24px; background-color: #c5d9f1; text-align: center; width: 24.9311%;\"><span style=\"color: #0000ff;\"><strong>2011-2012<\/strong><\/span><\/td>\n<td style=\"height: 24px; background-color: #c5d9f1; text-align: center; width: 25.0689%;\"><span style=\"text-decoration: underline;\"><strong><a href=\"https:\/\/www.escrime-cde92.fr\/wp-content\/uploads\/2017\/02\/Arbitres-en-formation_2011-2012_fleuret_resultats.pdf\" target=\"_blank\" rel=\"noopener noreferrer\">Fleuret<\/a><\/strong><\/span><\/td>\n<td style=\"height: 24px; background-color: #c5d9f1; text-align: center; width: 24.9311%;\"><span style=\"text-decoration: underline;\"><strong><a href=\"https:\/\/www.escrime-cde92.fr\/wp-content\/uploads\/2017\/02\/Arbitres-en-formation_2011-2012_epee-resultats.pdf\" target=\"_blank\" rel=\"noopener noreferrer\">\u00c9p\u00e9e<\/a><\/strong><\/span><\/td>\n<td style=\"height: 24px; background-color: #c5d9f1; text-align: center; width: 25.0689%;\"><\/td>\n<\/tr>\n<\/tbody>\n<\/table>\n","protected":false},"excerpt":{"rendered":"<p>R\u00c9SULTATS FORMATION ARBITRE D\u00c9PARTEMENTAL\u00a0 \u00a0 \u00a0\u00a0 &nbsp; 2024-2025 Fleuret Ep\u00e9e en attente des informations 2023-2024 Fleuret Ep\u00e9e en attente des informations\u00a0 2022-2023 Fleuret Ep\u00e9e Sabre 2021-2022 Fleuret Ep\u00e9e Sabre 2020-2021 formation prolong\u00e9e sur la saison 2021-2022 (covid) 2019-2020 Fleuret Ep\u00e9e Sabre 2018-2019 Fleuret \u00c9p\u00e9e Sabre 2017-2018 Fleuret \u00c9p\u00e9e Sabre 2016-2017 Fleuret \u00c9p\u00e9e Sabre 2015-2016 Fleuret &#8230; <a title=\"R\u00e9sultats formation arbitres\" class=\"read-more\" href=\"https:\/\/www.escrime-cde92.fr\/?page_id=1348\" aria-label=\"En savoir plus sur R\u00e9sultats formation arbitres\">Lire la suite<\/a><\/p>\n","protected":false},"author":1,"featured_media":0,"parent":0,"menu_order":0,"comment_status":"closed","ping_status":"closed","template":"","meta":{"footnotes":""},"categories":[17],"class_list":{"0":"post-1348","1":"page","2":"type-page","3":"status-publish","5":"category-arbitrage"},"_links":{"self":[{"href":"https:\/\/www.escrime-cde92.fr\/index.php?rest_route=\/wp\/v2\/pages\/1348","targetHints":{"allow":["GET"]}}],"collection":[{"href":"https:\/\/www.escrime-cde92.fr\/index.php?rest_route=\/wp\/v2\/pages"}],"about":[{"href":"https:\/\/www.escrime-cde92.fr\/index.php?rest_route=\/wp\/v2\/types\/page"}],"author":[{"embeddable":true,"href":"https:\/\/www.escrime-cde92.fr\/index.php?rest_route=\/wp\/v2\/users\/1"}],"replies":[{"embeddable":true,"href":"https:\/\/www.escrime-cde92.fr\/index.php?rest_route=%2Fwp%2Fv2%2Fcomments&post=1348"}],"version-history":[{"count":30,"href":"https:\/\/www.escrime-cde92.fr\/index.php?rest_route=\/wp\/v2\/pages\/1348\/revisions"}],"predecessor-version":[{"id":5432,"href":"https:\/\/www.escrime-cde92.fr\/index.php?rest_route=\/wp\/v2\/pages\/1348\/revisions\/5432"}],"wp:attachment":[{"href":"https:\/\/www.escrime-cde92.fr\/index.php?rest_route=%2Fwp%2Fv2%2Fmedia&parent=1348"}],"wp:term":[{"taxonomy":"category","embeddable":true,"href":"https:\/\/www.escrime-cde92.fr\/index.php?rest_route=%2Fwp%2Fv2%2Fcategories&post=1348"}],"curies":[{"name":"wp","href":"https:\/\/api.w.org\/{rel}","templated":true}]}}