{"id":12,"date":"2016-11-20T18:26:13","date_gmt":"2016-11-20T17:26:13","guid":{"rendered":"http:\/\/www.escrime-cde92.fr\/?page_id=12"},"modified":"2021-10-03T19:12:20","modified_gmt":"2021-10-03T17:12:20","slug":"composition-du-comite-departemental","status":"publish","type":"page","link":"https:\/\/www.escrime-cde92.fr\/?page_id=12","title":{"rendered":"Composition du comit\u00e9 d\u00e9partemental"},"content":{"rendered":"<table style=\"height: 101px;\" width=\"154\">\n<tbody>\n<tr>\n<td style=\"width: 144px; text-align: center;\"><a href=\"mailto:presidente@escrime-cde92.fr?subject=Message \u00e0 partir du site du CDE92\">PR\u00c9SIDENTE<\/a><\/td>\n<\/tr>\n<tr>\n<td style=\"width: 144px; text-align: center;\"><a href=\"mailto:presidente@escrime-cde92.fr?subject=Message \u00e0 partir du site du CDE92\"><img loading=\"lazy\" decoding=\"async\" class=\"alignnone wp-image-20 size-full\" src=\"https:\/\/www.escrime-cde92.fr\/wp-content\/uploads\/2016\/11\/Pascale_LEGINY.jpg\" width=\"150\" height=\"180\" \/><\/a><\/td>\n<\/tr>\n<tr>\n<td style=\"width: 144px; text-align: center;\"><a href=\"mailto:presidente@escrime-cde92.fr?subject=Message \u00e0 partir du site du CDE92\">Pascale LEGINY<\/a><\/td>\n<\/tr>\n<\/tbody>\n<\/table>\n<table>\n<tbody>\n<tr style=\"height: 24px;\">\n<td style=\"height: 24px; text-align: center; width: 153.867px;\"><a href=\"mailto:secretaire@escrime-cde92.fr?subject=Message \u00e0 partir du site du CDE92\">SECR\u00c9TAIRE<\/a><\/td>\n<td style=\"height: 24px; text-align: center; width: 171.217px;\"><a href=\"mailto:contact@escrime-cde92.fr?subject=Message \u00e0 partir du site du CDE92\">TR\u00c9SORIER<\/a><\/td>\n<td style=\"height: 24px; text-align: center; width: 187.683px;\"><a href=\"mailto:contact@escrime-cde92.fr?subject=Message \u00e0 partir du site du CDE92\">TR\u00c9SORIERE ADJOINTE<\/a><\/td>\n<\/tr>\n<tr style=\"height: 24px;\">\n<td style=\"height: 24px; text-align: center; width: 153.867px;\"><a href=\"mailto:secretaire@escrime-cde92.fr?subject=Message \u00e0 partir du site du CDE92\"><img loading=\"lazy\" decoding=\"async\" class=\"alignnone wp-image-22 size-full\" src=\"https:\/\/www.escrime-cde92.fr\/wp-content\/uploads\/2016\/11\/Sylvie_DAUB.jpg\" width=\"150\" height=\"180\" \/><\/a><\/td>\n<td style=\"height: 24px; text-align: center; width: 171.217px;\"><a href=\"mailto:contact@escrime-cde92.fr?subject=Message \u00e0 partir du site du CDE92\"><img loading=\"lazy\" decoding=\"async\" class=\"alignnone wp-image-1484\" src=\"https:\/\/www.escrime-cde92.fr\/wp-content\/uploads\/2016\/11\/jamesL.jpg\" alt=\"\" width=\"148\" height=\"188\" \/><\/a><\/td>\n<td style=\"height: 24px; text-align: center; width: 187.683px;\"><a href=\"mailto:contact@escrime-cde92.fr?subject=Message \u00e0 partir du site du CDE92\"><img loading=\"lazy\" decoding=\"async\" class=\"alignnone size-full wp-image-15\" src=\"https:\/\/www.escrime-cde92.fr\/wp-content\/uploads\/2016\/11\/anne.jpg\" alt=\"\" width=\"165\" height=\"199\" \/><\/a><\/td>\n<\/tr>\n<tr style=\"height: 24.8px;\">\n<td style=\"height: 24.8px; text-align: center; width: 153.867px;\"><a href=\"mailto:secretaire@escrime-cde92.fr?subject=Message \u00e0 partir du site du CDE92\">Sylvie DAUB<\/a><\/td>\n<td style=\"height: 24.8px; text-align: center; width: 171.217px;\"><a href=\"mailto:contact@escrime-cde92.fr?subject=Message \u00e0 partir du site du CDE92\" target=\"_blank\" rel=\"noopener\">James LEGINY<\/a><\/td>\n<td style=\"height: 24.8px; text-align: center; width: 187.683px;\"><a href=\"mailto:contact@escrime-cde92.fr?subject=Message \u00e0 partir du site du CDE92\">Anne SARRABEZOLLES<\/a><\/td>\n<\/tr>\n<\/tbody>\n<\/table>\n<table>\n<tbody>\n<tr style=\"height: 24px;\">\n<td style=\"height: 24px; text-align: center; width: 153.867px;\"><a href=\"https:\/\/www.escrime-cde92.fr\/wp-content\/uploads\/2017\/03\/valery-e1488867581110.jpg\"><img loading=\"lazy\" decoding=\"async\" class=\"alignnone wp-image-1544 \" src=\"https:\/\/www.escrime-cde92.fr\/wp-content\/uploads\/2017\/03\/valery-e1488867581110.jpg\" alt=\"\" width=\"140\" height=\"181\" \/><\/a><\/td>\n<td style=\"height: 24px; text-align: center; width: 171.217px;\"><a href=\"mailto:contact@escrime-cde92.fr?subject=Message \u00e0 partir du site du CDE92\"><img loading=\"lazy\" decoding=\"async\" class=\"alignnone wp-image-16\" src=\"https:\/\/www.escrime-cde92.fr\/wp-content\/uploads\/2016\/11\/Ariane-DELAHAYE.jpg\" width=\"133\" height=\"180\" \/><\/a><\/td>\n<td style=\"height: 24px; text-align: center; width: 187.683px;\"><\/td>\n<\/tr>\n<tr style=\"height: 24.8px;\">\n<td style=\"height: 24.8px; text-align: center; width: 153.867px;\"><a href=\"mailto:contact@escrime-cde92.fr?subject=Message \u00e0 partir du site du CDE92\">Val\u00e9ry EICH-GOZZI<\/a><\/td>\n<td style=\"height: 24.8px; text-align: center; width: 171.217px;\"><a href=\"mailto:contact@escrime-cde92.fr?subject=Message \u00e0 partir du site du CDE92\" target=\"_blank\" rel=\"noopener\">Ariane DELAHAYE<\/a><\/td>\n<td style=\"height: 24.8px; text-align: center; width: 187.683px;\"><a href=\"mailto:contact@escrime-cde92.fr?subject=Message \u00e0 partir du site du CDE92\">Marc SANVOISIN<\/a><\/td>\n<\/tr>\n<\/tbody>\n<\/table>\n<table style=\"height: 101px;\" width=\"154\">\n<tbody>\n<tr>\n<td style=\"width: 144px; text-align: center;\"><a href=\"mailto:atd@escrime-cde92.fr?subject=Message \u00e0 partir du site du CDE92\">ASSISTANT TECHNIQUE DEPARTEMENTAL<\/a><\/td>\n<\/tr>\n<tr>\n<td style=\"width: 144px; text-align: center;\"><a href=\"https:\/\/www.escrime-cde92.fr\/wp-content\/uploads\/2017\/05\/CDEpourcaroussel.jpg\"><img loading=\"lazy\" decoding=\"async\" class=\"alignnone size-medium wp-image-1681\" src=\"https:\/\/www.escrime-cde92.fr\/wp-content\/uploads\/2017\/05\/CDEpourcaroussel-300x150.jpg\" alt=\"\" width=\"300\" height=\"150\" srcset=\"https:\/\/www.escrime-cde92.fr\/wp-content\/uploads\/2017\/05\/CDEpourcaroussel-300x150.jpg 300w, https:\/\/www.escrime-cde92.fr\/wp-content\/uploads\/2017\/05\/CDEpourcaroussel.jpg 400w\" sizes=\"auto, (max-width: 300px) 100vw, 300px\" \/><\/a><\/td>\n<\/tr>\n<tr>\n<td style=\"width: 144px; text-align: center;\"><a href=\"mailto:atd@escrime-cde92.fr?subject=Message \u00e0 partir du site du CDE92\">Ma\u00eetre Thomas MARTIN<\/a><\/td>\n<\/tr>\n<\/tbody>\n<\/table>\n<p>Notre ATD est assist\u00e9 de r\u00e9f\u00e9rents pour encadrer les arbitres en formation d\u00e9partementale lors des \u00e9preuves organis\u00e9es par le CDE92, notamment les EDJ et le championnat d\u00e9partemental.<\/p>\n<p>Ma\u00eetre Lucie BLAISON<\/p>\n","protected":false},"excerpt":{"rendered":"<p>PR\u00c9SIDENTE Pascale LEGINY SECR\u00c9TAIRE TR\u00c9SORIER TR\u00c9SORIERE ADJOINTE Sylvie DAUB James LEGINY Anne SARRABEZOLLES Val\u00e9ry EICH-GOZZI Ariane DELAHAYE Marc SANVOISIN ASSISTANT TECHNIQUE DEPARTEMENTAL Ma\u00eetre Thomas MARTIN Notre ATD est assist\u00e9 de r\u00e9f\u00e9rents pour encadrer les arbitres en formation d\u00e9partementale lors des \u00e9preuves organis\u00e9es par le CDE92, notamment les EDJ et le championnat d\u00e9partemental. Ma\u00eetre Lucie BLAISON<\/p>\n","protected":false},"author":1,"featured_media":0,"parent":0,"menu_order":0,"comment_status":"closed","ping_status":"closed","template":"","meta":{"footnotes":""},"categories":[24],"class_list":{"0":"post-12","1":"page","2":"type-page","3":"status-publish","5":"category-comite"},"_links":{"self":[{"href":"https:\/\/www.escrime-cde92.fr\/index.php?rest_route=\/wp\/v2\/pages\/12","targetHints":{"allow":["GET"]}}],"collection":[{"href":"https:\/\/www.escrime-cde92.fr\/index.php?rest_route=\/wp\/v2\/pages"}],"about":[{"href":"https:\/\/www.escrime-cde92.fr\/index.php?rest_route=\/wp\/v2\/types\/page"}],"author":[{"embeddable":true,"href":"https:\/\/www.escrime-cde92.fr\/index.php?rest_route=\/wp\/v2\/users\/1"}],"replies":[{"embeddable":true,"href":"https:\/\/www.escrime-cde92.fr\/index.php?rest_route=%2Fwp%2Fv2%2Fcomments&post=12"}],"version-history":[{"count":28,"href":"https:\/\/www.escrime-cde92.fr\/index.php?rest_route=\/wp\/v2\/pages\/12\/revisions"}],"predecessor-version":[{"id":3797,"href":"https:\/\/www.escrime-cde92.fr\/index.php?rest_route=\/wp\/v2\/pages\/12\/revisions\/3797"}],"wp:attachment":[{"href":"https:\/\/www.escrime-cde92.fr\/index.php?rest_route=%2Fwp%2Fv2%2Fmedia&parent=12"}],"wp:term":[{"taxonomy":"category","embeddable":true,"href":"https:\/\/www.escrime-cde92.fr\/index.php?rest_route=%2Fwp%2Fv2%2Fcategories&post=12"}],"curies":[{"name":"wp","href":"https:\/\/api.w.org\/{rel}","templated":true}]}}